{"id":100,"date":"2020-02-17T11:31:38","date_gmt":"2020-02-17T10:31:38","guid":{"rendered":"http:\/\/calculs.univ-cotedazur.fr\/?page_id=100"},"modified":"2026-04-30T16:25:36","modified_gmt":"2026-04-30T14:25:36","slug":"connexion","status":"publish","type":"page","link":"https:\/\/calculs.univ-cotedazur.fr\/?page_id=100","title":{"rendered":"Connexion et environnement de travail"},"content":{"rendered":"\n<div id=\"ez-toc-container\" class=\"ez-toc-v2_0_11 counter-hierarchy counter-decimal ez-toc-grey\">\n<nav><ul class=\"ez-toc-list ez-toc-list-level-1\"><li class=\"ez-toc-page-1 ez-toc-heading-level-3\"><a class=\"ez-toc-link ez-toc-heading-1\" href=\"https:\/\/calculs.univ-cotedazur.fr\/?page_id=100#Connexion_a_Azzurra\" title=\"Connexion \u00e0 Azzurra\">Connexion \u00e0 Azzurra<\/a><ul class=\"ez-toc-list-level-4\"><li class=\"ez-toc-heading-level-4\"><a class=\"ez-toc-link ez-toc-heading-2\" href=\"https:\/\/calculs.univ-cotedazur.fr\/?page_id=100#Depuis_votre_bureau,_sur_le_reseau_filaire_de_l%E2%80%99universite\" title=\"Depuis votre bureau, sur le r\u00e9seau filaire de l&rsquo;universit\u00e9\">Depuis votre bureau, sur le r\u00e9seau filaire de l&rsquo;universit\u00e9<\/a><\/li><li class=\"ez-toc-page-1 ez-toc-heading-level-4\"><a class=\"ez-toc-link ez-toc-heading-3\" href=\"https:\/\/calculs.univ-cotedazur.fr\/?page_id=100#Via_le_VPN\" title=\"Via le VPN\">Via le VPN<\/a><\/li><li class=\"ez-toc-page-1 ez-toc-heading-level-4\"><a class=\"ez-toc-link ez-toc-heading-4\" href=\"https:\/\/calculs.univ-cotedazur.fr\/?page_id=100#Depuis_un_autre_serveur\" title=\"Depuis un autre serveur\">Depuis un autre serveur<\/a><\/li><li class=\"ez-toc-page-1 ez-toc-heading-level-4\"><a class=\"ez-toc-link ez-toc-heading-5\" href=\"https:\/\/calculs.univ-cotedazur.fr\/?page_id=100#Via_un_bastion_SSH\" title=\"Via un bastion SSH\">Via un bastion SSH<\/a><\/li><\/ul><\/li><li class=\"ez-toc-page-1 ez-toc-heading-level-3\"><a class=\"ez-toc-link ez-toc-heading-6\" href=\"https:\/\/calculs.univ-cotedazur.fr\/?page_id=100#Environnement_de_travail\" title=\"Environnement de travail\">Environnement de travail<\/a><\/li><li class=\"ez-toc-page-1 ez-toc-heading-level-3\"><a class=\"ez-toc-link ez-toc-heading-7\" href=\"https:\/\/calculs.univ-cotedazur.fr\/?page_id=100#Transferer_des_fichiers_entre_Azzurra_et_votre_ordinateur_personnel_ou_un_serveur\" title=\"Transf\u00e9rer des fichiers entre Azzurra et votre ordinateur personnel ou un serveur\">Transf\u00e9rer des fichiers entre Azzurra et votre ordinateur personnel ou un serveur<\/a><ul class=\"ez-toc-list-level-4\"><li class=\"ez-toc-heading-level-4\"><a class=\"ez-toc-link ez-toc-heading-8\" href=\"https:\/\/calculs.univ-cotedazur.fr\/?page_id=100#Avec_FileZilla\" title=\"Avec FileZilla\">Avec FileZilla<\/a><\/li><li class=\"ez-toc-page-1 ez-toc-heading-level-4\"><a class=\"ez-toc-link ez-toc-heading-9\" href=\"https:\/\/calculs.univ-cotedazur.fr\/?page_id=100#Avec_rsync\" title=\"Avec rsync\">Avec rsync<\/a><\/li><\/ul><\/li><\/ul><\/nav><\/div>\n<h3><span class=\"ez-toc-section\" id=\"Connexion_a_Azzurra\"><\/span>Connexion \u00e0 Azzurra<span class=\"ez-toc-section-end\"><\/span><\/h3>\n\n\n\n<p>Les informations de connexion vous sont transmises par e-mail, \u00e0 l&rsquo;ouverture de votre compte.<\/p>\n\n\n\n<p><strong>Depuis f\u00e9vrier 2023, la connexion avec mot de passe est d\u00e9sactiv\u00e9e. Seules les cl\u00e9s SSH sont autoris\u00e9es.<\/strong> <\/p>\n\n\n\n<p class=\"has-vivid-red-color has-text-color\"><strong><a href=\"https:\/\/calculs.univ-cotedazur.fr\/?page_id=1668\" data-type=\"page\" data-id=\"1668\">CLIQUEZ ICI POUR TOUTES LES QUESTIONS SUR LES CL\u00c9S SSH<\/a><\/strong><\/p>\n\n\n\n<p>Vous pouvez vous connecter depuis votre bureau (si vous nous communiquez votre IP institutionnelle, pour les labos universitaires seulement) ou \u00e0 distance, en passant par un VPN sp\u00e9cifique qui vous est communiqu\u00e9 par e-mail avec vos identifiants de  connexion.  <\/p>\n\n\n\n<h4><span class=\"ez-toc-section\" id=\"Depuis_votre_bureau,_sur_le_reseau_filaire_de_l%E2%80%99universite\"><\/span>Depuis votre bureau, sur le r\u00e9seau filaire de l&rsquo;universit\u00e9<span class=\"ez-toc-section-end\"><\/span><\/h4>\n\n\n\n<p>Pour vous connecter, vous devez poss\u00e9der un client ssh sur votre machine :<\/p>\n\n\n\n<ul><li>Pour Windows, vous pouvez utiliser <a rel=\"noreferrer noopener\" aria-label=\"PuTTY  (s\u2019ouvre dans un nouvel onglet)\" href=\"http:\/\/www.chiark.greenend.org.uk\/~sgtatham\/putty\/download.html\" target=\"_blank\">PuTTY<\/a> et entrer comme hostname&nbsp;: <strong>login-hpc.univ-cotedazur.fr<\/strong> et comme port&nbsp;: <strong>22 <\/strong>(SSH). Puis, entrez vos identifiants re\u00e7us par e-mail dans le terminal qui se sera ouvert. <\/li><li>Pour Linux et Unix-like (MacOS), vous pouvez utiliser le client natif fourni avec l&rsquo;OS et utiliser la commande : <strong>ssh nom_utilisateur@login-hpc.univ-cotedazur.fr<\/strong> (identifiant re\u00e7u par e-mail).<\/li><\/ul>\n\n\n\n<h4><span class=\"ez-toc-section\" id=\"Via_le_VPN\"><\/span>Via le VPN<span class=\"ez-toc-section-end\"><\/span><\/h4>\n\n\n\n<p>Pour vous connecter \u00e0 Azzurra par VPN, vous devez obligatoirement utiliser Cisco Secure Client t\u00e9l\u00e9chargeable sur <a rel=\"noreferrer noopener\" href=\"https:\/\/open.unice.fr\/download\" target=\"_blank\">ce lien<\/a>. Vos identifiants VPN sont votre identifiant UniCA suivi de <strong>@hpc<\/strong> et votre mot de passe UniCA. Exemple d&rsquo;identifiant : toto@hpc<\/p>\n\n\n\n<p>Pour vous connecter au VPN, il faut entrer dans Cisco Secure Client&nbsp;: <strong>open.unice.fr<\/strong><\/p>\n\n\n\n<figure class=\"wp-block-image size-large\"><img loading=\"lazy\" width=\"517\" height=\"251\" src=\"https:\/\/calculs.univ-cotedazur.fr\/wp-content\/uploads\/2021\/01\/vpn1.png\" alt=\"\" class=\"wp-image-987\" srcset=\"https:\/\/calculs.univ-cotedazur.fr\/wp-content\/uploads\/2021\/01\/vpn1.png 517w, https:\/\/calculs.univ-cotedazur.fr\/wp-content\/uploads\/2021\/01\/vpn1-300x146.png 300w\" sizes=\"(max-width: 517px) 100vw, 517px\" \/><\/figure>\n\n\n\n<p>Puis, dans le champ \u00ab&nbsp;Username&nbsp;\u00bb, votre login de l\u2019universit\u00e9 suivi de <strong>@hpc<\/strong> et dans le champ Password votre mot de passe de l\u2019universit\u00e9&nbsp;:<\/p>\n\n\n\n<figure class=\"wp-block-image size-large\"><img loading=\"lazy\" width=\"427\" height=\"280\" src=\"https:\/\/calculs.univ-cotedazur.fr\/wp-content\/uploads\/2021\/01\/vpn2.png\" alt=\"\" class=\"wp-image-984\" srcset=\"https:\/\/calculs.univ-cotedazur.fr\/wp-content\/uploads\/2021\/01\/vpn2.png 427w, https:\/\/calculs.univ-cotedazur.fr\/wp-content\/uploads\/2021\/01\/vpn2-300x197.png 300w\" sizes=\"(max-width: 427px) 100vw, 427px\" \/><\/figure>\n\n\n\n<p><strong>Important <\/strong>: les identifiants pour vous connecter au VPN sont ceux de votre compte UniCA et non ceux de votre compte Azzurra.<\/p>\n\n\n\n<p>Une fois la connexion au VPN \u00e9tablie, ouvrez un terminal (si vous utilisez Mac ou Linux) et entrez&nbsp;:  <strong>ssh nom_utilisateur_azzurra@login-hpc.univ-cotedazur.fr<\/strong> (identifiant re\u00e7u par e-mail)<\/p>\n\n\n\n<p>Si vous \u00eates sous Windows, vous pouvez utiliser <a rel=\"noreferrer noopener\" aria-label=\"PuTTY  (s\u2019ouvre dans un nouvel onglet)\" href=\"https:\/\/www.chiark.greenend.org.uk\/~sgtatham\/putty\/latest.html\" target=\"_blank\">PuTTY<\/a> et entrer comme hostname&nbsp;: le nom de la machine re\u00e7u par e-mail et comme port&nbsp;: 22 (SSH). Puis, entrez l&rsquo;identifiant re\u00e7u par e-mail dans le terminal qui se sera ouvert.<\/p>\n\n\n\n<h4><span class=\"ez-toc-section\" id=\"Depuis_un_autre_serveur\"><\/span>Depuis un autre serveur<span class=\"ez-toc-section-end\"><\/span><\/h4>\n\n\n\n<p>La connexion \u00e0 Azzurra est possible depuis certains serveurs du r\u00e9seau Universit\u00e9 C\u00f4te d\u2019Azur (<a href=\"https:\/\/calculs.univ-cotedazur.fr\/?page_id=17\" data-type=\"page\" data-id=\"17\">sur demande<\/a>).<\/p>\n\n\n\n<p>Si vous travaillez sur un serveur et voulez vous connecter \u00e0 Azzurra depuis celui-ci : il est n\u00e9cessaire d&rsquo;utiliser un transfert d&rsquo;agent SSH. C&rsquo;est-\u00e0-dire ajouter l&rsquo;option -A lorsque vous vous connectez au premier serveur. Exemple :<\/p>\n\n\n\n<pre class=\"wp-block-verse\">ssh -A username@mon-serveur.univ-cotedazur.fr<\/pre>\n\n\n\n<p>Si vous \u00eates sous Windows, vous pouvez utiliser <a rel=\"noreferrer noopener\" href=\"https:\/\/www.chiark.greenend.org.uk\/~sgtatham\/putty\/latest.html\" target=\"_blank\">PuTTY<\/a> > SSH > Auth > Allow agent forwarding puis sauvegarder et ouvrir la session.<\/p>\n\n\n\n<h4><span class=\"ez-toc-section\" id=\"Via_un_bastion_SSH\"><\/span>Via un bastion SSH<span class=\"ez-toc-section-end\"><\/span><\/h4>\n\n\n\n<p>La connexion \u00e0 Azzurra est possible depuis certains bastions SSH (<a href=\"https:\/\/calculs.univ-cotedazur.fr\/?page_id=17\">sur demande<\/a>). <\/p>\n\n\n\n<p>Un bastion SSH est un serveur s\u00e9curis\u00e9 servant de point d&rsquo;entr\u00e9e pour acc\u00e9der, via un rebond, aux autres machines d&rsquo;un r\u00e9seau priv\u00e9 depuis l&rsquo;ext\u00e9rieur. Exemple :<\/p>\n\n\n\n<pre class=\"wp-block-verse\">ssh -J bastionxx.unice.fr username@login-hpc.univ-cotedazur.fr<\/pre>\n\n\n\n<h3><span class=\"ez-toc-section\" id=\"Environnement_de_travail\"><\/span>Environnement de travail<span class=\"ez-toc-section-end\"><\/span><\/h3>\n\n\n\n<p>Le cluster fonctionne actuellement sous Rocky 9.5. Vous pouvez consulter un guide des commandes Linux essentielles <a rel=\"noreferrer noopener\" aria-label=\"en cliquant ici (s\u2019ouvre dans un nouvel onglet)\" href=\"https:\/\/centoshelp.org\/resources\/commands\/linux-system-commands\/\" target=\"_blank\">en cliquant ici<\/a>.<\/p>\n\n\n\n<p>Chaque utilisateur dispose, en plus de son dossier dans \/home, de son propre workspace, accessible dans \/workspace\/$USER<\/p>\n\n\n\n<ul><li>\/<strong>home<\/strong>\/<strong>$USER<\/strong> : <strong>ne pas y stocker de fichier.<\/strong> <\/li><\/ul>\n\n\n\n<ul><li><strong>\/workspace\/$USER<\/strong> : stockez ici tous vos fichiers, ou dans le workspace partag\u00e9 de votre groupe (voir paragraphe suivant).<\/li><\/ul>\n\n\n\n<p>Les utilisateurs d&rsquo;un m\u00eame groupe disposent \u00e9galement d&rsquo;un dossier partag\u00e9 dans \/workspace\/nom_du_groupe. Pour voir le(s) groupe(s) auxquel(s) vous appartenez, utilisez la commande <strong>groups<\/strong>.<\/p>\n\n\n\n<p>Il n&rsquo;y a pas de limitation d\u00e9finie concernant le volume de donn\u00e9es que vous pouvez stocker sur le \/workspace. Cependant, les utilisateurs sont tenus de ne stocker que les fichiers utilis\u00e9s pour leurs calculs. Les fichiers qui ne servent plus doivent \u00eatre rapatri\u00e9s vers vos propres moyens de stockage.<\/p>\n\n\n\n<p><strong>Important : <\/strong>le centre de calculs n&rsquo;effectue aucune sauvegarde de vos donn\u00e9es.<\/p>\n\n\n\n<p>Pour \u00e9diter vos fichiers texte directement sur le cluster, deux outils sont \u00e0 votre disposition : <strong>nano <\/strong>et <strong>vim<\/strong>.<\/p>\n\n\n\n<h3><span class=\"ez-toc-section\" id=\"Transferer_des_fichiers_entre_Azzurra_et_votre_ordinateur_personnel_ou_un_serveur\"><\/span>Transf\u00e9rer des fichiers entre Azzurra et votre ordinateur personnel ou un serveur<span class=\"ez-toc-section-end\"><\/span><\/h3>\n\n\n\n<h4><span class=\"ez-toc-section\" id=\"Avec_FileZilla\"><\/span>Avec FileZilla<span class=\"ez-toc-section-end\"><\/span><\/h4>\n\n\n\n<p>Pour transf\u00e9rer des fichiers sur Azzurra depuis votre ordinateur personnel, vous pouvez utiliser FileZilla&nbsp;: <a rel=\"noreferrer noopener\" aria-label=\"https:\/\/filezilla-project.org\/download.php?type=client (s\u2019ouvre dans un nouvel onglet)\" href=\"https:\/\/filezilla-project.org\/download.php?type=client\" target=\"_blank\">https:\/\/filezilla-project.org\/download.php?type=client<\/a><\/p>\n\n\n\n<p>Une fois FileZilla install\u00e9, assurez-vous d&rsquo;\u00eatre connect\u00e9(e) \u00e0 un r\u00e9seau autoris\u00e9 (celui de votre bureau ou le VPN d\u00e9di\u00e9) et dans FileZilla remplissez les champs comme suit&nbsp;:<\/p>\n\n\n\n<pre class=\"wp-block-verse\"><strong>H\u00f4te&nbsp;<\/strong>: login-hpc.univ-cotedazur.fr\n<strong>Identifiant&nbsp;<\/strong>: votre nom d'utilisateur qui vous a \u00e9t\u00e9 transmis\n<strong>Port<\/strong>&nbsp;: 22 <\/pre>\n\n\n\n<p>Pour faire fonctionner sa cl\u00e9 SSH avec FileZilla sous Windows :<\/p>\n\n\n\n<p>1\/ Suivre cette proc\u00e9dure pour cr\u00e9er un fichier .ppk : <a href=\"https:\/\/www.simplified.guide\/putty\/convert-ssh-key-to-ppk\" target=\"_blank\" rel=\"noreferrer noopener\">https:\/\/www.simplified.guide\/putty\/convert-ssh-key-to-ppk<\/a><\/p>\n\n\n\n<p>2\/ Ouvrir FileZilla &gt; Fichier &gt; Gestionnaire de sites &gt; Nouveau site (vous pouvez le nommer \u00ab\u00a0Azzurra\u00a0\u00bb) &gt; Protocole : SFTP, H\u00f4te : login-hpc.univ-cotedazur.fr Port: 22, Type d&rsquo;authentification : fichier de clef, Utilisateur : votre nom d&rsquo;utilisateur sur Azzurra, Fichier de clef : le.ppk cr\u00e9\u00e9 \u00e0 l&rsquo;\u00e9tape 1.<\/p>\n\n\n\n<p>Ensuite vous pourrez vous connecter directement en cliquant sur la petite fl\u00e8che juste \u00e0 droite du bouton \u00ab\u00a0Ouvrir le gestionnaire de sites\u00a0\u00bb (tout en haut \u00e0 gauche, sous \u00ab\u00a0Fichier\u00a0\u00bb).<\/p>\n\n\n\n<h4><span class=\"ez-toc-section\" id=\"Avec_rsync\"><\/span>Avec rsync<span class=\"ez-toc-section-end\"><\/span><\/h4>\n\n\n\n<p>rsync est un outil en ligne de commande standard sous Linux. Il permet notamment la synchronisation incr\u00e9mentale, pratique pour le transfert de donn\u00e9es volumineuses, et utilise un protocole diff\u00e9rent de FTP\/SFTP. <a rel=\"noreferrer noopener\" aria-label=\"Voir plus d'informations sur ce lien. (s\u2019ouvre dans un nouvel onglet)\" href=\"http:\/\/www.delafond.org\/traducmanfr\/man\/man1\/rsync.1.html\" target=\"_blank\">Voir plus d&rsquo;informations sur ce lien.<\/a><\/p>\n\n\n\n<p>Voici un exemple d&rsquo;utilisation que vous pouvez lancer depuis un terminal sur votre ordinateur personnel pour transf\u00e9rer des donn\u00e9es vers le cluster :<\/p>\n\n\n\n<pre class=\"wp-block-verse\">rsync -a --progress chemin_sur_autre_machine\/ username@login-hpc.univ-cotedazur.fr:chemin_dossier_azzurra\/<\/pre>\n\n\n\n<p>Sur Azzurra, depuis la machine login-hpc, vous pouvez initier des transferts depuis Azzurra vers une autre machine et depuis une autre machine vers Azzurra. Il suffit d&rsquo;adapter la commande rsync qui est toujours de la forme rsync {SOURCE} {DESTINATION}. Vous pouvez donc transf\u00e9rer des donn\u00e9es depuis ou vers un serveur, <strong>sous r\u00e9serve que login-hpc.univ-cotedazur.fr ait \u00e9t\u00e9 autoris\u00e9e \u00e0 se connecter \u00e0 l&rsquo;autre serveur<\/strong> (\u00e0 demander \u00e0 l&rsquo;administrateur de l&rsquo;autre serveur). <\/p>\n\n\n\n<p>Exemple d&rsquo;un transfert depuis un serveur vers Azzurra. La commande doit \u00eatre <strong>initi\u00e9e sur login-hpc<\/strong> :<\/p>\n\n\n\n<pre class=\"wp-block-verse\">nohup rsync -avP -e \"ssh -o BatchMode=yes\" user@serveur.unice.fr:\/home\/user\/data \/workspace\/toto\/test &gt; \/workspace\/toto\/logtest.log 2&gt;&amp;1 &amp;<\/pre>\n\n\n\n<p>Ici, une personne est connect\u00e9e sur login-hpc (Azzurra) et lance un transfert depuis serveur.unice.fr o\u00f9 elle a le pseudonyme <em>user<\/em> du dossier (ou fichier) \/home\/user\/data sur serveur.unice.fr vers son dossier \/workspace\/toto\/test sur Azzurra. Les logs du transfert sont \u00e9crits dans \/workspace\/toto\/logtest.log (\u00e0 consulter pour voir si le transfert a r\u00e9ussi ou pas). La commande nohup permet de fermer la session utilisateur sur Azzurra sans crainte si le transfert est long, il continuera tout de m\u00eame.<\/p>\n","protected":false},"excerpt":{"rendered":"<p>Connexion \u00e0 Azzurra Les informations de connexion vous sont transmises par e-mail, \u00e0 l&rsquo;ouverture de votre compte. Depuis f\u00e9vrier 2023, la connexion avec mot de passe est d\u00e9sactiv\u00e9e. Seules les cl\u00e9s SSH sont autoris\u00e9es. CLIQUEZ ICI POUR TOUTES LES QUESTIONS &hellip; <\/p>\n","protected":false},"author":1,"featured_media":0,"parent":104,"menu_order":0,"comment_status":"closed","ping_status":"closed","template":"","meta":[],"_links":{"self":[{"href":"https:\/\/calculs.univ-cotedazur.fr\/index.php?rest_route=\/wp\/v2\/pages\/100"}],"collection":[{"href":"https:\/\/calculs.univ-cotedazur.fr\/index.php?rest_route=\/wp\/v2\/pages"}],"about":[{"href":"https:\/\/calculs.univ-cotedazur.fr\/index.php?rest_route=\/wp\/v2\/types\/page"}],"author":[{"embeddable":true,"href":"https:\/\/calculs.univ-cotedazur.fr\/index.php?rest_route=\/wp\/v2\/users\/1"}],"replies":[{"embeddable":true,"href":"https:\/\/calculs.univ-cotedazur.fr\/index.php?rest_route=%2Fwp%2Fv2%2Fcomments&post=100"}],"version-history":[{"count":70,"href":"https:\/\/calculs.univ-cotedazur.fr\/index.php?rest_route=\/wp\/v2\/pages\/100\/revisions"}],"predecessor-version":[{"id":3357,"href":"https:\/\/calculs.univ-cotedazur.fr\/index.php?rest_route=\/wp\/v2\/pages\/100\/revisions\/3357"}],"up":[{"embeddable":true,"href":"https:\/\/calculs.univ-cotedazur.fr\/index.php?rest_route=\/wp\/v2\/pages\/104"}],"wp:attachment":[{"href":"https:\/\/calculs.univ-cotedazur.fr\/index.php?rest_route=%2Fwp%2Fv2%2Fmedia&parent=100"}],"curies":[{"name":"wp","href":"https:\/\/api.w.org\/{rel}","templated":true}]}}