{"id":1030,"date":"2021-02-02T17:19:46","date_gmt":"2021-02-02T16:19:46","guid":{"rendered":"http:\/\/calculs.univ-cotedazur.fr\/?page_id=1030"},"modified":"2025-04-16T15:04:12","modified_gmt":"2025-04-16T13:04:12","slug":"demande-de-ressources-sur-azzurra","status":"publish","type":"page","link":"https:\/\/calculs.univ-cotedazur.fr\/?page_id=1030","title":{"rendered":"Demande de ressources sur Azzurra"},"content":{"rendered":"\n<p><strong>Azzurra est ouverte \u00e0 toutes les entit\u00e9s d&rsquo;Universit\u00e9 C\u00f4te d&rsquo;Azur (y compris donc INRIA et OCA).<\/strong><\/p>\n\n\n\n<p>L\u2019acc\u00e8s au cluster est donn\u00e9 apr\u00e8s validation du comit\u00e9 scientifique.<\/p>\n\n\n\n<p>L\u2019acc\u00e8s est gratuit, valable un an et renouvelable apr\u00e8s examen d\u2019un <a href=\"https:\/\/calculs.univ-cotedazur.fr\/?page_id=1056\" data-type=\"page\" data-id=\"1056\" target=\"_blank\" rel=\"noreferrer noopener\">rapport d\u2019activit\u00e9 qui devra \u00eatre transmis chaque ann\u00e9e<\/a>.<\/p>\n\n\n\n<p>Seuls les activit\u00e9s de recherche et les projets Initiative d\u2019Excellence d\u2019Universit\u00e9 C\u00f4te d\u2019Azur peuvent \u00eatre accept\u00e9s. La soumission d\u2019un projet de recherche doit \u00eatre port\u00e9e par un <strong>chercheur permanent<\/strong>. <\/p>\n\n\n\n<p>Les r\u00e9sultats des exp\u00e9riences effectu\u00e9es sur le cluster devront \u00eatre publi\u00e9s. Toute publication utilisant des r\u00e9sultats obtenus gr\u00e2ce aux moyens informatiques attribu\u00e9s doit faire r\u00e9f\u00e9rence \u00e0 l&rsquo;Initiative d\u2019Excellence d\u2019Universit\u00e9 C\u00f4te d\u2019Azur, OPAL et au centre de calculs d\u2019Universit\u00e9 C\u00f4te d\u2019Azur (<a rel=\"noreferrer noopener\" href=\"https:\/\/calculs.univ-cotedazur.fr\/?page_id=87\" data-type=\"page\" data-id=\"87\" target=\"_blank\">voir Citation<\/a>).<\/p>\n\n\n\n<p>Si vous estimez que votre projet n\u00e9cessitera plus de 500 000 heures de calcul par an, nous vous conseillons de vous tourner vers le centre national de&nbsp;<a rel=\"noreferrer noopener\" href=\"http:\/\/www.genci.fr\/fr\" target=\"_blank\">GENCI<\/a>, dont&nbsp;<a href=\"http:\/\/calculs.univ-cotedazur.fr\/wp-content\/uploads\/2020\/02\/Presentation-GENCI-INRIA-SOPHIA.pptx\">une pr\u00e9sentation peut \u00eatre consult\u00e9e ici<\/a>.<\/p>\n\n\n\n<p>Pour les personnels Universit\u00e9 C\u00f4te d&rsquo;Azur, la validation de votre demande vous accordera \u00e9galement l&rsquo;accr\u00e9ditation OPAL pour un an (renouvelable), vous permettant ainsi de demander des heures de calcul sur les autres m\u00e9socentres (voir leur liste <a rel=\"noreferrer noopener\" href=\"https:\/\/univ-cotedazur.eu\/services-for-research-scientists\/opal-computing-center\" target=\"_blank\">ici<\/a>).<\/p>\n\n\n\n<p>Les mentions d&rsquo;information peuvent \u00eatre consult\u00e9es <a rel=\"noreferrer noopener\" href=\"https:\/\/calculs.univ-cotedazur.fr\/?page_id=612\" target=\"_blank\">en cliquant ici<\/a>.<\/p>\n\n\n\n<h3>Soumettre votre candidature<\/h3>\n\n\n<div class=\"wpforms-container wpforms-container-full\" id=\"wpforms-1028\"><form id=\"wpforms-form-1028\" class=\"wpforms-validate wpforms-form wpforms-ajax-form\" data-formid=\"1028\" method=\"post\" enctype=\"multipart\/form-data\" action=\"\/index.php?rest_route=%2Fwp%2Fv2%2Fpages%2F1030&#038;wpforms_form_id=1028\" data-token=\"1fc277631fc5f211d449e681a863094e\"><noscript class=\"wpforms-error-noscript\">Veuillez activer JavaScript dans votre navigateur pour remplir ce formulaire.<\/noscript><div class=\"wpforms-field-container\"><div id=\"wpforms-1028-field_4-container\" class=\"wpforms-field wpforms-field-radio wpforms-list-inline\" data-field-id=\"4\"><label class=\"wpforms-field-label\" for=\"wpforms-1028-field_4\">Quel est le type de votre projet ? <span class=\"wpforms-required-label\">*<\/span><\/label><ul id=\"wpforms-1028-field_4\" class=\"wpforms-field-required\"><li class=\"choice-1 depth-1\"><input type=\"radio\" id=\"wpforms-1028-field_4_1\" name=\"wpforms[fields][4]\" value=\"Projet de recherche\" required ><label class=\"wpforms-field-label-inline\" for=\"wpforms-1028-field_4_1\">Projet de recherche<\/label><\/li><li class=\"choice-2 depth-1\"><input type=\"radio\" id=\"wpforms-1028-field_4_2\" name=\"wpforms[fields][4]\" value=\"Projet IDEX\" required ><label class=\"wpforms-field-label-inline\" for=\"wpforms-1028-field_4_2\">Projet IDEX<\/label><\/li><\/ul><\/div><div id=\"wpforms-1028-field_6-container\" class=\"wpforms-field wpforms-field-text\" data-field-id=\"6\"><label class=\"wpforms-field-label\" for=\"wpforms-1028-field_6\">Titre du projet <span class=\"wpforms-required-label\">*<\/span><\/label><input type=\"text\" id=\"wpforms-1028-field_6\" class=\"wpforms-field-medium wpforms-field-required\" name=\"wpforms[fields][6]\" required><\/div><div id=\"wpforms-1028-field_7-container\" class=\"wpforms-field wpforms-field-text\" data-field-id=\"7\"><label class=\"wpforms-field-label\" for=\"wpforms-1028-field_7\">Laboratoire <span class=\"wpforms-required-label\">*<\/span><\/label><input type=\"text\" id=\"wpforms-1028-field_7\" class=\"wpforms-field-medium wpforms-field-required\" name=\"wpforms[fields][7]\" required><\/div><div id=\"wpforms-1028-field_1-container\" class=\"wpforms-field wpforms-field-name\" data-field-id=\"1\"><label class=\"wpforms-field-label\" for=\"wpforms-1028-field_1\">Responsable scientifique du projet <span class=\"wpforms-required-label\">*<\/span><\/label><div class=\"wpforms-field-row wpforms-field-medium\"><div class=\"wpforms-field-row-block wpforms-first wpforms-one-half\"><input type=\"text\" id=\"wpforms-1028-field_1\" class=\"wpforms-field-name-first wpforms-field-required\" name=\"wpforms[fields][1][first]\" required><label for=\"wpforms-1028-field_1\" class=\"wpforms-field-sublabel after \">Pr\u00e9nom<\/label><\/div><div class=\"wpforms-field-row-block wpforms-one-half\"><input type=\"text\" id=\"wpforms-1028-field_1-last\" class=\"wpforms-field-name-last wpforms-field-required\" name=\"wpforms[fields][1][last]\" required><label for=\"wpforms-1028-field_1-last\" class=\"wpforms-field-sublabel after \">Nom<\/label><\/div><\/div><\/div><div id=\"wpforms-1028-field_8-container\" class=\"wpforms-field wpforms-field-text\" data-field-id=\"8\"><label class=\"wpforms-field-label\" for=\"wpforms-1028-field_8\">Titre et fonction<\/label><input type=\"text\" id=\"wpforms-1028-field_8\" class=\"wpforms-field-medium\" name=\"wpforms[fields][8]\" ><\/div><div id=\"wpforms-1028-field_2-container\" class=\"wpforms-field wpforms-field-email\" data-field-id=\"2\"><label class=\"wpforms-field-label\" for=\"wpforms-1028-field_2\">E-mail <span class=\"wpforms-required-label\">*<\/span><\/label><input type=\"email\" id=\"wpforms-1028-field_2\" class=\"wpforms-field-medium wpforms-field-required\" name=\"wpforms[fields][2]\" required><\/div><div id=\"wpforms-1028-field_11-container\" class=\"wpforms-field wpforms-field-text\" data-field-id=\"11\"><label class=\"wpforms-field-label\" for=\"wpforms-1028-field_11\">T\u00e9l\u00e9phone<\/label><input type=\"text\" id=\"wpforms-1028-field_11\" class=\"wpforms-field-medium\" name=\"wpforms[fields][11]\" ><\/div><div id=\"wpforms-1028-field_10-container\" class=\"wpforms-field wpforms-field-checkbox\" data-field-id=\"10\"><label class=\"wpforms-field-label wpforms-label-hide\" for=\"wpforms-1028-field_10\">Accr\u00e9ditation OPAL<\/label><ul id=\"wpforms-1028-field_10\"><li class=\"choice-1 depth-1\"><input type=\"checkbox\" id=\"wpforms-1028-field_10_1\" name=\"wpforms[fields][10][]\" value=\"Je suis un personnel OCA ou INRIA ou Mines d\u00e9j\u00e0 accr\u00e9dit\u00e9(e) OPAL par ma structure\"  ><label class=\"wpforms-field-label-inline\" for=\"wpforms-1028-field_10_1\">Je suis un personnel OCA ou INRIA ou Mines d\u00e9j\u00e0 accr\u00e9dit\u00e9(e) OPAL par ma structure<\/label><\/li><\/ul><\/div><div id=\"wpforms-1028-field_9-container\" class=\"wpforms-field wpforms-field-checkbox wpforms-list-inline\" data-field-id=\"9\"><label class=\"wpforms-field-label\" for=\"wpforms-1028-field_9\">Etes-vous int\u00e9ress\u00e9(e) par l&#039;utilisation des machines suivantes :<\/label><ul id=\"wpforms-1028-field_9\"><li class=\"choice-1 depth-1\"><input type=\"checkbox\" id=\"wpforms-1028-field_9_1\" name=\"wpforms[fields][9][]\" value=\"GPU\"  ><label class=\"wpforms-field-label-inline\" for=\"wpforms-1028-field_9_1\">GPU<\/label><\/li><li class=\"choice-2 depth-1\"><input type=\"checkbox\" id=\"wpforms-1028-field_9_2\" name=\"wpforms[fields][9][]\" value=\"SMP\"  ><label class=\"wpforms-field-label-inline\" for=\"wpforms-1028-field_9_2\">SMP<\/label><\/li><\/ul><\/div><div id=\"wpforms-1028-field_13-container\" class=\"wpforms-field wpforms-field-email\" data-field-id=\"13\"><label class=\"wpforms-field-label\" for=\"wpforms-1028-field_13\">E-mail du correspondant technique<\/label><input type=\"email\" id=\"wpforms-1028-field_13\" class=\"wpforms-field-medium\" name=\"wpforms[fields][13]\" ><div class=\"wpforms-field-description\">En charge de la gestion des machines, du r\u00e9seau, de la s\u00e9curit\u00e9 ou pour suppl\u00e9er le\r\nresponsable du projet pour les op\u00e9rations li\u00e9es \u00e0 la gestion des comptes au sein de votre\r\nlaboratoire.<\/div><\/div><div id=\"wpforms-1028-field_14-container\" class=\"wpforms-field wpforms-field-textarea\" data-field-id=\"14\"><label class=\"wpforms-field-label\" for=\"wpforms-1028-field_14\">Laboratoire \/ Etablissement <span class=\"wpforms-required-label\">*<\/span><\/label><textarea id=\"wpforms-1028-field_14\" class=\"wpforms-field-small wpforms-field-required\" name=\"wpforms[fields][14]\" required><\/textarea><div class=\"wpforms-field-description\">Veuillez indiquer le nom du directeur du laboratoire, l'adresse et le type du laboratoire (code de l'unit\u00e9, \u00e9quipe ou entit\u00e9 de rattachement).<\/div><\/div><div id=\"wpforms-1028-field_15-container\" class=\"wpforms-field wpforms-field-textarea\" data-field-id=\"15\"><label class=\"wpforms-field-label\" for=\"wpforms-1028-field_15\">Donner la description scientifique du projet ou uploader un fichier descriptif (.pdf - 10 Mo maximum) <span class=\"wpforms-required-label\">*<\/span><\/label><textarea id=\"wpforms-1028-field_15\" class=\"wpforms-field-large wpforms-field-required\" name=\"wpforms[fields][15]\" required>Cf. pi\u00e8ce jointe<\/textarea><div class=\"wpforms-field-description\">Au moins une demi-page de pr\u00e9sentation svp. Ces informations pourront \u00eatre utilis\u00e9es dans le rapport annuel du cluster, ne pas inclure d'informations confidentielles.<\/div><\/div><div id=\"wpforms-1028-field_32-container\" class=\"wpforms-field wpforms-field-file-upload\" data-field-id=\"32\"><label class=\"wpforms-field-label wpforms-label-hide\" for=\"wpforms-1028-field_32\">Uploader un fichier de description scientifique du projet (.pdf - 10 Mo maximum)<\/label><div class=\"wpforms-uploader\"\n\tdata-field-id=\"32\"\n\tdata-form-id=\"1028\"\n\tdata-input-name=\"wpforms_1028_32\"\n\tdata-extensions=\"pdf\"\n\tdata-max-size=\"10485760\"\n\tdata-max-file-number=\"1\"\n\tdata-post-max-size=\"209715200\"\n    data-max-parallel-uploads=\"4\"\n    data-parallel-uploads=\"true\"\n\tdata-file-chunk-size=\"2097152\">\n\t<div class=\"dz-message\">\n\t\t<svg viewBox=\"0 0 1024 1024\" focusable=\"false\" class=\"\" data-icon=\"inbox\" width=\"50px\" height=\"50px\" fill=\"#B1B1B1\" aria-hidden=\"true\"><path d=\"M885.2 446.3l-.2-.8-112.2-285.1c-5-16.1-19.9-27.2-36.8-27.2H281.2c-17 0-32.1 11.3-36.9 27.6L139.4 443l-.3.7-.2.8c-1.3 4.9-1.7 9.9-1 14.8-.1 1.6-.2 3.2-.2 4.8V830a60.9 60.9 0 0 0 60.8 60.8h627.2c33.5 0 60.8-27.3 60.9-60.8V464.1c0-1.3 0-2.6-.1-3.7.4-4.9 0-9.6-1.3-14.1zm-295.8-43l-.3 15.7c-.8 44.9-31.8 75.1-77.1 75.1-22.1 0-41.1-7.1-54.8-20.6S436 441.2 435.6 419l-.3-15.7H229.5L309 210h399.2l81.7 193.3H589.4zm-375 76.8h157.3c24.3 57.1 76 90.8 140.4 90.8 33.7 0 65-9.4 90.3-27.2 22.2-15.6 39.5-37.4 50.7-63.6h156.5V814H214.4V480.1z\"><\/path><\/svg>\n\t\t<span class=\"modern-title\">\n\t\t\tCliquez ou d\u00e9placez un fichier dans cette zone pour le t\u00e9l\u00e9verser.\t\t<\/span>\n\n\t\t\t<\/div>\n<\/div>\n<input type=\"text\" class=\"dropzone-input\"\n\tstyle=\"position:absolute!important;clip:rect(0,0,0,0)!important;height:1px!important;width:1px!important;border:0!important;overflow:hidden!important;padding:0!important;margin:0!important;\"\n\tid=\"wpforms-1028-field_32\"\n\tname=\"wpforms_1028_32\" >\n<\/div><div id=\"wpforms-1028-field_16-container\" class=\"wpforms-field wpforms-field-textarea\" data-field-id=\"16\"><label class=\"wpforms-field-label\" for=\"wpforms-1028-field_16\">Soutiens au projet<\/label><textarea id=\"wpforms-1028-field_16\" class=\"wpforms-field-small\" name=\"wpforms[fields][16]\" ><\/textarea><div class=\"wpforms-field-description\">Si le projet re\u00e7oit des soutiens (ANR, p\u00f4le de comp\u00e9titivit\u00e9, contrat industriel, europ\u00e9en ou\r\nautre), indiquez les ici en pr\u00e9cisant la dur\u00e9e et le montant total du financement. Si vous travaillez avec un partenaire industriel, merci de mentionner son nom.<\/div><\/div><div id=\"wpforms-1028-field_17-container\" class=\"wpforms-field wpforms-field-textarea\" data-field-id=\"17\"><label class=\"wpforms-field-label\" for=\"wpforms-1028-field_17\">Equipe du projet <span class=\"wpforms-required-label\">*<\/span><\/label><textarea id=\"wpforms-1028-field_17\" class=\"wpforms-field-small wpforms-field-required\" name=\"wpforms[fields][17]\" required><\/textarea><div class=\"wpforms-field-description\">Indiquez les moyens humains (nombre et si possible nom et qualit\u00e9) que le laboratoire\r\npr\u00e9voit d\u2019affecter \u00e0 la r\u00e9alisation du projet.<\/div><\/div><div id=\"wpforms-1028-field_20-container\" class=\"wpforms-field wpforms-field-number\" data-field-id=\"20\"><label class=\"wpforms-field-label\" for=\"wpforms-1028-field_20\">Volume d&#039;heures de calcul demand\u00e9  <span class=\"wpforms-required-label\">*<\/span><\/label><input type=\"number\" pattern=\"\\d*\" id=\"wpforms-1028-field_20\" class=\"wpforms-field-medium wpforms-field-required\" name=\"wpforms[fields][20]\" required><div class=\"wpforms-field-description\">Un quota d'heures sur le cluster vous sera\r\nattribu\u00e9 pour un an, renouvelable sur demande (incluant un rapport d\u2019activit\u00e9 et donnant lieu\r\n\u00e0 une nouvelle expertise). Pour les demandes sup\u00e9rieures \u00e0 500.000 heures, une expertise technique pr\u00e9alable de\r\nvotre projet sera effectu\u00e9e par notre \u00e9quipe.\r\n<\/div><\/div><div id=\"wpforms-1028-field_22-container\" class=\"wpforms-field wpforms-field-textarea\" data-field-id=\"22\"><label class=\"wpforms-field-label\" for=\"wpforms-1028-field_22\">Profil du job <span class=\"wpforms-required-label\">*<\/span><\/label><textarea id=\"wpforms-1028-field_22\" class=\"wpforms-field-small wpforms-field-required\" name=\"wpforms[fields][22]\" required><\/textarea><div class=\"wpforms-field-description\">Dur\u00e9e du job (heures), nombre de c\u0153urs, m\u00e9moire maximum consomm\u00e9e. Si GPU : nombres de cartes GPU. <\/div><\/div><div id=\"wpforms-1028-field_23-container\" class=\"wpforms-field wpforms-field-checkbox\" data-field-id=\"23\"><label class=\"wpforms-field-label wpforms-label-hide\" for=\"wpforms-1028-field_23\">Checkpoints<\/label><ul id=\"wpforms-1028-field_23\"><li class=\"choice-1 depth-1\"><input type=\"checkbox\" id=\"wpforms-1028-field_23_1\" name=\"wpforms[fields][23][]\" value=\"Utilisation d\u2019une technique de points de reprise (checkpoints) dans le code \"  ><label class=\"wpforms-field-label-inline\" for=\"wpforms-1028-field_23_1\">Utilisation d\u2019une technique de points de reprise (checkpoints) dans le code <\/label><\/li><\/ul><div class=\"wpforms-field-description\">Il est fortement recommand\u00e9 d\u2019ajouter des checkpoints dans le code des\r\njobs (en particulier les jobs longs) car ils seront automatiquement arr\u00eat\u00e9s par le\r\ngestionnaire de ressources une fois le walltime atteint.<\/div><\/div><div id=\"wpforms-1028-field_21-container\" class=\"wpforms-field wpforms-field-textarea\" data-field-id=\"21\"><label class=\"wpforms-field-label\" for=\"wpforms-1028-field_21\">Indiquez si votre code a d\u00e9j\u00e0 tourn\u00e9 sur une autre plateforme de calculs ou si d&#039;autres moyens informatiques r\u00e9gionaux ou nationaux compl\u00e9mentaires sont utilis\u00e9s pour mener \u00e0 bien le projet <\/label><textarea id=\"wpforms-1028-field_21\" class=\"wpforms-field-small\" name=\"wpforms[fields][21]\" ><\/textarea><\/div><div id=\"wpforms-1028-field_24-container\" class=\"wpforms-field wpforms-field-textarea\" data-field-id=\"24\"><label class=\"wpforms-field-label\" for=\"wpforms-1028-field_24\">De quelles applications, logiciels, langages de programmation ou biblioth\u00e8ques avez-vous besoin pour lancer vos jobs ? <span class=\"wpforms-required-label\">*<\/span><\/label><textarea id=\"wpforms-1028-field_24\" class=\"wpforms-field-small wpforms-field-required\" name=\"wpforms[fields][24]\" required><\/textarea><div class=\"wpforms-field-description\">Merci de pr\u00e9ciser toute information utile : le num\u00e9ro de version minimale support\u00e9e, les options voulues \u00e0 la compilation, un lien pour t\u00e9l\u00e9charger le logiciel, ...<\/div><\/div><div id=\"wpforms-1028-field_25-container\" class=\"wpforms-field wpforms-field-text\" data-field-id=\"25\"><label class=\"wpforms-field-label\" for=\"wpforms-1028-field_25\">Quelle est l\u2019estimation du volume total de donn\u00e9es g\u00e9n\u00e9r\u00e9es par le projet ?<\/label><input type=\"text\" id=\"wpforms-1028-field_25\" class=\"wpforms-field-medium\" name=\"wpforms[fields][25]\" ><div class=\"wpforms-field-description\">Attention : le centre n'effectue ni sauvegarde ni archivage de vos donn\u00e9es.\r\n<\/div><\/div><div id=\"wpforms-1028-field_26-container\" class=\"wpforms-field wpforms-field-radio wpforms-list-inline wpforms-conditional-trigger\" data-field-id=\"26\"><label class=\"wpforms-field-label\" for=\"wpforms-1028-field_26\">Si votre projet int\u00e8gre un traitement de donn\u00e9es \u00e0 caract\u00e8re personnel, celui-ci doit faire l&#039;objet d&#039;une d\u00e9marche pr\u00e9alable de documentation en conformit\u00e9 aupr\u00e8s du DPO de votre structure. Les donn\u00e9es sensibles incluent : Origine raciale ou ethnique, Opinion politique, convictions philosophiques ou religieuses, Appartenance syndicale, Donn\u00e9es g\u00e9n\u00e9tiques, Donn\u00e9es biom\u00e9triques \u00e0 des fins d\u2019identification unique, Donn\u00e9es concernant la sant\u00e9, Donn\u00e9es concernant les orientations ou la vie sexuelle, Condamnations p\u00e9nales et infractions, NIR \/ n\u00b0INSEE. Votre projet traite-t-il des donn\u00e9es sensibles ? <span class=\"wpforms-required-label\">*<\/span><\/label><ul id=\"wpforms-1028-field_26\" class=\"wpforms-field-required\"><li class=\"choice-1 depth-1\"><input type=\"radio\" id=\"wpforms-1028-field_26_1\" name=\"wpforms[fields][26]\" value=\"Oui\" required ><label class=\"wpforms-field-label-inline\" for=\"wpforms-1028-field_26_1\">Oui<\/label><\/li><li class=\"choice-2 depth-1\"><input type=\"radio\" id=\"wpforms-1028-field_26_2\" name=\"wpforms[fields][26]\" value=\"Non\" required ><label class=\"wpforms-field-label-inline\" for=\"wpforms-1028-field_26_2\">Non<\/label><\/li><\/ul><\/div><div id=\"wpforms-1028-field_27-container\" class=\"wpforms-field wpforms-field-textarea wpforms-conditional-field wpforms-conditional-show\" data-field-id=\"27\" style=\"display:none;\"><label class=\"wpforms-field-label\" for=\"wpforms-1028-field_27\">Si oui, quelles d\u00e9marches avez-vous effectu\u00e9es pour anonymiser ou pseudonymiser ces donn\u00e9es ? <span class=\"wpforms-required-label\">*<\/span><\/label><textarea id=\"wpforms-1028-field_27\" class=\"wpforms-field-small wpforms-field-required\" name=\"wpforms[fields][27]\" required><\/textarea><\/div><div id=\"wpforms-1028-field_28-container\" class=\"wpforms-field wpforms-field-textarea\" data-field-id=\"28\"><label class=\"wpforms-field-label\" for=\"wpforms-1028-field_28\">Comptes utilisateurs demand\u00e9s <span class=\"wpforms-required-label\">*<\/span><\/label><textarea id=\"wpforms-1028-field_28\" class=\"wpforms-field-medium wpforms-field-required\" name=\"wpforms[fields][28]\" required><\/textarea><div class=\"wpforms-field-description\">Pour chaque personne, indiquez : nom, pr\u00e9nom, e-mail et pr\u00e9cisez son entit\u00e9 \/ laboratoire \/ entreprise<\/div><\/div><\/div><div class=\"wpforms-recaptcha-container wpforms-is-recaptcha\" ><div class=\"g-recaptcha\" data-sitekey=\"6LcBHUcaAAAAAP1g6GSm14ovGrjrUlYhvKtvs3Uw\"><\/div><input type=\"text\" name=\"g-recaptcha-hidden\" class=\"wpforms-recaptcha-hidden\" style=\"position:absolute!important;clip:rect(0,0,0,0)!important;height:1px!important;width:1px!important;border:0!important;overflow:hidden!important;padding:0!important;margin:0!important;\" required><\/div><div class=\"wpforms-submit-container\" ><input type=\"hidden\" name=\"wpforms[id]\" value=\"1028\"><input type=\"hidden\" name=\"wpforms[author]\" value=\"3\"><button type=\"submit\" name=\"wpforms[submit]\" class=\"wpforms-submit \" id=\"wpforms-submit-1028\" value=\"wpforms-submit\" aria-live=\"assertive\" data-alt-text=\"Envoi...\" data-submit-text=\"Envoyer\">Envoyer<\/button><img src=\"https:\/\/calculs.univ-cotedazur.fr\/wp-content\/plugins\/wpforms\/assets\/images\/submit-spin.svg\" class=\"wpforms-submit-spinner\" style=\"display: none;\" width=\"26\" height=\"26\" alt=\"\"><\/div><\/form><\/div>  <!-- .wpforms-container -->","protected":false},"excerpt":{"rendered":"<p>Azzurra est ouverte \u00e0 toutes les entit\u00e9s d&rsquo;Universit\u00e9 C\u00f4te d&rsquo;Azur (y compris donc INRIA et OCA). L\u2019acc\u00e8s au cluster est donn\u00e9 apr\u00e8s validation du comit\u00e9 scientifique. L\u2019acc\u00e8s est gratuit, valable un an et renouvelable apr\u00e8s examen d\u2019un rapport d\u2019activit\u00e9 qui &hellip; <\/p>\n","protected":false},"author":3,"featured_media":0,"parent":15,"menu_order":0,"comment_status":"closed","ping_status":"closed","template":"","meta":[],"_links":{"self":[{"href":"https:\/\/calculs.univ-cotedazur.fr\/index.php?rest_route=\/wp\/v2\/pages\/1030"}],"collection":[{"href":"https:\/\/calculs.univ-cotedazur.fr\/index.php?rest_route=\/wp\/v2\/pages"}],"about":[{"href":"https:\/\/calculs.univ-cotedazur.fr\/index.php?rest_route=\/wp\/v2\/types\/page"}],"author":[{"embeddable":true,"href":"https:\/\/calculs.univ-cotedazur.fr\/index.php?rest_route=\/wp\/v2\/users\/3"}],"replies":[{"embeddable":true,"href":"https:\/\/calculs.univ-cotedazur.fr\/index.php?rest_route=%2Fwp%2Fv2%2Fcomments&post=1030"}],"version-history":[{"count":14,"href":"https:\/\/calculs.univ-cotedazur.fr\/index.php?rest_route=\/wp\/v2\/pages\/1030\/revisions"}],"predecessor-version":[{"id":2975,"href":"https:\/\/calculs.univ-cotedazur.fr\/index.php?rest_route=\/wp\/v2\/pages\/1030\/revisions\/2975"}],"up":[{"embeddable":true,"href":"https:\/\/calculs.univ-cotedazur.fr\/index.php?rest_route=\/wp\/v2\/pages\/15"}],"wp:attachment":[{"href":"https:\/\/calculs.univ-cotedazur.fr\/index.php?rest_route=%2Fwp%2Fv2%2Fmedia&parent=1030"}],"curies":[{"name":"wp","href":"https:\/\/api.w.org\/{rel}","templated":true}]}}