{"id":1039,"date":"2021-02-03T10:35:50","date_gmt":"2021-02-03T09:35:50","guid":{"rendered":"http:\/\/calculs.univ-cotedazur.fr\/?page_id=1039"},"modified":"2025-04-16T15:05:37","modified_gmt":"2025-04-16T13:05:37","slug":"demande-de-ressources-sur-un-autre-cluster-opal","status":"publish","type":"page","link":"https:\/\/calculs.univ-cotedazur.fr\/?page_id=1039","title":{"rendered":"Accr\u00e9ditation sur un autre cluster OPAL"},"content":{"rendered":"\n<p><strong>Les personnels Universit\u00e9 C\u00f4te d\u2019Azur<\/strong> <strong>disposant d\u00e9j\u00e0 d&rsquo;un compte sur Azzurra pour un projet en cours de validit\u00e9 sont automatiquement accr\u00e9dit\u00e9s OPAL et il n&rsquo;est donc pas n\u00e9cessaire pour eux de remplir ce formulaire.<\/strong><\/p>\n\n\n\n<p>Si vous \u00eates un personnel Universit\u00e9 C\u00f4te d\u2019Azur sans compte sur Azzurra et souhaitez calculer sur un autre cluster OPAL (voir liste <a rel=\"noreferrer noopener\" href=\"https:\/\/univ-cotedazur.eu\/services-for-research-scientists\/opal-computing-center\" target=\"_blank\">ici<\/a>), veuillez remplir le formulaire ci-dessous afin de nous soumettre votre demande d&rsquo;accr\u00e9ditation OPAL. <\/p>\n\n\n\n<p>Si votre demande est accept\u00e9e, vous serez accr\u00e9dit\u00e9(e) OPAL et pourrez donc soumettre une demande d&rsquo;acc\u00e8s aupr\u00e8s du cluster de votre choix.<\/p>\n\n\n\n<p>L&rsquo;accr\u00e9ditation est valable un an et renouvelable apr\u00e8s <a href=\"https:\/\/calculs.univ-cotedazur.fr\/?page_id=1056\" data-type=\"page\" data-id=\"1056\" target=\"_blank\" rel=\"noreferrer noopener\">envoi d&rsquo;un rapport des publications de l&rsquo;ann\u00e9e \u00e9coul\u00e9e<\/a>.<\/p>\n\n\n\n<h3>Demande d&rsquo;accr\u00e9ditation OPAL<\/h3>\n\n\n<div class=\"wpforms-container wpforms-container-full\" id=\"wpforms-1042\"><form id=\"wpforms-form-1042\" class=\"wpforms-validate wpforms-form wpforms-ajax-form\" data-formid=\"1042\" method=\"post\" enctype=\"multipart\/form-data\" action=\"\/index.php?rest_route=%2Fwp%2Fv2%2Fpages%2F1039&#038;wpforms_form_id=1042\" data-token=\"74df3538027d3cca039bce22d1e960a7\"><noscript class=\"wpforms-error-noscript\">Veuillez activer JavaScript dans votre navigateur pour remplir ce formulaire.<\/noscript><div class=\"wpforms-field-container\"><div id=\"wpforms-1042-field_31-container\" class=\"wpforms-field wpforms-field-checkbox wpforms-list-inline\" data-field-id=\"31\"><label class=\"wpforms-field-label\" for=\"wpforms-1042-field_31\">Indiquez sur quel(s) \u00e9quipements(s) vous souhaitez calculer <span class=\"wpforms-required-label\">*<\/span><\/label><ul id=\"wpforms-1042-field_31\" class=\"wpforms-field-required\"><li class=\"choice-1 depth-1\"><input type=\"checkbox\" id=\"wpforms-1042-field_31_1\" name=\"wpforms[fields][31][]\" value=\"Licallo (OCA)\" required ><label class=\"wpforms-field-label-inline\" for=\"wpforms-1042-field_31_1\">Licallo (OCA)<\/label><\/li><li class=\"choice-2 depth-1\"><input type=\"checkbox\" id=\"wpforms-1042-field_31_2\" name=\"wpforms[fields][31][]\" value=\"NEF (INRIA)\" required ><label class=\"wpforms-field-label-inline\" for=\"wpforms-1042-field_31_2\">NEF (INRIA)<\/label><\/li><li class=\"choice-3 depth-1\"><input type=\"checkbox\" id=\"wpforms-1042-field_31_3\" name=\"wpforms[fields][31][]\" value=\"\u00c9quipement de visualisation interactive 3D d\u2019INRIA\" required ><label class=\"wpforms-field-label-inline\" for=\"wpforms-1042-field_31_3\">\u00c9quipement de visualisation interactive 3D d\u2019INRIA<\/label><\/li><li class=\"choice-4 depth-1\"><input type=\"checkbox\" id=\"wpforms-1042-field_31_4\" name=\"wpforms[fields][31][]\" value=\"Cluster Mines Paris Tech\" required ><label class=\"wpforms-field-label-inline\" for=\"wpforms-1042-field_31_4\">Cluster Mines Paris Tech<\/label><\/li><\/ul><\/div><div id=\"wpforms-1042-field_6-container\" class=\"wpforms-field wpforms-field-text\" data-field-id=\"6\"><label class=\"wpforms-field-label\" for=\"wpforms-1042-field_6\">Titre du projet <span class=\"wpforms-required-label\">*<\/span><\/label><input type=\"text\" id=\"wpforms-1042-field_6\" class=\"wpforms-field-medium wpforms-field-required\" name=\"wpforms[fields][6]\" required><\/div><div id=\"wpforms-1042-field_1-container\" class=\"wpforms-field wpforms-field-name\" data-field-id=\"1\"><label class=\"wpforms-field-label\" for=\"wpforms-1042-field_1\">Responsable scientifique du projet <span class=\"wpforms-required-label\">*<\/span><\/label><div class=\"wpforms-field-row wpforms-field-medium\"><div class=\"wpforms-field-row-block wpforms-first wpforms-one-half\"><input type=\"text\" id=\"wpforms-1042-field_1\" class=\"wpforms-field-name-first wpforms-field-required\" name=\"wpforms[fields][1][first]\" required><label for=\"wpforms-1042-field_1\" class=\"wpforms-field-sublabel after \">Pr\u00e9nom<\/label><\/div><div class=\"wpforms-field-row-block wpforms-one-half\"><input type=\"text\" id=\"wpforms-1042-field_1-last\" class=\"wpforms-field-name-last wpforms-field-required\" name=\"wpforms[fields][1][last]\" required><label for=\"wpforms-1042-field_1-last\" class=\"wpforms-field-sublabel after \">Nom<\/label><\/div><\/div><\/div><div id=\"wpforms-1042-field_8-container\" class=\"wpforms-field wpforms-field-text\" data-field-id=\"8\"><label class=\"wpforms-field-label\" for=\"wpforms-1042-field_8\">Titre et fonction<\/label><input type=\"text\" id=\"wpforms-1042-field_8\" class=\"wpforms-field-medium\" name=\"wpforms[fields][8]\" ><\/div><div id=\"wpforms-1042-field_2-container\" class=\"wpforms-field wpforms-field-email\" data-field-id=\"2\"><label class=\"wpforms-field-label\" for=\"wpforms-1042-field_2\">E-mail <span class=\"wpforms-required-label\">*<\/span><\/label><input type=\"email\" id=\"wpforms-1042-field_2\" class=\"wpforms-field-medium wpforms-field-required\" name=\"wpforms[fields][2]\" required><\/div><div id=\"wpforms-1042-field_11-container\" class=\"wpforms-field wpforms-field-text\" data-field-id=\"11\"><label class=\"wpforms-field-label\" for=\"wpforms-1042-field_11\">T\u00e9l\u00e9phone<\/label><input type=\"text\" id=\"wpforms-1042-field_11\" class=\"wpforms-field-medium\" name=\"wpforms[fields][11]\" ><\/div><div id=\"wpforms-1042-field_14-container\" class=\"wpforms-field wpforms-field-textarea\" data-field-id=\"14\"><label class=\"wpforms-field-label\" for=\"wpforms-1042-field_14\">Laboratoire \/ Etablissement <span class=\"wpforms-required-label\">*<\/span><\/label><textarea id=\"wpforms-1042-field_14\" class=\"wpforms-field-small wpforms-field-required\" name=\"wpforms[fields][14]\" required><\/textarea><div class=\"wpforms-field-description\">Veuillez indiquer le nom du directeur du laboratoire, l'adresse et le type du laboratoire (code de l'unit\u00e9, \u00e9quipe ou entit\u00e9 de rattachement).<\/div><\/div><div id=\"wpforms-1042-field_15-container\" class=\"wpforms-field wpforms-field-textarea\" data-field-id=\"15\"><label class=\"wpforms-field-label\" for=\"wpforms-1042-field_15\">Donner la description scientifique du projet ou uploader un fichier descriptif (.pdf - 10 Mo maximum) <span class=\"wpforms-required-label\">*<\/span><\/label><textarea id=\"wpforms-1042-field_15\" class=\"wpforms-field-medium wpforms-field-required\" name=\"wpforms[fields][15]\" required>Cf. pi\u00e8ce jointe<\/textarea><\/div><div id=\"wpforms-1042-field_32-container\" class=\"wpforms-field wpforms-field-file-upload\" data-field-id=\"32\"><label class=\"wpforms-field-label wpforms-label-hide\" for=\"wpforms-1042-field_32\">Uploader un fichier de description scientifique du projet <\/label><div class=\"wpforms-uploader\"\n\tdata-field-id=\"32\"\n\tdata-form-id=\"1042\"\n\tdata-input-name=\"wpforms_1042_32\"\n\tdata-extensions=\"pdf\"\n\tdata-max-size=\"10485760\"\n\tdata-max-file-number=\"1\"\n\tdata-post-max-size=\"209715200\"\n    data-max-parallel-uploads=\"4\"\n    data-parallel-uploads=\"true\"\n\tdata-file-chunk-size=\"2097152\">\n\t<div class=\"dz-message\">\n\t\t<svg viewBox=\"0 0 1024 1024\" focusable=\"false\" class=\"\" data-icon=\"inbox\" width=\"50px\" height=\"50px\" fill=\"#B1B1B1\" aria-hidden=\"true\"><path d=\"M885.2 446.3l-.2-.8-112.2-285.1c-5-16.1-19.9-27.2-36.8-27.2H281.2c-17 0-32.1 11.3-36.9 27.6L139.4 443l-.3.7-.2.8c-1.3 4.9-1.7 9.9-1 14.8-.1 1.6-.2 3.2-.2 4.8V830a60.9 60.9 0 0 0 60.8 60.8h627.2c33.5 0 60.8-27.3 60.9-60.8V464.1c0-1.3 0-2.6-.1-3.7.4-4.9 0-9.6-1.3-14.1zm-295.8-43l-.3 15.7c-.8 44.9-31.8 75.1-77.1 75.1-22.1 0-41.1-7.1-54.8-20.6S436 441.2 435.6 419l-.3-15.7H229.5L309 210h399.2l81.7 193.3H589.4zm-375 76.8h157.3c24.3 57.1 76 90.8 140.4 90.8 33.7 0 65-9.4 90.3-27.2 22.2-15.6 39.5-37.4 50.7-63.6h156.5V814H214.4V480.1z\"><\/path><\/svg>\n\t\t<span class=\"modern-title\">\n\t\t\tCliquez ou d\u00e9placez un fichier dans cette zone pour le t\u00e9l\u00e9verser.\t\t<\/span>\n\n\t\t\t<\/div>\n<\/div>\n<input type=\"text\" class=\"dropzone-input\"\n\tstyle=\"position:absolute!important;clip:rect(0,0,0,0)!important;height:1px!important;width:1px!important;border:0!important;overflow:hidden!important;padding:0!important;margin:0!important;\"\n\tid=\"wpforms-1042-field_32\"\n\tname=\"wpforms_1042_32\" >\n<\/div><div id=\"wpforms-1042-field_17-container\" class=\"wpforms-field wpforms-field-textarea\" data-field-id=\"17\"><label class=\"wpforms-field-label\" for=\"wpforms-1042-field_17\">Utilisateurs pour qui l&#039;accr\u00e9ditation OPAL est demand\u00e9e. DOIT ETRE AU FORMAT : Nom Pr\u00e9nom E-mail institutionnel et date de fin de contrat (si non titulaire). LES DEMANDES NON CONFORMES AU FORMAT NE SERONT PAS TRAITEES <span class=\"wpforms-required-label\">*<\/span><\/label><textarea id=\"wpforms-1042-field_17\" class=\"wpforms-field-small wpforms-field-required\" name=\"wpforms[fields][17]\" required><\/textarea><div class=\"wpforms-field-description\">Nom pr\u00e9nom e-mail institutionnel date de fin de contrat pour chaque personne d\u00e9j\u00e0 membre de UCA. Pour ajouter de nouveaux utilisateurs \u00e0 un projet d\u00e9j\u00e0 valid\u00e9, <a href=\"https:\/\/calculs.univ-cotedazur.fr\/?page_id=1163\" target=\"_blank\">voir ici.<\/a><\/div><\/div><div id=\"wpforms-1042-field_22-container\" class=\"wpforms-field wpforms-field-textarea\" data-field-id=\"22\"><label class=\"wpforms-field-label\" for=\"wpforms-1042-field_22\">Profil du job<\/label><textarea id=\"wpforms-1042-field_22\" class=\"wpforms-field-small\" name=\"wpforms[fields][22]\" ><\/textarea><div class=\"wpforms-field-description\">Dur\u00e9e du job (heures), nombre de c\u0153urs, m\u00e9moire maximum consomm\u00e9e. Si GPU : nombres de cartes GPU. <\/div><\/div><div id=\"wpforms-1042-field_21-container\" class=\"wpforms-field wpforms-field-textarea\" data-field-id=\"21\"><label class=\"wpforms-field-label\" for=\"wpforms-1042-field_21\">Indiquez si votre code a d\u00e9j\u00e0 tourn\u00e9 sur une autre plateforme de calculs ou si d&#039;autres moyens informatiques r\u00e9gionaux ou nationaux compl\u00e9mentaires sont utilis\u00e9s pour mener \u00e0 bien le projet <\/label><textarea id=\"wpforms-1042-field_21\" class=\"wpforms-field-small\" name=\"wpforms[fields][21]\" ><\/textarea><\/div><\/div><div class=\"wpforms-recaptcha-container wpforms-is-recaptcha\" ><div class=\"g-recaptcha\" data-sitekey=\"6LcBHUcaAAAAAP1g6GSm14ovGrjrUlYhvKtvs3Uw\"><\/div><input type=\"text\" name=\"g-recaptcha-hidden\" class=\"wpforms-recaptcha-hidden\" style=\"position:absolute!important;clip:rect(0,0,0,0)!important;height:1px!important;width:1px!important;border:0!important;overflow:hidden!important;padding:0!important;margin:0!important;\" required><\/div><div class=\"wpforms-submit-container\" ><input type=\"hidden\" name=\"wpforms[id]\" value=\"1042\"><input type=\"hidden\" name=\"wpforms[author]\" value=\"3\"><button type=\"submit\" name=\"wpforms[submit]\" class=\"wpforms-submit \" id=\"wpforms-submit-1042\" value=\"wpforms-submit\" aria-live=\"assertive\" data-alt-text=\"Envoi...\" data-submit-text=\"Envoyer\">Envoyer<\/button><img src=\"https:\/\/calculs.univ-cotedazur.fr\/wp-content\/plugins\/wpforms\/assets\/images\/submit-spin.svg\" class=\"wpforms-submit-spinner\" style=\"display: none;\" width=\"26\" height=\"26\" alt=\"\"><\/div><\/form><\/div>  <!-- .wpforms-container -->","protected":false},"excerpt":{"rendered":"<p>Les personnels Universit\u00e9 C\u00f4te d\u2019Azur disposant d\u00e9j\u00e0 d&rsquo;un compte sur Azzurra pour un projet en cours de validit\u00e9 sont automatiquement accr\u00e9dit\u00e9s OPAL et il n&rsquo;est donc pas n\u00e9cessaire pour eux de remplir ce formulaire. Si vous \u00eates un personnel Universit\u00e9 &hellip; <\/p>\n","protected":false},"author":3,"featured_media":0,"parent":0,"menu_order":0,"comment_status":"closed","ping_status":"closed","template":"","meta":[],"_links":{"self":[{"href":"https:\/\/calculs.univ-cotedazur.fr\/index.php?rest_route=\/wp\/v2\/pages\/1039"}],"collection":[{"href":"https:\/\/calculs.univ-cotedazur.fr\/index.php?rest_route=\/wp\/v2\/pages"}],"about":[{"href":"https:\/\/calculs.univ-cotedazur.fr\/index.php?rest_route=\/wp\/v2\/types\/page"}],"author":[{"embeddable":true,"href":"https:\/\/calculs.univ-cotedazur.fr\/index.php?rest_route=\/wp\/v2\/users\/3"}],"replies":[{"embeddable":true,"href":"https:\/\/calculs.univ-cotedazur.fr\/index.php?rest_route=%2Fwp%2Fv2%2Fcomments&post=1039"}],"version-history":[{"count":13,"href":"https:\/\/calculs.univ-cotedazur.fr\/index.php?rest_route=\/wp\/v2\/pages\/1039\/revisions"}],"predecessor-version":[{"id":2977,"href":"https:\/\/calculs.univ-cotedazur.fr\/index.php?rest_route=\/wp\/v2\/pages\/1039\/revisions\/2977"}],"wp:attachment":[{"href":"https:\/\/calculs.univ-cotedazur.fr\/index.php?rest_route=%2Fwp%2Fv2%2Fmedia&parent=1039"}],"curies":[{"name":"wp","href":"https:\/\/api.w.org\/{rel}","templated":true}]}}