{"id":1056,"date":"2021-02-03T11:32:05","date_gmt":"2021-02-03T10:32:05","guid":{"rendered":"http:\/\/calculs.univ-cotedazur.fr\/?page_id=1056"},"modified":"2021-02-17T12:14:38","modified_gmt":"2021-02-17T11:14:38","slug":"demande-de-renouvellement","status":"publish","type":"page","link":"https:\/\/calculs.univ-cotedazur.fr\/?page_id=1056","title":{"rendered":"Demande de renouvellement"},"content":{"rendered":"\n<p>Veuillez compl\u00e9ter ce formulaire uniquement dans les cas suivants :<\/p>\n\n\n\n<ul><li>Vous \u00eates le responsable d&rsquo;un projet d\u00e9j\u00e0 valid\u00e9 pour Azzurra et vous souhaitez renouveler votre acc\u00e8s pour un an.<\/li><li>Vous \u00eates accr\u00e9dit\u00e9(e) <a href=\"https:\/\/univ-cotedazur.eu\/services-for-research-scientists\/opal-computing-center\" target=\"_blank\" rel=\"noreferrer noopener\">OPAL<\/a>, n&rsquo;avez pas de compte sur Azzurra et souhaitez prolonger d&rsquo;un an la dur\u00e9e de validit\u00e9 de votre accr\u00e9ditation.<\/li><\/ul>\n\n\n<div class=\"wpforms-container wpforms-container-full\" id=\"wpforms-1055\"><form id=\"wpforms-form-1055\" class=\"wpforms-validate wpforms-form wpforms-ajax-form\" data-formid=\"1055\" method=\"post\" enctype=\"multipart\/form-data\" action=\"\/index.php?rest_route=%2Fwp%2Fv2%2Fpages%2F1056\" data-token=\"b2d4f3439af532bf1b110bc6c82c4b7c\"><noscript class=\"wpforms-error-noscript\">Veuillez activer JavaScript dans votre navigateur pour remplir ce formulaire.<\/noscript><div class=\"wpforms-field-container\"><div id=\"wpforms-1055-field_31-container\" class=\"wpforms-field wpforms-field-checkbox wpforms-list-inline wpforms-conditional-trigger\" data-field-id=\"31\"><label class=\"wpforms-field-label\" for=\"wpforms-1055-field_31\">Indiquez sur quel(s) \u00e9quipements(s) vous avez calcul\u00e9 au cours de l&#039;ann\u00e9e \u00e9coul\u00e9e <span class=\"wpforms-required-label\">*<\/span><\/label><ul id=\"wpforms-1055-field_31\" class=\"wpforms-field-required\"><li class=\"choice-1 depth-1\"><input type=\"checkbox\" id=\"wpforms-1055-field_31_1\" name=\"wpforms[fields][31][]\" value=\"Azzurra\" required ><label class=\"wpforms-field-label-inline\" for=\"wpforms-1055-field_31_1\">Azzurra<\/label><\/li><li class=\"choice-5 depth-1\"><input type=\"checkbox\" id=\"wpforms-1055-field_31_5\" name=\"wpforms[fields][31][]\" value=\"Licallo (OCA)\" required ><label class=\"wpforms-field-label-inline\" for=\"wpforms-1055-field_31_5\">Licallo (OCA)<\/label><\/li><li class=\"choice-2 depth-1\"><input type=\"checkbox\" id=\"wpforms-1055-field_31_2\" name=\"wpforms[fields][31][]\" value=\"NEF (INRIA)\" required ><label class=\"wpforms-field-label-inline\" for=\"wpforms-1055-field_31_2\">NEF (INRIA)<\/label><\/li><li class=\"choice-3 depth-1\"><input type=\"checkbox\" id=\"wpforms-1055-field_31_3\" name=\"wpforms[fields][31][]\" value=\"\u00c9quipement de visualisation interactive 3D d\u2019INRIA\" required ><label class=\"wpforms-field-label-inline\" for=\"wpforms-1055-field_31_3\">\u00c9quipement de visualisation interactive 3D d\u2019INRIA<\/label><\/li><li class=\"choice-4 depth-1\"><input type=\"checkbox\" id=\"wpforms-1055-field_31_4\" name=\"wpforms[fields][31][]\" value=\"Cluster Mines Paris Tech\" required ><label class=\"wpforms-field-label-inline\" for=\"wpforms-1055-field_31_4\">Cluster Mines Paris Tech<\/label><\/li><\/ul><\/div><div id=\"wpforms-1055-field_6-container\" class=\"wpforms-field wpforms-field-text\" data-field-id=\"6\"><label class=\"wpforms-field-label\" for=\"wpforms-1055-field_6\">Titre du projet <span class=\"wpforms-required-label\">*<\/span><\/label><input type=\"text\" id=\"wpforms-1055-field_6\" class=\"wpforms-field-medium wpforms-field-required\" name=\"wpforms[fields][6]\" required><\/div><div id=\"wpforms-1055-field_1-container\" class=\"wpforms-field wpforms-field-name\" data-field-id=\"1\"><label class=\"wpforms-field-label\" for=\"wpforms-1055-field_1\">Responsable scientifique du projet <span class=\"wpforms-required-label\">*<\/span><\/label><div class=\"wpforms-field-row wpforms-field-medium\"><div class=\"wpforms-field-row-block wpforms-first wpforms-one-half\"><input type=\"text\" id=\"wpforms-1055-field_1\" class=\"wpforms-field-name-first wpforms-field-required\" name=\"wpforms[fields][1][first]\" required><label for=\"wpforms-1055-field_1\" class=\"wpforms-field-sublabel after \">Pr\u00e9nom<\/label><\/div><div class=\"wpforms-field-row-block wpforms-one-half\"><input type=\"text\" id=\"wpforms-1055-field_1-last\" class=\"wpforms-field-name-last wpforms-field-required\" name=\"wpforms[fields][1][last]\" required><label for=\"wpforms-1055-field_1-last\" class=\"wpforms-field-sublabel after \">Nom<\/label><\/div><\/div><\/div><div id=\"wpforms-1055-field_2-container\" class=\"wpforms-field wpforms-field-email\" data-field-id=\"2\"><label class=\"wpforms-field-label\" for=\"wpforms-1055-field_2\">E-mail <span class=\"wpforms-required-label\">*<\/span><\/label><input type=\"email\" id=\"wpforms-1055-field_2\" class=\"wpforms-field-medium wpforms-field-required\" name=\"wpforms[fields][2]\" required><\/div><div id=\"wpforms-1055-field_14-container\" class=\"wpforms-field wpforms-field-textarea\" data-field-id=\"14\"><label class=\"wpforms-field-label\" for=\"wpforms-1055-field_14\">Laboratoire \/ Etablissement <span class=\"wpforms-required-label\">*<\/span><\/label><textarea id=\"wpforms-1055-field_14\" class=\"wpforms-field-small wpforms-field-required\" name=\"wpforms[fields][14]\" required><\/textarea><div class=\"wpforms-field-description\">Veuillez indiquer le nom du directeur du laboratoire, l'adresse et le type du laboratoire (code de l'unit\u00e9, \u00e9quipe ou entit\u00e9 de rattachement).<\/div><\/div><div id=\"wpforms-1055-field_15-container\" class=\"wpforms-field wpforms-field-textarea\" data-field-id=\"15\"><label class=\"wpforms-field-label\" for=\"wpforms-1055-field_15\">R\u00e9sultats obtenus gr\u00e2ce aux moyens informatiques attribu\u00e9s. MERCI DE PRECISER : NOM DES AUTEURS -TITRE - NOM DE LA CONFERENCE\/JOURNAL\/AUTRE... <span class=\"wpforms-required-label\">*<\/span><\/label><textarea id=\"wpforms-1055-field_15\" class=\"wpforms-field-medium wpforms-field-required\" name=\"wpforms[fields][15]\" required><\/textarea><div class=\"wpforms-field-description\">Merci d'inclure : rapports de stage, posters, th\u00e8ses, conf\u00e9rences, journaux, ... et la r\u00e9f\u00e9rence HAL des publications.<\/div><\/div><div id=\"wpforms-1055-field_17-container\" class=\"wpforms-field wpforms-field-textarea\" data-field-id=\"17\"><label class=\"wpforms-field-label\" for=\"wpforms-1055-field_17\">D\u00e9part ou arriv\u00e9e de nouveaux membres au projet<\/label><textarea id=\"wpforms-1055-field_17\" class=\"wpforms-field-small\" name=\"wpforms[fields][17]\" ><\/textarea><div class=\"wpforms-field-description\">Pour chaque personne, indiquez : nom, pr\u00e9nom, e-mail et pr\u00e9cisez son entit\u00e9 \/ laboratoire \/ entreprise<\/div><\/div><div id=\"wpforms-1055-field_32-container\" class=\"wpforms-field wpforms-field-textarea wpforms-conditional-field wpforms-conditional-show\" data-field-id=\"32\" style=\"display:none;\"><label class=\"wpforms-field-label\" for=\"wpforms-1055-field_32\">Azzurra uniquement : estimation du volume d&#039;heures de calcul n\u00e9cessaire pour l&#039;ann\u00e9e \u00e0 venir <span class=\"wpforms-required-label\">*<\/span><\/label><textarea id=\"wpforms-1055-field_32\" class=\"wpforms-field-small wpforms-field-required\" name=\"wpforms[fields][32]\" required><\/textarea><div class=\"wpforms-field-description\">Si le volume appara\u00eet nettement sup\u00e9rieur au quota demand\u00e9 l'an pass\u00e9, merci de le justifier.<\/div><\/div><div id=\"wpforms-1055-field_22-container\" class=\"wpforms-field wpforms-field-textarea wpforms-conditional-field wpforms-conditional-show\" data-field-id=\"22\" style=\"display:none;\"><label class=\"wpforms-field-label\" for=\"wpforms-1055-field_22\">Azzurra uniquement : besoins logiciels suppl\u00e9mentaires pour l&#039;ann\u00e9e \u00e0 venir<\/label><textarea id=\"wpforms-1055-field_22\" class=\"wpforms-field-small\" name=\"wpforms[fields][22]\" ><\/textarea><div class=\"wpforms-field-description\">Indiquez si vous avez besoin d'une installation suppl\u00e9mentaire<\/div><\/div><\/div><div class=\"wpforms-recaptcha-container wpforms-is-recaptcha\" ><div class=\"g-recaptcha\" data-sitekey=\"6LcBHUcaAAAAAP1g6GSm14ovGrjrUlYhvKtvs3Uw\"><\/div><input type=\"text\" name=\"g-recaptcha-hidden\" class=\"wpforms-recaptcha-hidden\" style=\"position:absolute!important;clip:rect(0,0,0,0)!important;height:1px!important;width:1px!important;border:0!important;overflow:hidden!important;padding:0!important;margin:0!important;\" required><\/div><div class=\"wpforms-submit-container\" ><input type=\"hidden\" name=\"wpforms[id]\" value=\"1055\"><input type=\"hidden\" name=\"wpforms[author]\" value=\"1\"><button type=\"submit\" name=\"wpforms[submit]\" class=\"wpforms-submit \" id=\"wpforms-submit-1055\" value=\"wpforms-submit\" aria-live=\"assertive\" data-alt-text=\"Envoi...\" data-submit-text=\"Envoyer\">Envoyer<\/button><img src=\"https:\/\/calculs.univ-cotedazur.fr\/wp-content\/plugins\/wpforms\/assets\/images\/submit-spin.svg\" class=\"wpforms-submit-spinner\" style=\"display: none;\" width=\"26\" height=\"26\" alt=\"\"><\/div><\/form><\/div>  <!-- .wpforms-container -->","protected":false},"excerpt":{"rendered":"<p>Veuillez compl\u00e9ter ce formulaire uniquement dans les cas suivants : Vous \u00eates le responsable d&rsquo;un projet d\u00e9j\u00e0 valid\u00e9 pour Azzurra et vous souhaitez renouveler votre acc\u00e8s pour un an. Vous \u00eates accr\u00e9dit\u00e9(e) OPAL, n&rsquo;avez pas de compte sur Azzurra et &hellip; <\/p>\n","protected":false},"author":1,"featured_media":0,"parent":0,"menu_order":0,"comment_status":"closed","ping_status":"closed","template":"","meta":[],"_links":{"self":[{"href":"https:\/\/calculs.univ-cotedazur.fr\/index.php?rest_route=\/wp\/v2\/pages\/1056"}],"collection":[{"href":"https:\/\/calculs.univ-cotedazur.fr\/index.php?rest_route=\/wp\/v2\/pages"}],"about":[{"href":"https:\/\/calculs.univ-cotedazur.fr\/index.php?rest_route=\/wp\/v2\/types\/page"}],"author":[{"embeddable":true,"href":"https:\/\/calculs.univ-cotedazur.fr\/index.php?rest_route=\/wp\/v2\/users\/1"}],"replies":[{"embeddable":true,"href":"https:\/\/calculs.univ-cotedazur.fr\/index.php?rest_route=%2Fwp%2Fv2%2Fcomments&post=1056"}],"version-history":[{"count":4,"href":"https:\/\/calculs.univ-cotedazur.fr\/index.php?rest_route=\/wp\/v2\/pages\/1056\/revisions"}],"predecessor-version":[{"id":1154,"href":"https:\/\/calculs.univ-cotedazur.fr\/index.php?rest_route=\/wp\/v2\/pages\/1056\/revisions\/1154"}],"wp:attachment":[{"href":"https:\/\/calculs.univ-cotedazur.fr\/index.php?rest_route=%2Fwp%2Fv2%2Fmedia&parent=1056"}],"curies":[{"name":"wp","href":"https:\/\/api.w.org\/{rel}","templated":true}]}}