{"id":1106,"date":"2021-02-08T10:16:12","date_gmt":"2021-02-08T09:16:12","guid":{"rendered":"http:\/\/calculs.univ-cotedazur.fr\/?page_id=1106"},"modified":"2025-04-16T15:05:51","modified_gmt":"2025-04-16T13:05:51","slug":"accreditation-on-another-opal-cluster","status":"publish","type":"page","link":"https:\/\/calculs.univ-cotedazur.fr\/?page_id=1106&lang=en","title":{"rendered":"Accreditation on another OPAL cluster"},"content":{"rendered":"\n<p><strong>Universit\u00e9 C\u00f4te d\u2019Azur<\/strong> <strong>staff who already have an account on Azzurra for a valid project are automatically OPAL accredited and therefore it is not necessary for them to complete this form.<\/strong><\/p>\n\n\n\n<p>If you are a Universit\u00e9 C\u00f4te d\u2019Azur user without an account on Azzurra and wish to calculate on another OPAL cluster (<a rel=\"noreferrer noopener\" href=\"https:\/\/univ-cotedazur.eu\/services-for-research-scientists\/opal-computing-center\" data-type=\"URL\" target=\"_blank\">see list here<\/a>), please complete the form below to submit your OPAL accreditation request to us.<\/p>\n\n\n\n<p>If your request is accepted, you will be OPAL accredited and can therefore submit an access request to the cluster of your choice.<\/p>\n\n\n\n<p>The accreditation is valid for one year and <a rel=\"noreferrer noopener\" href=\"https:\/\/calculs.univ-cotedazur.fr\/?page_id=1101&amp;lang=en\" data-type=\"page\" data-id=\"1101\" target=\"_blank\">renewable after submission of a publication report for the past year.<\/a><\/p>\n\n\n<div class=\"wpforms-container wpforms-container-full\" id=\"wpforms-1105\"><form id=\"wpforms-form-1105\" class=\"wpforms-validate wpforms-form wpforms-ajax-form\" data-formid=\"1105\" method=\"post\" enctype=\"multipart\/form-data\" action=\"\/index.php?rest_route=%2Fwp%2Fv2%2Fpages%2F1106&#038;wpforms_form_id=1105\" data-token=\"ba64856ede1acb2889554228c0e41fcc\"><noscript class=\"wpforms-error-noscript\">Veuillez activer JavaScript dans votre navigateur pour remplir ce formulaire.<\/noscript><div class=\"wpforms-field-container\"><div id=\"wpforms-1105-field_31-container\" class=\"wpforms-field wpforms-field-checkbox wpforms-list-inline\" data-field-id=\"31\"><label class=\"wpforms-field-label\" for=\"wpforms-1105-field_31\">Indicate the platform(s) you wish to use <span class=\"wpforms-required-label\">*<\/span><\/label><ul id=\"wpforms-1105-field_31\" class=\"wpforms-field-required\"><li class=\"choice-1 depth-1\"><input type=\"checkbox\" id=\"wpforms-1105-field_31_1\" name=\"wpforms[fields][31][]\" value=\"Licallo (OCA)\" required ><label class=\"wpforms-field-label-inline\" for=\"wpforms-1105-field_31_1\">Licallo (OCA)<\/label><\/li><li class=\"choice-2 depth-1\"><input type=\"checkbox\" id=\"wpforms-1105-field_31_2\" name=\"wpforms[fields][31][]\" value=\"NEF (INRIA)\" required ><label class=\"wpforms-field-label-inline\" for=\"wpforms-1105-field_31_2\">NEF (INRIA)<\/label><\/li><li class=\"choice-3 depth-1\"><input type=\"checkbox\" id=\"wpforms-1105-field_31_3\" name=\"wpforms[fields][31][]\" value=\"\u00c9quipement de visualisation interactive 3D d\u2019INRIA\" required ><label class=\"wpforms-field-label-inline\" for=\"wpforms-1105-field_31_3\">\u00c9quipement de visualisation interactive 3D d\u2019INRIA<\/label><\/li><li class=\"choice-4 depth-1\"><input type=\"checkbox\" id=\"wpforms-1105-field_31_4\" name=\"wpforms[fields][31][]\" value=\"Cluster Mines Paris Tech\" required ><label class=\"wpforms-field-label-inline\" for=\"wpforms-1105-field_31_4\">Cluster Mines Paris Tech<\/label><\/li><\/ul><\/div><div id=\"wpforms-1105-field_6-container\" class=\"wpforms-field wpforms-field-text\" data-field-id=\"6\"><label class=\"wpforms-field-label\" for=\"wpforms-1105-field_6\">Project title <span class=\"wpforms-required-label\">*<\/span><\/label><input type=\"text\" id=\"wpforms-1105-field_6\" class=\"wpforms-field-medium wpforms-field-required\" name=\"wpforms[fields][6]\" required><\/div><div id=\"wpforms-1105-field_1-container\" class=\"wpforms-field wpforms-field-name\" data-field-id=\"1\"><label class=\"wpforms-field-label\" for=\"wpforms-1105-field_1\">Scientific leader of the project <span class=\"wpforms-required-label\">*<\/span><\/label><input type=\"text\" id=\"wpforms-1105-field_1\" class=\"wpforms-field-medium wpforms-field-required\" name=\"wpforms[fields][1]\" required><\/div><div id=\"wpforms-1105-field_8-container\" class=\"wpforms-field wpforms-field-text\" data-field-id=\"8\"><label class=\"wpforms-field-label\" for=\"wpforms-1105-field_8\">Title and function<\/label><input type=\"text\" id=\"wpforms-1105-field_8\" class=\"wpforms-field-medium\" name=\"wpforms[fields][8]\" ><\/div><div id=\"wpforms-1105-field_2-container\" class=\"wpforms-field wpforms-field-email\" data-field-id=\"2\"><label class=\"wpforms-field-label\" for=\"wpforms-1105-field_2\">E-mail <span class=\"wpforms-required-label\">*<\/span><\/label><input type=\"email\" id=\"wpforms-1105-field_2\" class=\"wpforms-field-medium wpforms-field-required\" name=\"wpforms[fields][2]\" required><\/div><div id=\"wpforms-1105-field_11-container\" class=\"wpforms-field wpforms-field-text\" data-field-id=\"11\"><label class=\"wpforms-field-label\" for=\"wpforms-1105-field_11\">Phone<\/label><input type=\"text\" id=\"wpforms-1105-field_11\" class=\"wpforms-field-medium\" name=\"wpforms[fields][11]\" ><\/div><div id=\"wpforms-1105-field_14-container\" class=\"wpforms-field wpforms-field-textarea\" data-field-id=\"14\"><label class=\"wpforms-field-label\" for=\"wpforms-1105-field_14\">Laboratory\/Institute <span class=\"wpforms-required-label\">*<\/span><\/label><textarea id=\"wpforms-1105-field_14\" class=\"wpforms-field-small wpforms-field-required\" name=\"wpforms[fields][14]\" required><\/textarea><div class=\"wpforms-field-description\">Please indicate the name of the laboratory director, the address and the type of laboratory (code of the unit, team or attached entity).<\/div><\/div><div id=\"wpforms-1105-field_15-container\" class=\"wpforms-field wpforms-field-textarea\" data-field-id=\"15\"><label class=\"wpforms-field-label\" for=\"wpforms-1105-field_15\">Give the scientific description of the project or refer to a descriptive file to upload below (.pdf - 10 Mb max) <span class=\"wpforms-required-label\">*<\/span><\/label><textarea id=\"wpforms-1105-field_15\" class=\"wpforms-field-medium wpforms-field-required\" name=\"wpforms[fields][15]\" required>See attached file.<\/textarea><\/div><div id=\"wpforms-1105-field_32-container\" class=\"wpforms-field wpforms-field-file-upload\" data-field-id=\"32\"><label class=\"wpforms-field-label wpforms-label-hide\" for=\"wpforms-1105-field_32\">Upload a scientific presentation of the project (.pdf - 10 Mb max)<\/label><div class=\"wpforms-uploader\"\n\tdata-field-id=\"32\"\n\tdata-form-id=\"1105\"\n\tdata-input-name=\"wpforms_1105_32\"\n\tdata-extensions=\"pdf\"\n\tdata-max-size=\"10485760\"\n\tdata-max-file-number=\"1\"\n\tdata-post-max-size=\"209715200\"\n    data-max-parallel-uploads=\"4\"\n    data-parallel-uploads=\"true\"\n\tdata-file-chunk-size=\"2097152\">\n\t<div class=\"dz-message\">\n\t\t<svg viewBox=\"0 0 1024 1024\" focusable=\"false\" class=\"\" data-icon=\"inbox\" width=\"50px\" height=\"50px\" fill=\"#B1B1B1\" aria-hidden=\"true\"><path d=\"M885.2 446.3l-.2-.8-112.2-285.1c-5-16.1-19.9-27.2-36.8-27.2H281.2c-17 0-32.1 11.3-36.9 27.6L139.4 443l-.3.7-.2.8c-1.3 4.9-1.7 9.9-1 14.8-.1 1.6-.2 3.2-.2 4.8V830a60.9 60.9 0 0 0 60.8 60.8h627.2c33.5 0 60.8-27.3 60.9-60.8V464.1c0-1.3 0-2.6-.1-3.7.4-4.9 0-9.6-1.3-14.1zm-295.8-43l-.3 15.7c-.8 44.9-31.8 75.1-77.1 75.1-22.1 0-41.1-7.1-54.8-20.6S436 441.2 435.6 419l-.3-15.7H229.5L309 210h399.2l81.7 193.3H589.4zm-375 76.8h157.3c24.3 57.1 76 90.8 140.4 90.8 33.7 0 65-9.4 90.3-27.2 22.2-15.6 39.5-37.4 50.7-63.6h156.5V814H214.4V480.1z\"><\/path><\/svg>\n\t\t<span class=\"modern-title\">\n\t\t\tCliquez ou d\u00e9placez un fichier dans cette zone pour le t\u00e9l\u00e9verser.\t\t<\/span>\n\n\t\t\t<\/div>\n<\/div>\n<input type=\"text\" class=\"dropzone-input\"\n\tstyle=\"position:absolute!important;clip:rect(0,0,0,0)!important;height:1px!important;width:1px!important;border:0!important;overflow:hidden!important;padding:0!important;margin:0!important;\"\n\tid=\"wpforms-1105-field_32\"\n\tname=\"wpforms_1105_32\" >\n<\/div><div id=\"wpforms-1105-field_17-container\" class=\"wpforms-field wpforms-field-textarea\" data-field-id=\"17\"><label class=\"wpforms-field-label\" for=\"wpforms-1105-field_17\">Users for whom OPAL accreditation is requested. MUST BE IN THIS FORMAT: Lastname Firstname Academic e-mail contract end date (if non permanent employee). NON-COMPLIANT REQUESTS WILL NOT BE PROCESSED.   <span class=\"wpforms-required-label\">*<\/span><\/label><textarea id=\"wpforms-1105-field_17\" class=\"wpforms-field-small wpforms-field-required\" name=\"wpforms[fields][17]\" required><\/textarea><div class=\"wpforms-field-description\">Indicate the lastname, firstname, academic e-mail and contract end date for each person already a member of UCA. To add new users to an already validated project, <a href=\"https:\/\/calculs.univ-cotedazur.fr\/?page_id=1166&lang=en\" target=\"-blank\">see here.<\/a><\/div><\/div><div id=\"wpforms-1105-field_22-container\" class=\"wpforms-field wpforms-field-textarea\" data-field-id=\"22\"><label class=\"wpforms-field-label\" for=\"wpforms-1105-field_22\">Job description<\/label><textarea id=\"wpforms-1105-field_22\" class=\"wpforms-field-small\" name=\"wpforms[fields][22]\" ><\/textarea><div class=\"wpforms-field-description\">Duration of the job, max memory, number of cores (if known). If GPU: number of GPU accelerator cards.\r\n<\/div><\/div><div id=\"wpforms-1105-field_21-container\" class=\"wpforms-field wpforms-field-textarea\" data-field-id=\"21\"><label class=\"wpforms-field-label\" for=\"wpforms-1105-field_21\">Indicate if your job has already run on a computing platform or complementary regional or national IT tools are also used to carry out the project<\/label><textarea id=\"wpforms-1105-field_21\" class=\"wpforms-field-small\" name=\"wpforms[fields][21]\" ><\/textarea><\/div><\/div><div class=\"wpforms-recaptcha-container wpforms-is-recaptcha\" ><div class=\"g-recaptcha\" data-sitekey=\"6LcBHUcaAAAAAP1g6GSm14ovGrjrUlYhvKtvs3Uw\"><\/div><input type=\"text\" name=\"g-recaptcha-hidden\" class=\"wpforms-recaptcha-hidden\" style=\"position:absolute!important;clip:rect(0,0,0,0)!important;height:1px!important;width:1px!important;border:0!important;overflow:hidden!important;padding:0!important;margin:0!important;\" required><\/div><div class=\"wpforms-submit-container\" ><input type=\"hidden\" name=\"wpforms[id]\" value=\"1105\"><input type=\"hidden\" name=\"wpforms[author]\" value=\"1\"><button type=\"submit\" name=\"wpforms[submit]\" class=\"wpforms-submit \" id=\"wpforms-submit-1105\" value=\"wpforms-submit\" aria-live=\"assertive\" data-alt-text=\"Please wait...\" data-submit-text=\"Submit\">Submit<\/button><img src=\"https:\/\/calculs.univ-cotedazur.fr\/wp-content\/plugins\/wpforms\/assets\/images\/submit-spin.svg\" class=\"wpforms-submit-spinner\" style=\"display: none;\" width=\"26\" height=\"26\" alt=\"\"><\/div><\/form><\/div>  <!-- .wpforms-container -->","protected":false},"excerpt":{"rendered":"<p>Universit\u00e9 C\u00f4te d\u2019Azur staff who already have an account on Azzurra for a valid project are automatically OPAL accredited and therefore it is not necessary for them to complete this form. If you are a Universit\u00e9 C\u00f4te d\u2019Azur user without &hellip; <\/p>\n","protected":false},"author":1,"featured_media":0,"parent":0,"menu_order":0,"comment_status":"closed","ping_status":"closed","template":"","meta":[],"_links":{"self":[{"href":"https:\/\/calculs.univ-cotedazur.fr\/index.php?rest_route=\/wp\/v2\/pages\/1106"}],"collection":[{"href":"https:\/\/calculs.univ-cotedazur.fr\/index.php?rest_route=\/wp\/v2\/pages"}],"about":[{"href":"https:\/\/calculs.univ-cotedazur.fr\/index.php?rest_route=\/wp\/v2\/types\/page"}],"author":[{"embeddable":true,"href":"https:\/\/calculs.univ-cotedazur.fr\/index.php?rest_route=\/wp\/v2\/users\/1"}],"replies":[{"embeddable":true,"href":"https:\/\/calculs.univ-cotedazur.fr\/index.php?rest_route=%2Fwp%2Fv2%2Fcomments&post=1106"}],"version-history":[{"count":3,"href":"https:\/\/calculs.univ-cotedazur.fr\/index.php?rest_route=\/wp\/v2\/pages\/1106\/revisions"}],"predecessor-version":[{"id":2978,"href":"https:\/\/calculs.univ-cotedazur.fr\/index.php?rest_route=\/wp\/v2\/pages\/1106\/revisions\/2978"}],"wp:attachment":[{"href":"https:\/\/calculs.univ-cotedazur.fr\/index.php?rest_route=%2Fwp%2Fv2%2Fmedia&parent=1106"}],"curies":[{"name":"wp","href":"https:\/\/api.w.org\/{rel}","templated":true}]}}