{"id":1109,"date":"2021-02-08T12:10:38","date_gmt":"2021-02-08T11:10:38","guid":{"rendered":"http:\/\/calculs.univ-cotedazur.fr\/?page_id=1109"},"modified":"2025-04-16T15:05:09","modified_gmt":"2025-04-16T13:05:09","slug":"request-for-allocation-of-resources-on-azzurra","status":"publish","type":"page","link":"https:\/\/calculs.univ-cotedazur.fr\/?page_id=1109&lang=en","title":{"rendered":"Request for an access to Azzurra"},"content":{"rendered":"\n<p><strong>Azzurra is open to all Universit\u00e9 C\u00f4te d&rsquo;Azur entities (which includes INRIA and OCA).<\/strong><\/p>\n\n\n\n<p>Access to the cluster is given after validation by the Scientific Committee.<\/p>\n\n\n\n<p>Access is free of charge, valid for one year and renewable upon request. At the end of the year, <a rel=\"noreferrer noopener\" href=\"https:\/\/calculs.univ-cotedazur.fr\/?page_id=1101&amp;lang=en\" data-type=\"page\" data-id=\"1101\" target=\"_blank\">an activity report will be requested<\/a>.<\/p>\n\n\n\n<p>Only research and Initiative d\u2019Excellence d\u2019Universit\u00e9 C\u00f4te d\u2019Azur activities will be accepted for evaluation. The submission of a research project must be made by a <strong>permanent researcher<\/strong>. <\/p>\n\n\n\n<p>The results of the experiments carried out on the cluster must be published. Any publication using results obtained thanks to the attributed computing resources must make reference to the Initiative d\u2019Excellence d\u2019Universit\u00e9 C\u00f4te d\u2019Azur, OPAL and the Universit\u00e9 C\u00f4te d\u2019Azur Computing Centre (see quote\u00a0<a rel=\"noreferrer noopener\" href=\"https:\/\/calculs.univ-cotedazur.fr\/?page_id=518&amp;lang=en\" data-type=\"page\" data-id=\"518\" target=\"_blank\">here<\/a>).<\/p>\n\n\n\n<p>If you estimate that your project requires more than 500,000 computing hours per year, we advise you to contact&nbsp;<a href=\"http:\/\/www.genci.fr\/en\" target=\"_blank\" rel=\"noreferrer noopener\">GENCI<\/a>&nbsp;national center. A presentation of GENCI\u2019s computing resources can be found&nbsp;<a href=\"http:\/\/calculs.univ-cotedazur.fr\/wp-content\/uploads\/2020\/02\/Presentation-GENCI-INRIA-SOPHIA.pptx\" target=\"_blank\" rel=\"noreferrer noopener\">here<\/a>.<\/p>\n\n\n\n<p>Universit\u00e9 C\u00f4te d\u2019Azur members whose request is approved will automatically be OPAL accredited for one year (renewable). OPAL allows you to request computing hours on other clusters (see their list <a rel=\"noreferrer noopener\" href=\"https:\/\/univ-cotedazur.eu\/services-for-research-scientists\/opal-computing-center\" target=\"_blank\">here<\/a>).<\/p>\n\n\n\n<p>The information notice (in French) can be read&nbsp;<a rel=\"noreferrer noopener\" href=\"https:\/\/calculs.univ-cotedazur.fr\/?page_id=612\" target=\"_blank\">by clicking here<\/a>.<\/p>\n\n\n<div class=\"wpforms-container wpforms-container-full\" id=\"wpforms-1108\"><form id=\"wpforms-form-1108\" class=\"wpforms-validate wpforms-form wpforms-ajax-form\" data-formid=\"1108\" method=\"post\" enctype=\"multipart\/form-data\" action=\"\/index.php?rest_route=%2Fwp%2Fv2%2Fpages%2F1109&#038;wpforms_form_id=1108\" data-token=\"51a3088ff8914dcb88987986cf2e91c2\"><noscript class=\"wpforms-error-noscript\">Veuillez activer JavaScript dans votre navigateur pour remplir ce formulaire.<\/noscript><div class=\"wpforms-field-container\"><div id=\"wpforms-1108-field_4-container\" class=\"wpforms-field wpforms-field-radio wpforms-list-inline\" data-field-id=\"4\"><label class=\"wpforms-field-label\" for=\"wpforms-1108-field_4\">What is the type of your project? <span class=\"wpforms-required-label\">*<\/span><\/label><ul id=\"wpforms-1108-field_4\" class=\"wpforms-field-required\"><li class=\"choice-1 depth-1\"><input type=\"radio\" id=\"wpforms-1108-field_4_1\" name=\"wpforms[fields][4]\" value=\"Research project\" required ><label class=\"wpforms-field-label-inline\" for=\"wpforms-1108-field_4_1\">Research project<\/label><\/li><li class=\"choice-2 depth-1\"><input type=\"radio\" id=\"wpforms-1108-field_4_2\" name=\"wpforms[fields][4]\" value=\"IDEX project\" required ><label class=\"wpforms-field-label-inline\" for=\"wpforms-1108-field_4_2\">IDEX project<\/label><\/li><\/ul><\/div><div id=\"wpforms-1108-field_6-container\" class=\"wpforms-field wpforms-field-text\" data-field-id=\"6\"><label class=\"wpforms-field-label\" for=\"wpforms-1108-field_6\">Project title <span class=\"wpforms-required-label\">*<\/span><\/label><input type=\"text\" id=\"wpforms-1108-field_6\" class=\"wpforms-field-medium wpforms-field-required\" name=\"wpforms[fields][6]\" required><\/div><div id=\"wpforms-1108-field_7-container\" class=\"wpforms-field wpforms-field-text\" data-field-id=\"7\"><label class=\"wpforms-field-label\" for=\"wpforms-1108-field_7\">Laboratory <span class=\"wpforms-required-label\">*<\/span><\/label><input type=\"text\" id=\"wpforms-1108-field_7\" class=\"wpforms-field-medium wpforms-field-required\" name=\"wpforms[fields][7]\" required><\/div><div id=\"wpforms-1108-field_1-container\" class=\"wpforms-field wpforms-field-name\" data-field-id=\"1\"><label class=\"wpforms-field-label\" for=\"wpforms-1108-field_1\">Scientific leader of the project <span class=\"wpforms-required-label\">*<\/span><\/label><div class=\"wpforms-field-row wpforms-field-medium\"><div class=\"wpforms-field-row-block wpforms-first wpforms-one-half\"><input type=\"text\" id=\"wpforms-1108-field_1\" class=\"wpforms-field-name-first wpforms-field-required\" name=\"wpforms[fields][1][first]\" required><label for=\"wpforms-1108-field_1\" class=\"wpforms-field-sublabel after \">Pr\u00e9nom<\/label><\/div><div class=\"wpforms-field-row-block wpforms-one-half\"><input type=\"text\" id=\"wpforms-1108-field_1-last\" class=\"wpforms-field-name-last wpforms-field-required\" name=\"wpforms[fields][1][last]\" required><label for=\"wpforms-1108-field_1-last\" class=\"wpforms-field-sublabel after \">Nom<\/label><\/div><\/div><\/div><div id=\"wpforms-1108-field_8-container\" class=\"wpforms-field wpforms-field-text\" data-field-id=\"8\"><label class=\"wpforms-field-label\" for=\"wpforms-1108-field_8\">Title and function<\/label><input type=\"text\" id=\"wpforms-1108-field_8\" class=\"wpforms-field-medium\" name=\"wpforms[fields][8]\" ><\/div><div id=\"wpforms-1108-field_2-container\" class=\"wpforms-field wpforms-field-email\" data-field-id=\"2\"><label class=\"wpforms-field-label\" for=\"wpforms-1108-field_2\">E-mail <span class=\"wpforms-required-label\">*<\/span><\/label><input type=\"email\" id=\"wpforms-1108-field_2\" class=\"wpforms-field-medium wpforms-field-required\" name=\"wpforms[fields][2]\" required><\/div><div id=\"wpforms-1108-field_11-container\" class=\"wpforms-field wpforms-field-text\" data-field-id=\"11\"><label class=\"wpforms-field-label\" for=\"wpforms-1108-field_11\">Phone<\/label><input type=\"text\" id=\"wpforms-1108-field_11\" class=\"wpforms-field-medium\" name=\"wpforms[fields][11]\" ><\/div><div id=\"wpforms-1108-field_10-container\" class=\"wpforms-field wpforms-field-checkbox\" data-field-id=\"10\"><label class=\"wpforms-field-label wpforms-label-hide\" for=\"wpforms-1108-field_10\">OPAL accreditation<\/label><ul id=\"wpforms-1108-field_10\"><li class=\"choice-1 depth-1\"><input type=\"checkbox\" id=\"wpforms-1108-field_10_1\" name=\"wpforms[fields][10][]\" value=\"I am already OPAL accredited by OCA or INRIA or Mines\"  ><label class=\"wpforms-field-label-inline\" for=\"wpforms-1108-field_10_1\">I am already OPAL accredited by OCA or INRIA or Mines<\/label><\/li><\/ul><\/div><div id=\"wpforms-1108-field_9-container\" class=\"wpforms-field wpforms-field-checkbox wpforms-list-inline\" data-field-id=\"9\"><label class=\"wpforms-field-label\" for=\"wpforms-1108-field_9\">Are you interested in using the following machines:<\/label><ul id=\"wpforms-1108-field_9\"><li class=\"choice-1 depth-1\"><input type=\"checkbox\" id=\"wpforms-1108-field_9_1\" name=\"wpforms[fields][9][]\" value=\"GPU\"  ><label class=\"wpforms-field-label-inline\" for=\"wpforms-1108-field_9_1\">GPU<\/label><\/li><li class=\"choice-2 depth-1\"><input type=\"checkbox\" id=\"wpforms-1108-field_9_2\" name=\"wpforms[fields][9][]\" value=\"SMP\"  ><label class=\"wpforms-field-label-inline\" for=\"wpforms-1108-field_9_2\">SMP<\/label><\/li><\/ul><\/div><div id=\"wpforms-1108-field_13-container\" class=\"wpforms-field wpforms-field-email\" data-field-id=\"13\"><label class=\"wpforms-field-label\" for=\"wpforms-1108-field_13\">E-mail of the technical correspondent<\/label><input type=\"email\" id=\"wpforms-1108-field_13\" class=\"wpforms-field-medium\" name=\"wpforms[fields][13]\" ><div class=\"wpforms-field-description\">In charge of machine, network, and security management or of substituting the project leader for operations related to account management within your laboratory.<\/div><\/div><div id=\"wpforms-1108-field_14-container\" class=\"wpforms-field wpforms-field-textarea\" data-field-id=\"14\"><label class=\"wpforms-field-label\" for=\"wpforms-1108-field_14\">Laboratory\/Institute <span class=\"wpforms-required-label\">*<\/span><\/label><textarea id=\"wpforms-1108-field_14\" class=\"wpforms-field-small wpforms-field-required\" name=\"wpforms[fields][14]\" required><\/textarea><div class=\"wpforms-field-description\">Please indicate the name of the laboratory director, the address and the type of laboratory (code of the unit, team or attached entity).<\/div><\/div><div id=\"wpforms-1108-field_15-container\" class=\"wpforms-field wpforms-field-textarea\" data-field-id=\"15\"><label class=\"wpforms-field-label\" for=\"wpforms-1108-field_15\">Give the scientific description of the project or refer to a descriptive file to upload below (.pdf - 10 Mb max) <span class=\"wpforms-required-label\">*<\/span><\/label><textarea id=\"wpforms-1108-field_15\" class=\"wpforms-field-large wpforms-field-required\" name=\"wpforms[fields][15]\" required>See attached file.<\/textarea><div class=\"wpforms-field-description\">At least half a page of description please. This may be included within the cluster's annual activity report, so please do not include any confidential information.<\/div><\/div><div id=\"wpforms-1108-field_32-container\" class=\"wpforms-field wpforms-field-file-upload\" data-field-id=\"32\"><label class=\"wpforms-field-label wpforms-label-hide\" for=\"wpforms-1108-field_32\">Upload a scientific presentation of the project (.pdf - 10 Mb max)<\/label><div class=\"wpforms-uploader\"\n\tdata-field-id=\"32\"\n\tdata-form-id=\"1108\"\n\tdata-input-name=\"wpforms_1108_32\"\n\tdata-extensions=\"pdf\"\n\tdata-max-size=\"10485760\"\n\tdata-max-file-number=\"1\"\n\tdata-post-max-size=\"209715200\"\n    data-max-parallel-uploads=\"4\"\n    data-parallel-uploads=\"true\"\n\tdata-file-chunk-size=\"2097152\">\n\t<div class=\"dz-message\">\n\t\t<svg viewBox=\"0 0 1024 1024\" focusable=\"false\" class=\"\" data-icon=\"inbox\" width=\"50px\" height=\"50px\" fill=\"#B1B1B1\" aria-hidden=\"true\"><path d=\"M885.2 446.3l-.2-.8-112.2-285.1c-5-16.1-19.9-27.2-36.8-27.2H281.2c-17 0-32.1 11.3-36.9 27.6L139.4 443l-.3.7-.2.8c-1.3 4.9-1.7 9.9-1 14.8-.1 1.6-.2 3.2-.2 4.8V830a60.9 60.9 0 0 0 60.8 60.8h627.2c33.5 0 60.8-27.3 60.9-60.8V464.1c0-1.3 0-2.6-.1-3.7.4-4.9 0-9.6-1.3-14.1zm-295.8-43l-.3 15.7c-.8 44.9-31.8 75.1-77.1 75.1-22.1 0-41.1-7.1-54.8-20.6S436 441.2 435.6 419l-.3-15.7H229.5L309 210h399.2l81.7 193.3H589.4zm-375 76.8h157.3c24.3 57.1 76 90.8 140.4 90.8 33.7 0 65-9.4 90.3-27.2 22.2-15.6 39.5-37.4 50.7-63.6h156.5V814H214.4V480.1z\"><\/path><\/svg>\n\t\t<span class=\"modern-title\">\n\t\t\tCliquez ou d\u00e9placez un fichier dans cette zone pour le t\u00e9l\u00e9verser.\t\t<\/span>\n\n\t\t\t<\/div>\n<\/div>\n<input type=\"text\" class=\"dropzone-input\"\n\tstyle=\"position:absolute!important;clip:rect(0,0,0,0)!important;height:1px!important;width:1px!important;border:0!important;overflow:hidden!important;padding:0!important;margin:0!important;\"\n\tid=\"wpforms-1108-field_32\"\n\tname=\"wpforms_1108_32\" >\n<\/div><div id=\"wpforms-1108-field_16-container\" class=\"wpforms-field wpforms-field-textarea\" data-field-id=\"16\"><label class=\"wpforms-field-label\" for=\"wpforms-1108-field_16\">Support for the project<\/label><textarea id=\"wpforms-1108-field_16\" class=\"wpforms-field-small\" name=\"wpforms[fields][16]\" ><\/textarea><div class=\"wpforms-field-description\">If the project is financially supported by the ANR, a competitiveness cluster, an industrial or European contract (etc.), please indicate it here (including the funding period and the total amount of funding provided)<\/div><\/div><div id=\"wpforms-1108-field_17-container\" class=\"wpforms-field wpforms-field-textarea\" data-field-id=\"17\"><label class=\"wpforms-field-label\" for=\"wpforms-1108-field_17\">Project team <span class=\"wpforms-required-label\">*<\/span><\/label><textarea id=\"wpforms-1108-field_17\" class=\"wpforms-field-small wpforms-field-required\" name=\"wpforms[fields][17]\" required><\/textarea><div class=\"wpforms-field-description\">Please indicate the human resources (number and if possible name and quality) your laboratory plans to allocate to the project.<\/div><\/div><div id=\"wpforms-1108-field_20-container\" class=\"wpforms-field wpforms-field-number\" data-field-id=\"20\"><label class=\"wpforms-field-label\" for=\"wpforms-1108-field_20\">Requested volume of computing hours  <span class=\"wpforms-required-label\">*<\/span><\/label><input type=\"number\" pattern=\"\\d*\" id=\"wpforms-1108-field_20\" class=\"wpforms-field-medium wpforms-field-required\" name=\"wpforms[fields][20]\" required><div class=\"wpforms-field-description\">A quota of computing hours on the cluster will be allocated to your project for one year, renewable upon request (your request should include an activity report in order for it to be evaluated).\r\nFor requests exceeding 500,000 hours, a prior technical expertise of your project will be carried out by our team.\r\n<\/div><\/div><div id=\"wpforms-1108-field_22-container\" class=\"wpforms-field wpforms-field-textarea\" data-field-id=\"22\"><label class=\"wpforms-field-label\" for=\"wpforms-1108-field_22\">Job description <span class=\"wpforms-required-label\">*<\/span><\/label><textarea id=\"wpforms-1108-field_22\" class=\"wpforms-field-small wpforms-field-required\" name=\"wpforms[fields][22]\" required><\/textarea><div class=\"wpforms-field-description\">Duration of the job (hours), max memory, number of cores (if known). If GPU: number of GPU cards.\r\n\r\n<\/div><\/div><div id=\"wpforms-1108-field_23-container\" class=\"wpforms-field wpforms-field-checkbox\" data-field-id=\"23\"><label class=\"wpforms-field-label wpforms-label-hide\" for=\"wpforms-1108-field_23\">Checkpoints<\/label><ul id=\"wpforms-1108-field_23\"><li class=\"choice-1 depth-1\"><input type=\"checkbox\" id=\"wpforms-1108-field_23_1\" name=\"wpforms[fields][23][]\" value=\"Use of checkpoints in the code\"  ><label class=\"wpforms-field-label-inline\" for=\"wpforms-1108-field_23_1\">Use of checkpoints in the code<\/label><\/li><\/ul><div class=\"wpforms-field-description\">It is strongly recommended to add checkpoints to the code (especially in case of long jobs) as they will be automatically stopped by the resource manager once the walltime is reached.<\/div><\/div><div id=\"wpforms-1108-field_21-container\" class=\"wpforms-field wpforms-field-textarea\" data-field-id=\"21\"><label class=\"wpforms-field-label\" for=\"wpforms-1108-field_21\">Indicate if your job has already run on a computing platform or complementary regional or national IT tools are also used to carry out the project<\/label><textarea id=\"wpforms-1108-field_21\" class=\"wpforms-field-small\" name=\"wpforms[fields][21]\" ><\/textarea><\/div><div id=\"wpforms-1108-field_24-container\" class=\"wpforms-field wpforms-field-textarea\" data-field-id=\"24\"><label class=\"wpforms-field-label\" for=\"wpforms-1108-field_24\">What software, programming language(s) and libraries do you need to run your jobs? <span class=\"wpforms-required-label\">*<\/span><\/label><textarea id=\"wpforms-1108-field_24\" class=\"wpforms-field-small wpforms-field-required\" name=\"wpforms[fields][24]\" required><\/textarea><div class=\"wpforms-field-description\">Please provide any useful information, including: version number, compilation options, link to download the source code, ...<\/div><\/div><div id=\"wpforms-1108-field_25-container\" class=\"wpforms-field wpforms-field-text\" data-field-id=\"25\"><label class=\"wpforms-field-label\" for=\"wpforms-1108-field_25\">What is the estimated total volume of data generated by your project? <\/label><input type=\"text\" id=\"wpforms-1108-field_25\" class=\"wpforms-field-medium\" name=\"wpforms[fields][25]\" ><div class=\"wpforms-field-description\">Warning: we do not backup or archive your data.<\/div><\/div><div id=\"wpforms-1108-field_26-container\" class=\"wpforms-field wpforms-field-radio wpforms-list-inline wpforms-conditional-trigger\" data-field-id=\"26\"><label class=\"wpforms-field-label\" for=\"wpforms-1108-field_26\">If your project involves the processing of personal data, this must be documented beforehand in accordance with the DPO of your structure.  Sensitive data include: Racial or ethnic origin, Political opinions, philosophical or religious convictions, Trade-union membership, Genetic data, Biometric data for authentication or identification, Data concerning health, Data concerning sexual orientation or sex life of an individual, Data relating to offences or criminal convictions, NIR \/ n\u00b0INSEE. Does your project process sensitive data? <span class=\"wpforms-required-label\">*<\/span><\/label><ul id=\"wpforms-1108-field_26\" class=\"wpforms-field-required\"><li class=\"choice-1 depth-1\"><input type=\"radio\" id=\"wpforms-1108-field_26_1\" name=\"wpforms[fields][26]\" value=\"Yes\" required ><label class=\"wpforms-field-label-inline\" for=\"wpforms-1108-field_26_1\">Yes<\/label><\/li><li class=\"choice-2 depth-1\"><input type=\"radio\" id=\"wpforms-1108-field_26_2\" name=\"wpforms[fields][26]\" value=\"No\" required ><label class=\"wpforms-field-label-inline\" for=\"wpforms-1108-field_26_2\">No<\/label><\/li><\/ul><\/div><div id=\"wpforms-1108-field_27-container\" class=\"wpforms-field wpforms-field-textarea wpforms-conditional-field wpforms-conditional-show\" data-field-id=\"27\" style=\"display:none;\"><label class=\"wpforms-field-label\" for=\"wpforms-1108-field_27\">If you answered yes, what steps have you taken to anonymize or de-identify the data?  <span class=\"wpforms-required-label\">*<\/span><\/label><textarea id=\"wpforms-1108-field_27\" class=\"wpforms-field-small wpforms-field-required\" name=\"wpforms[fields][27]\" required><\/textarea><\/div><div id=\"wpforms-1108-field_28-container\" class=\"wpforms-field wpforms-field-textarea\" data-field-id=\"28\"><label class=\"wpforms-field-label\" for=\"wpforms-1108-field_28\">User accounts <span class=\"wpforms-required-label\">*<\/span><\/label><textarea id=\"wpforms-1108-field_28\" class=\"wpforms-field-medium wpforms-field-required\" name=\"wpforms[fields][28]\" required><\/textarea><div class=\"wpforms-field-description\">For each user: last name, first name, e-mail and affiliation unit\/laboratory\/company.<\/div><\/div><\/div><div class=\"wpforms-recaptcha-container wpforms-is-recaptcha\" ><div class=\"g-recaptcha\" data-sitekey=\"6LcBHUcaAAAAAP1g6GSm14ovGrjrUlYhvKtvs3Uw\"><\/div><input type=\"text\" name=\"g-recaptcha-hidden\" class=\"wpforms-recaptcha-hidden\" style=\"position:absolute!important;clip:rect(0,0,0,0)!important;height:1px!important;width:1px!important;border:0!important;overflow:hidden!important;padding:0!important;margin:0!important;\" required><\/div><div class=\"wpforms-submit-container\" ><input type=\"hidden\" name=\"wpforms[id]\" value=\"1108\"><input type=\"hidden\" name=\"wpforms[author]\" value=\"1\"><button type=\"submit\" name=\"wpforms[submit]\" class=\"wpforms-submit \" id=\"wpforms-submit-1108\" value=\"wpforms-submit\" aria-live=\"assertive\" data-alt-text=\"Please wait...\" data-submit-text=\"Submit\">Submit<\/button><img src=\"https:\/\/calculs.univ-cotedazur.fr\/wp-content\/plugins\/wpforms\/assets\/images\/submit-spin.svg\" class=\"wpforms-submit-spinner\" style=\"display: none;\" width=\"26\" height=\"26\" alt=\"\"><\/div><\/form><\/div>  <!-- .wpforms-container -->","protected":false},"excerpt":{"rendered":"<p>Azzurra is open to all Universit\u00e9 C\u00f4te d&rsquo;Azur entities (which includes INRIA and OCA). Access to the cluster is given after validation by the Scientific Committee. Access is free of charge, valid for one year and renewable upon request. At &hellip; <\/p>\n","protected":false},"author":1,"featured_media":0,"parent":466,"menu_order":0,"comment_status":"closed","ping_status":"closed","template":"","meta":[],"_links":{"self":[{"href":"https:\/\/calculs.univ-cotedazur.fr\/index.php?rest_route=\/wp\/v2\/pages\/1109"}],"collection":[{"href":"https:\/\/calculs.univ-cotedazur.fr\/index.php?rest_route=\/wp\/v2\/pages"}],"about":[{"href":"https:\/\/calculs.univ-cotedazur.fr\/index.php?rest_route=\/wp\/v2\/types\/page"}],"author":[{"embeddable":true,"href":"https:\/\/calculs.univ-cotedazur.fr\/index.php?rest_route=\/wp\/v2\/users\/1"}],"replies":[{"embeddable":true,"href":"https:\/\/calculs.univ-cotedazur.fr\/index.php?rest_route=%2Fwp%2Fv2%2Fcomments&post=1109"}],"version-history":[{"count":13,"href":"https:\/\/calculs.univ-cotedazur.fr\/index.php?rest_route=\/wp\/v2\/pages\/1109\/revisions"}],"predecessor-version":[{"id":2976,"href":"https:\/\/calculs.univ-cotedazur.fr\/index.php?rest_route=\/wp\/v2\/pages\/1109\/revisions\/2976"}],"up":[{"embeddable":true,"href":"https:\/\/calculs.univ-cotedazur.fr\/index.php?rest_route=\/wp\/v2\/pages\/466"}],"wp:attachment":[{"href":"https:\/\/calculs.univ-cotedazur.fr\/index.php?rest_route=%2Fwp%2Fv2%2Fmedia&parent=1109"}],"curies":[{"name":"wp","href":"https:\/\/api.w.org\/{rel}","templated":true}]}}