{"id":1144,"date":"2021-02-12T10:36:46","date_gmt":"2021-02-12T09:36:46","guid":{"rendered":"http:\/\/calculs.univ-cotedazur.fr\/?page_id=1144"},"modified":"2026-03-11T11:52:53","modified_gmt":"2026-03-11T10:52:53","slug":"user-charter","status":"publish","type":"page","link":"https:\/\/calculs.univ-cotedazur.fr\/?page_id=1144&lang=en","title":{"rendered":"Add a new user to an existing project"},"content":{"rendered":"\n<p>Only students and employees of a Universit\u00e9 C\u00f4te d&rsquo;Azur entity can request an access on Azzurra. <\/p>\n\n\n\n<p>OCA or Inria staff must first be OPAL accredited (request this from your local \u00ab\u00a0DSI\u00a0\u00bb).<\/p>\n\n\n\n<p><strong>Prior to granting access to Azzurra, each user of a validated project must complete the form on this page and upload the following documents:<\/strong><\/p>\n\n\n<div class=\"wpforms-container wpforms-container-full\" id=\"wpforms-2274\"><form id=\"wpforms-form-2274\" class=\"wpforms-validate wpforms-form\" data-formid=\"2274\" method=\"post\" enctype=\"multipart\/form-data\" action=\"\/index.php?rest_route=%2Fwp%2Fv2%2Fpages%2F1144&#038;wpforms_form_id=2274\" data-token=\"f6999ad6afa2a0e5c6a1c76050462a87\"><noscript class=\"wpforms-error-noscript\">Veuillez activer JavaScript dans votre navigateur pour remplir ce formulaire.<\/noscript><div class=\"wpforms-field-container\"><div id=\"wpforms-2274-field_1-container\" class=\"wpforms-field wpforms-field-text\" data-field-id=\"1\"><label class=\"wpforms-field-label\" for=\"wpforms-2274-field_1\">Name of the project on Azzurra or name of the scientific leader <span class=\"wpforms-required-label\">*<\/span><\/label><input type=\"text\" id=\"wpforms-2274-field_1\" class=\"wpforms-field-medium wpforms-field-required\" name=\"wpforms[fields][1]\" required><\/div><div id=\"wpforms-2274-field_5-container\" class=\"wpforms-field wpforms-field-email\" data-field-id=\"5\"><label class=\"wpforms-field-label\" for=\"wpforms-2274-field_5\">Academic e-mail of the new user <span class=\"wpforms-required-label\">*<\/span><\/label><input type=\"email\" id=\"wpforms-2274-field_5\" class=\"wpforms-field-medium wpforms-field-required\" name=\"wpforms[fields][5]\" required><\/div><div id=\"wpforms-2274-field_6-container\" class=\"wpforms-field wpforms-field-text\" data-field-id=\"6\"><label class=\"wpforms-field-label\" for=\"wpforms-2274-field_6\">Static academic IP<\/label><input type=\"text\" id=\"wpforms-2274-field_6\" class=\"wpforms-field-medium\" name=\"wpforms[fields][6]\" ><div class=\"wpforms-field-description\">If you work from your office at UniCA, we may allow a direct connection between your computer and Azzurra.<\/div><\/div><div id=\"wpforms-2274-field_2-container\" class=\"wpforms-field wpforms-field-file-upload\" data-field-id=\"2\"><label class=\"wpforms-field-label\" for=\"wpforms-2274-field_2\">Charter for the use of Azzurra (in French). You can find this document at the bottom of this page. <span class=\"wpforms-required-label\">*<\/span><\/label><div class=\"wpforms-uploader\"\n\tdata-field-id=\"2\"\n\tdata-form-id=\"2274\"\n\tdata-input-name=\"wpforms_2274_2\"\n\tdata-extensions=\"pdf,pdf,jpeg,jpg,png,png,jpg,jpeg\"\n\tdata-max-size=\"3145728\"\n\tdata-max-file-number=\"1\"\n\tdata-post-max-size=\"209715200\"\n    data-max-parallel-uploads=\"4\"\n    data-parallel-uploads=\"true\"\n\tdata-file-chunk-size=\"2097152\">\n\t<div class=\"dz-message\">\n\t\t<svg viewBox=\"0 0 1024 1024\" focusable=\"false\" class=\"\" data-icon=\"inbox\" width=\"50px\" height=\"50px\" fill=\"#B1B1B1\" aria-hidden=\"true\"><path d=\"M885.2 446.3l-.2-.8-112.2-285.1c-5-16.1-19.9-27.2-36.8-27.2H281.2c-17 0-32.1 11.3-36.9 27.6L139.4 443l-.3.7-.2.8c-1.3 4.9-1.7 9.9-1 14.8-.1 1.6-.2 3.2-.2 4.8V830a60.9 60.9 0 0 0 60.8 60.8h627.2c33.5 0 60.8-27.3 60.9-60.8V464.1c0-1.3 0-2.6-.1-3.7.4-4.9 0-9.6-1.3-14.1zm-295.8-43l-.3 15.7c-.8 44.9-31.8 75.1-77.1 75.1-22.1 0-41.1-7.1-54.8-20.6S436 441.2 435.6 419l-.3-15.7H229.5L309 210h399.2l81.7 193.3H589.4zm-375 76.8h157.3c24.3 57.1 76 90.8 140.4 90.8 33.7 0 65-9.4 90.3-27.2 22.2-15.6 39.5-37.4 50.7-63.6h156.5V814H214.4V480.1z\"><\/path><\/svg>\n\t\t<span class=\"modern-title\">\n\t\t\tCliquez ou d\u00e9placez un fichier dans cette zone pour le t\u00e9l\u00e9verser.\t\t<\/span>\n\n\t\t\t<\/div>\n<\/div>\n<input type=\"text\" class=\"dropzone-input\"\n\tstyle=\"position:absolute!important;clip:rect(0,0,0,0)!important;height:1px!important;width:1px!important;border:0!important;overflow:hidden!important;padding:0!important;margin:0!important;\"\n\tid=\"wpforms-2274-field_2\"\n\tname=\"wpforms_2274_2\" required>\n<\/div><div id=\"wpforms-2274-field_3-container\" class=\"wpforms-field wpforms-field-file-upload\" data-field-id=\"3\"><label class=\"wpforms-field-label\" for=\"wpforms-2274-field_3\">\u201cCharte de Bon Usage de l\u2019Informatique et des R\u00e9seaux\u201d from the Universit\u00e9 de Nice Sophia-Antipolis. You can find this document at the bottom of this page. <span class=\"wpforms-required-label\">*<\/span><\/label><div class=\"wpforms-uploader\"\n\tdata-field-id=\"3\"\n\tdata-form-id=\"2274\"\n\tdata-input-name=\"wpforms_2274_3\"\n\tdata-extensions=\"pdf,pdf,jpeg,jpg,png,png,jpg,jpeg\"\n\tdata-max-size=\"3145728\"\n\tdata-max-file-number=\"1\"\n\tdata-post-max-size=\"209715200\"\n    data-max-parallel-uploads=\"4\"\n    data-parallel-uploads=\"true\"\n\tdata-file-chunk-size=\"2097152\">\n\t<div class=\"dz-message\">\n\t\t<svg viewBox=\"0 0 1024 1024\" focusable=\"false\" class=\"\" data-icon=\"inbox\" width=\"50px\" height=\"50px\" fill=\"#B1B1B1\" aria-hidden=\"true\"><path d=\"M885.2 446.3l-.2-.8-112.2-285.1c-5-16.1-19.9-27.2-36.8-27.2H281.2c-17 0-32.1 11.3-36.9 27.6L139.4 443l-.3.7-.2.8c-1.3 4.9-1.7 9.9-1 14.8-.1 1.6-.2 3.2-.2 4.8V830a60.9 60.9 0 0 0 60.8 60.8h627.2c33.5 0 60.8-27.3 60.9-60.8V464.1c0-1.3 0-2.6-.1-3.7.4-4.9 0-9.6-1.3-14.1zm-295.8-43l-.3 15.7c-.8 44.9-31.8 75.1-77.1 75.1-22.1 0-41.1-7.1-54.8-20.6S436 441.2 435.6 419l-.3-15.7H229.5L309 210h399.2l81.7 193.3H589.4zm-375 76.8h157.3c24.3 57.1 76 90.8 140.4 90.8 33.7 0 65-9.4 90.3-27.2 22.2-15.6 39.5-37.4 50.7-63.6h156.5V814H214.4V480.1z\"><\/path><\/svg>\n\t\t<span class=\"modern-title\">\n\t\t\tCliquez ou d\u00e9placez un fichier dans cette zone pour le t\u00e9l\u00e9verser.\t\t<\/span>\n\n\t\t\t<\/div>\n<\/div>\n<input type=\"text\" class=\"dropzone-input\"\n\tstyle=\"position:absolute!important;clip:rect(0,0,0,0)!important;height:1px!important;width:1px!important;border:0!important;overflow:hidden!important;padding:0!important;margin:0!important;\"\n\tid=\"wpforms-2274-field_3\"\n\tname=\"wpforms_2274_3\" required>\n<\/div><div id=\"wpforms-2274-field_8-container\" class=\"wpforms-field wpforms-field-textarea\" data-field-id=\"8\"><label class=\"wpforms-field-label\" for=\"wpforms-2274-field_8\">Public SSH key of the new user (content of your id_ed25519.pub file) <span class=\"wpforms-required-label\">*<\/span><\/label><textarea id=\"wpforms-2274-field_8\" class=\"wpforms-field-medium wpforms-field-required\" name=\"wpforms[fields][8]\" required><\/textarea><\/div><div id=\"wpforms-2274-field_9-container\" class=\"wpforms-field wpforms-field-checkbox\" data-field-id=\"9\"><ul id=\"wpforms-2274-field_9\"><li class=\"choice-1 depth-1\"><input type=\"checkbox\" id=\"wpforms-2274-field_9_1\" name=\"wpforms[fields][9][]\" value=\"If I am an Inria or OCA employee, I confirm that I have requested and obtained OPAL accreditation from my IT department.\"  ><label class=\"wpforms-field-label-inline\" for=\"wpforms-2274-field_9_1\">If I am an Inria or OCA employee, I confirm that I have requested and obtained OPAL accreditation from my IT department.<\/label><\/li><\/ul><\/div><\/div><div class=\"wpforms-submit-container\" ><input type=\"hidden\" name=\"wpforms[id]\" value=\"2274\"><input type=\"hidden\" name=\"wpforms[author]\" value=\"1\"><button type=\"submit\" name=\"wpforms[submit]\" class=\"wpforms-submit \" id=\"wpforms-submit-2274\" value=\"wpforms-submit\" aria-live=\"assertive\" data-alt-text=\"Sending...\" data-submit-text=\"Submit\">Submit<\/button><\/div><\/form><\/div>  <!-- .wpforms-container -->\n\n\n<ul><li>The <a rel=\"noreferrer noopener\" href=\"http:\/\/calculs.univ-cotedazur.fr\/wp-content\/uploads\/2020\/05\/Charte-dutilisation-Azzurra.pdf\" target=\"_blank\">charter for the use of Azzurra (in French)<\/a>&nbsp;<\/li><li>The \u201c<a rel=\"noreferrer noopener\" href=\"http:\/\/calculs.univ-cotedazur.fr\/wp-content\/uploads\/2020\/05\/4_charte_informatique.pdf\" target=\"_blank\">Charte de Bon Usage de l\u2019Informatique et des R\u00e9seaux<\/a>\u201d from the Universit\u00e9 de Nice Sophia-Antipolis. <\/li><\/ul>\n\n\n\n<p>For the non French speaking users: a translation of the charter for the use of Azzurra, purely&nbsp;informational and unofficial,&nbsp;<a rel=\"noreferrer noopener\" href=\"http:\/\/calculs.univ-cotedazur.fr\/wp-content\/uploads\/2020\/12\/Translation-charte-utilisation-Azzurra.pdf\" target=\"_blank\">can be read here<\/a>. In any case, please send us only the French version signed.<\/p>\n\n\n\n<p><strong>Users are also asked to submit their public SSH key, which can be easily generated following <a rel=\"noreferrer noopener\" href=\"https:\/\/calculs.univ-cotedazur.fr\/?page_id=1675&amp;lang=en\" data-type=\"page\" data-id=\"1675\" target=\"_blank\">this tutorial<\/a>.<\/strong><\/p>\n","protected":false},"excerpt":{"rendered":"<p>Only students and employees of a Universit\u00e9 C\u00f4te d&rsquo;Azur entity can request an access on Azzurra. OCA or Inria staff must first be OPAL accredited (request this from your local \u00ab\u00a0DSI\u00a0\u00bb). Prior to granting access to Azzurra, each user of &hellip; <\/p>\n","protected":false},"author":1,"featured_media":0,"parent":1129,"menu_order":0,"comment_status":"closed","ping_status":"closed","template":"","meta":[],"_links":{"self":[{"href":"https:\/\/calculs.univ-cotedazur.fr\/index.php?rest_route=\/wp\/v2\/pages\/1144"}],"collection":[{"href":"https:\/\/calculs.univ-cotedazur.fr\/index.php?rest_route=\/wp\/v2\/pages"}],"about":[{"href":"https:\/\/calculs.univ-cotedazur.fr\/index.php?rest_route=\/wp\/v2\/types\/page"}],"author":[{"embeddable":true,"href":"https:\/\/calculs.univ-cotedazur.fr\/index.php?rest_route=\/wp\/v2\/users\/1"}],"replies":[{"embeddable":true,"href":"https:\/\/calculs.univ-cotedazur.fr\/index.php?rest_route=%2Fwp%2Fv2%2Fcomments&post=1144"}],"version-history":[{"count":9,"href":"https:\/\/calculs.univ-cotedazur.fr\/index.php?rest_route=\/wp\/v2\/pages\/1144\/revisions"}],"predecessor-version":[{"id":3304,"href":"https:\/\/calculs.univ-cotedazur.fr\/index.php?rest_route=\/wp\/v2\/pages\/1144\/revisions\/3304"}],"up":[{"embeddable":true,"href":"https:\/\/calculs.univ-cotedazur.fr\/index.php?rest_route=\/wp\/v2\/pages\/1129"}],"wp:attachment":[{"href":"https:\/\/calculs.univ-cotedazur.fr\/index.php?rest_route=%2Fwp%2Fv2%2Fmedia&parent=1144"}],"curies":[{"name":"wp","href":"https:\/\/api.w.org\/{rel}","templated":true}]}}