{"id":1173,"date":"2021-03-01T14:09:49","date_gmt":"2021-03-01T13:09:49","guid":{"rendered":"http:\/\/calculs.univ-cotedazur.fr\/?page_id=1173"},"modified":"2023-07-25T10:14:04","modified_gmt":"2023-07-25T08:14:04","slug":"temoignages-de-chercheurs","status":"publish","type":"page","link":"https:\/\/calculs.univ-cotedazur.fr\/?page_id=1173","title":{"rendered":"D\u00e9couvrez des projets"},"content":{"rendered":"\n<p>Cette page liste des projets scientifiques dont certaines des exp\u00e9rimentations sont men\u00e9es sur Azzurra. Chaque pr\u00e9sentation explique l&rsquo;int\u00e9r\u00eat pour les chercheurs d&rsquo;utiliser notre centre de calculs.<\/p>\n\n\n\n<ul><li><a rel=\"noreferrer noopener\" href=\"https:\/\/msi.univ-cotedazur.fr\/simulations-de-suspensions-non-browniennes-concentrees-avec-openfoam\" target=\"_blank\"><strong><em>Simulations de suspensions non Browniennes concentr\u00e9es avec OpenFOAM<\/em><\/strong><\/a> par <strong>Fran\u00e7ois PETERS<\/strong>\u00a0(Ma\u00eetre de Conf\u00e9rences),\u00a0<strong>Laurent LOBRY<\/strong>\u00a0(Ma\u00eetre de Conf\u00e9rences) et\u00a0<strong>Michel ORSI<\/strong>\u00a0(Doctorant), de l&rsquo;\u00e9quipe de recherche\u00a0<a rel=\"noreferrer noopener\" href=\"https:\/\/inphyni.cnrs.fr\/fr\/recherche\/physique-non-lineaire-fluides-complexes-et-biophysique\/rheologie-des-suspensions-concentrees\" target=\"_blank\"><em>Rh\u00e9ologie des suspensions concentr\u00e9es<\/em><\/a> de l\u2019Institut de Physique de Nice, CNRS, Universit\u00e9 C\u00f4te d\u2019Azur.<\/li><li><em><strong><a rel=\"noreferrer noopener\" href=\"https:\/\/msi.univ-cotedazur.fr\/modelisation-hydro-sedimentaire-des-impacts-de-la-tempete-alex-sur-les-bassins-de-la-vesubie-et-de-la-roya\" data-type=\"page\" target=\"_blank\">Mod\u00e9lisation hydro-s\u00e9dimentaire des impacts de la temp\u00eate ALEX sur les bassins de la V\u00e9subie et de la Roya<\/a><\/strong><\/em> par <strong>Rabab YASSINE<\/strong> (ATER) et <strong>Pierre BRIGODE<\/strong> (Ma\u00eetre de Conf\u00e9rences) de l\u2019<a rel=\"noreferrer noopener\" href=\"https:\/\/www.oca.eu\/fr\/membres-equipe-risques-geoazur\" target=\"_blank\">\u00e9quipe Risques<\/a>, UMR G\u00e9oazur, et par <strong>Yan JORON<\/strong> (\u00e9tudiant en G\u00e9nie de l&rsquo;eau \u00e0 Polytech Nice Sophia).<\/li><li><em><strong><a rel=\"noreferrer noopener\" href=\"https:\/\/msi.univ-cotedazur.fr\/simulations-de-complexes-biomoleculaires-impliques-dans-les-sens-chimiques-olfaction-gustation\" target=\"_blank\">Simulations de complexes biomol\u00e9culaires impliqu\u00e9s dans les sens chimiques (olfaction, gustation)<\/a><\/strong><\/em> est un projet men\u00e9 au sein de l\u2019<strong>Institut de Chimie de Nice<\/strong>, UMR 7272 CNRS, Universit\u00e9 C\u00f4te d\u2019Azur par\u00a0<strong>S\u00e9bastien Fiorucci<\/strong>\u00a0(Ma\u00eetre de Conf\u00e9rences),\u00a0<strong>J\u00e9r\u00e9mie Topin<\/strong>\u00a0(Ma\u00eetre de Conf\u00e9rences) et\u00a0<strong>J\u00e9r\u00f4me Golebiowski<\/strong>\u00a0(Professeur d\u2019Universit\u00e9).<\/li><li><a rel=\"noreferrer noopener\" href=\"https:\/\/msi.univ-cotedazur.fr\/actualites\/graines-de-dynamo\" target=\"_blank\"><em><strong>Graines de dynamo<\/strong><\/em><\/a> est un projet men\u00e9 au sein de LJAD \/ INRIA \/ Lagrange (OCA) \/ CNRS par <strong>Paul Mannix<\/strong>, <strong>Yannick Ponty<\/strong> et <strong>Florence Marcotte<\/strong>.<\/li><li><em><strong><a rel=\"noreferrer noopener\" href=\"https:\/\/msi.univ-cotedazur.fr\/a-propos\/vie-de-la-msi\/actualites\/reconnaissance-des-ecritures-imprimees-et-manuscrites-des-documents-chinois-anciens-le-projet-de-recherche-numerica-sinologica\" target=\"_blank\">Numerica Sinologica<\/a><\/strong><\/em> qui implique, pour Universit\u00e9 C\u00f4te d\u2019Azur, le professeur <strong>Fr\u00e9d\u00e9ric Constant<\/strong> (Ermes UPR 1198 et IAO UMR 5062).<\/li><\/ul>\n\n\n\n<p>Vous souhaitez nous faire parvenir votre t\u00e9moignage ? Contactez-nous \u00e0 <strong>centre-calculs&nbsp;<\/strong>[dot]<strong>&nbsp;cs<\/strong>&nbsp;[at]&nbsp;<strong>univ-cotedazur<\/strong>&nbsp;[dot]&nbsp;<strong>fr<\/strong><\/p>\n","protected":false},"excerpt":{"rendered":"<p>Cette page liste des projets scientifiques dont certaines des exp\u00e9rimentations sont men\u00e9es sur Azzurra. Chaque pr\u00e9sentation explique l&rsquo;int\u00e9r\u00eat pour les chercheurs d&rsquo;utiliser notre centre de calculs. Simulations de suspensions non Browniennes concentr\u00e9es avec OpenFOAM par Fran\u00e7ois PETERS\u00a0(Ma\u00eetre de Conf\u00e9rences),\u00a0Laurent LOBRY\u00a0(Ma\u00eetre &hellip; <\/p>\n","protected":false},"author":1,"featured_media":0,"parent":694,"menu_order":0,"comment_status":"closed","ping_status":"closed","template":"","meta":[],"_links":{"self":[{"href":"https:\/\/calculs.univ-cotedazur.fr\/index.php?rest_route=\/wp\/v2\/pages\/1173"}],"collection":[{"href":"https:\/\/calculs.univ-cotedazur.fr\/index.php?rest_route=\/wp\/v2\/pages"}],"about":[{"href":"https:\/\/calculs.univ-cotedazur.fr\/index.php?rest_route=\/wp\/v2\/types\/page"}],"author":[{"embeddable":true,"href":"https:\/\/calculs.univ-cotedazur.fr\/index.php?rest_route=\/wp\/v2\/users\/1"}],"replies":[{"embeddable":true,"href":"https:\/\/calculs.univ-cotedazur.fr\/index.php?rest_route=%2Fwp%2Fv2%2Fcomments&post=1173"}],"version-history":[{"count":23,"href":"https:\/\/calculs.univ-cotedazur.fr\/index.php?rest_route=\/wp\/v2\/pages\/1173\/revisions"}],"predecessor-version":[{"id":2592,"href":"https:\/\/calculs.univ-cotedazur.fr\/index.php?rest_route=\/wp\/v2\/pages\/1173\/revisions\/2592"}],"up":[{"embeddable":true,"href":"https:\/\/calculs.univ-cotedazur.fr\/index.php?rest_route=\/wp\/v2\/pages\/694"}],"wp:attachment":[{"href":"https:\/\/calculs.univ-cotedazur.fr\/index.php?rest_route=%2Fwp%2Fv2%2Fmedia&parent=1173"}],"curies":[{"name":"wp","href":"https:\/\/api.w.org\/{rel}","templated":true}]}}