{"id":13,"date":"2020-02-12T13:40:07","date_gmt":"2020-02-12T12:40:07","guid":{"rendered":"http:\/\/calculs.univ-cotedazur.fr\/?page_id=13"},"modified":"2026-01-07T11:00:12","modified_gmt":"2026-01-07T10:00:12","slug":"presentation-technique","status":"publish","type":"page","link":"https:\/\/calculs.univ-cotedazur.fr\/?page_id=13","title":{"rendered":"Pr\u00e9sentation technique"},"content":{"rendered":"\n<h2><\/h2>\n\n\n\n<div class=\"wp-block-media-text alignwide has-media-on-the-right is-stacked-on-mobile\" style=\"grid-template-columns:auto 33%\"><figure class=\"wp-block-media-text__media\"><img loading=\"lazy\" width=\"1024\" height=\"768\" src=\"http:\/\/calculs.univ-cotedazur.fr\/wp-content\/uploads\/2025\/09\/IMG_20250717_151554-1024x768.jpg\" alt=\"\" class=\"wp-image-3106 size-full\"\/><\/figure><div class=\"wp-block-media-text__content\">\n<p>Le cluster est compos\u00e9 de 82 n\u0153uds de calcul CPU :<\/p>\n\n\n\n<ul><li>31 n\u0153uds disposant chacun de 2 processeurs Intel Xeon Gold 6248 @ 2.5GHz &#8211; 20 c\u0153urs, soit 40 c\u0153urs par n\u0153ud et 192 Go de m\u00e9moire RAM<\/li><li>16 n\u0153uds \u00e9quip\u00e9s de 2 processeurs AMD Epyc 7302 @ 3 GHz &#8211; 16 c\u0153urs, soit 32 c\u0153urs par noeud et 256 Go de m\u00e9moire RAM<\/li><li>35 n\u0153uds \u00e9quip\u00e9s de 2 processeurs AMD Epyc 9124 @ 3 GHz &#8211; 16 c\u0153urs, soit 32 c\u0153urs par n\u0153ud et 384 Go de m\u00e9moire<\/li><\/ul>\n\n\n\n<p>6 n\u0153uds pour le calcul GPU parmi lesquels :<\/p>\n\n\n\n<ul><li>2 n\u0153uds \u00e9quip\u00e9s de : <ul><li>4 cartes GPU Nvidia Tesla V100 32 Go ;<\/li><li>2 CPU Intel Xeon Gold 5218 @ 2.30GHz x 16 coeurs<\/li><li>384 Go de m\u00e9moire RAM<\/li><\/ul><\/li><li>1 n\u0153ud \u00e9quip\u00e9 de :<ul><li>4 cartes GPU Nvidia A100 80 Go<\/li><li>2 CPU Intel Xeon Gold 5320, 2,2GHz x 26 c\u0153urs<\/li><li>512 Go de m\u00e9moire RAM<\/li><\/ul><\/li><li>3 n\u0153uds \u00e9quip\u00e9s de :<ul><li>4 cartes GPU NVIDIA H100 NVL 94 Go<\/li><li>2 processeurs Intel Xeon Gold 5420+ 2 GHz x 28 c\u0153urs <\/li><li>512 Go RAM<\/li><\/ul><\/li><\/ul>\n\n\n\n<p>Et aussi :<\/p>\n\n\n\n<ul><li>1 n\u0153ud de type SMP \u00e0 grande m\u00e9moire : <ul><li>4 processeurs Intel Xeon Gold 5220 @ 2.2GHz x 18 c\u0153urs ;<\/li><li>1,5 To de m\u00e9moire RAM <\/li><\/ul><\/li><\/ul>\n\n\n\n<ul><li>1 n\u0153ud de visualisation :<ul><li>2 processeurs Intel(R) Xeon(R) Gold 6230R CPU @ 2.10GHz &#8211; 26 c\u0153urs chacun<\/li><li>384 Go de m\u00e9moire<\/li><li>Carte graphique Quadro RTX 6000<\/li><\/ul><\/li><\/ul>\n\n\n\n<ul><li>80 To de stockage HomeDir (NFS)<\/li><li>480 To de stockage scratch (BeeGFS)<\/li><li>Interconnexion InfiniBand HDR 200Gb\/s.<\/li><\/ul>\n<\/div><\/div>\n","protected":false},"excerpt":{"rendered":"<p>Le cluster est compos\u00e9 de 82 n\u0153uds de calcul CPU : 31 n\u0153uds disposant chacun de 2 processeurs Intel Xeon Gold 6248 @ 2.5GHz &#8211; 20 c\u0153urs, soit 40 c\u0153urs par n\u0153ud et 192 Go de m\u00e9moire RAM 16 n\u0153uds &hellip; <\/p>\n","protected":false},"author":1,"featured_media":0,"parent":694,"menu_order":0,"comment_status":"closed","ping_status":"closed","template":"","meta":[],"_links":{"self":[{"href":"https:\/\/calculs.univ-cotedazur.fr\/index.php?rest_route=\/wp\/v2\/pages\/13"}],"collection":[{"href":"https:\/\/calculs.univ-cotedazur.fr\/index.php?rest_route=\/wp\/v2\/pages"}],"about":[{"href":"https:\/\/calculs.univ-cotedazur.fr\/index.php?rest_route=\/wp\/v2\/types\/page"}],"author":[{"embeddable":true,"href":"https:\/\/calculs.univ-cotedazur.fr\/index.php?rest_route=\/wp\/v2\/users\/1"}],"replies":[{"embeddable":true,"href":"https:\/\/calculs.univ-cotedazur.fr\/index.php?rest_route=%2Fwp%2Fv2%2Fcomments&post=13"}],"version-history":[{"count":18,"href":"https:\/\/calculs.univ-cotedazur.fr\/index.php?rest_route=\/wp\/v2\/pages\/13\/revisions"}],"predecessor-version":[{"id":3220,"href":"https:\/\/calculs.univ-cotedazur.fr\/index.php?rest_route=\/wp\/v2\/pages\/13\/revisions\/3220"}],"up":[{"embeddable":true,"href":"https:\/\/calculs.univ-cotedazur.fr\/index.php?rest_route=\/wp\/v2\/pages\/694"}],"wp:attachment":[{"href":"https:\/\/calculs.univ-cotedazur.fr\/index.php?rest_route=%2Fwp%2Fv2%2Fmedia&parent=13"}],"curies":[{"name":"wp","href":"https:\/\/api.w.org\/{rel}","templated":true}]}}