{"id":1490,"date":"2021-06-16T14:51:43","date_gmt":"2021-06-16T12:51:43","guid":{"rendered":"http:\/\/calculs.univ-cotedazur.fr\/?page_id=1490"},"modified":"2026-02-11T11:03:38","modified_gmt":"2026-02-11T10:03:38","slug":"inscription-aux-formations","status":"publish","type":"page","link":"https:\/\/calculs.univ-cotedazur.fr\/?page_id=1490","title":{"rendered":"Formations"},"content":{"rendered":"\n<p>La MSI organise r\u00e9guli\u00e8rement des formations gratuites autour du calcul scientifique, ouvertes \u00e0 tous les personnels et \u00e9tudiants d&rsquo;Universit\u00e9 C\u00f4te d\u2019Azur. Afin d&rsquo;\u00eatre tenu(e) au courant des \u00e9v\u00e8nements \u00e0 venir, vous pouvez renseigner votre e-mail :<\/p>\n\n\n\n<div class=\"wp-block-columns\">\n<div class=\"wp-block-column\" style=\"flex-basis:33.33%\"><div class=\"wpforms-container wpforms-container-full\" id=\"wpforms-2318\"><form id=\"wpforms-form-2318\" class=\"wpforms-validate wpforms-form\" data-formid=\"2318\" method=\"post\" enctype=\"multipart\/form-data\" action=\"\/index.php?rest_route=%2Fwp%2Fv2%2Fpages%2F1490\" data-token=\"1fc277631fc5f211d449e681a863094e\"><noscript class=\"wpforms-error-noscript\">Veuillez activer JavaScript dans votre navigateur pour remplir ce formulaire.<\/noscript><div class=\"wpforms-field-container\"><div id=\"wpforms-2318-field_1-container\" class=\"wpforms-field wpforms-field-email\" data-field-id=\"1\"><label class=\"wpforms-field-label\" for=\"wpforms-2318-field_1\">E-mail <span class=\"wpforms-required-label\">*<\/span><\/label><input type=\"email\" id=\"wpforms-2318-field_1\" class=\"wpforms-field-medium wpforms-field-required\" name=\"wpforms[fields][1]\" required><\/div><\/div><div class=\"wpforms-submit-container\" ><input type=\"hidden\" name=\"wpforms[id]\" value=\"2318\"><input type=\"hidden\" name=\"wpforms[author]\" value=\"1\"><button type=\"submit\" name=\"wpforms[submit]\" class=\"wpforms-submit \" id=\"wpforms-submit-2318\" value=\"wpforms-submit\" aria-live=\"assertive\" data-alt-text=\"Envoi...\" data-submit-text=\"OK\">OK<\/button><\/div><\/form><\/div>  <!-- .wpforms-container -->\n<\/div>\n\n\n\n<div class=\"wp-block-column\" style=\"flex-basis:66.66%\"><\/div>\n<\/div>\n\n\n\n<figure class=\"wp-block-embed is-type-video is-provider-youtube wp-block-embed-youtube wp-embed-aspect-16-9 wp-has-aspect-ratio\"><div class=\"wp-block-embed__wrapper\">\n<iframe title=\"Formation MPI (calcul scientifique) organis\u00e9e sur 3 jours.\" width=\"750\" height=\"422\" src=\"https:\/\/www.youtube.com\/embed\/XW_HM2gU888?feature=oembed\" frameborder=\"0\" allow=\"accelerometer; autoplay; clipboard-write; encrypted-media; gyroscope; picture-in-picture; web-share\" referrerpolicy=\"strict-origin-when-cross-origin\" allowfullscreen><\/iframe>\n<\/div><\/figure>\n\n\n\n<h4>T\u00e9moignages de participants <\/h4>\n\n\n\n<blockquote class=\"wp-block-quote\"><p>Merci aux membres de la MSI pour l&rsquo;excellente organisation de cette formation. Les formateurs de l&rsquo;IDRIS ont tr\u00e8s bien su cibler les besoins et les niveaux, tout en s&rsquo;adaptant \u00e0 la dur\u00e9e de la formation. L\u2019acc\u00e8s \u00e0 Azzurra pour les TPs a permis une tr\u00e8s bonne mise en situation. Un format sur trois jours tr\u00e8s efficace. Je recommande !<\/p><cite>Mireille Bossy, Directrice de Recherche \u00e0 INRIA (2022)<\/cite><\/blockquote>\n\n\n\n<blockquote class=\"wp-block-quote\"><p>Les comp\u00e9tences acquises dans ces formations sont directement applicables \u00e0 mes recherches et \u00e0 l&rsquo;optimisation de mon propre code. En plus du support de cours, les instructeurs ont \u00e9galement donn\u00e9 de nombreuses suggestions et des r\u00e9flexions s\u00e9rieuses sur la fa\u00e7on d&rsquo;optimiser mon propre code. En 4 jours, j&rsquo;ai \u00e9norm\u00e9ment appris non seulement sur les biblioth\u00e8ques pour HPC mais aussi sur le mat\u00e9riel, dont la connaissance est \u00e9galement importante pour obtenir de meilleures performances dans notre programme. J&rsquo;esp\u00e8re vraiment que plus de formations sur le HPC seront donn\u00e9es \u00e0 l&rsquo;avenir et plus de recherche\u2026<\/p><cite>Chao Liang, post-doc \u00e0 G\u00e9oazur (2021)<\/cite><\/blockquote>\n\n\n\n<blockquote class=\"wp-block-quote\"><p>La formation a \u00e9t\u00e9 simplement parfaite. Les formateurs \u00e9taient tr\u00e8s comp\u00e9tents et clairs dans les explications. La cours a \u00e9t\u00e9 pens\u00e9 avec un parcours tr\u00e8s p\u00e9dagogique qui nous a permis de bien suivre et appr\u00e9cier : en partant de l&rsquo;utilit\u00e9 de OpenMP et de ses aspects g\u00e9n\u00e9raux nous sommes arriv\u00e9s \u00e0 des fonctionnalit\u00e9s plus profondes et pointues. Aussi, des exercices nous ont \u00e9t\u00e9 propos\u00e9s tout au long du cours pour appliquer les connaissances acquises : on avait le temps d&rsquo;y travailler seuls et ensuite d&rsquo;en discuter avec les formateurs de fa\u00e7on dynamique. De mon c\u00f4t\u00e9, je fais du calcul scientifique et j&rsquo;ai donc besoin de toujours optimiser au mieux mes codes ; je vais s\u00fbrement utiliser ce que j&rsquo;ai appris dans ce cours. Merci aux formateurs pour leur temps et aux organisateurs pour cette opportunit\u00e9 ! J&rsquo;attends avec h\u00e2te d&rsquo;autres formations !&nbsp;<\/p><cite>Michel Orsi, doctorant \u00e0 l&rsquo;INPHYNI (2021)<\/cite><\/blockquote>\n","protected":false},"excerpt":{"rendered":"<p>La MSI organise r\u00e9guli\u00e8rement des formations gratuites autour du calcul scientifique, ouvertes \u00e0 tous les personnels et \u00e9tudiants d&rsquo;Universit\u00e9 C\u00f4te d\u2019Azur. Afin d&rsquo;\u00eatre tenu(e) au courant des \u00e9v\u00e8nements \u00e0 venir, vous pouvez renseigner votre e-mail : T\u00e9moignages de participants Merci &hellip; <\/p>\n","protected":false},"author":1,"featured_media":0,"parent":0,"menu_order":0,"comment_status":"closed","ping_status":"closed","template":"","meta":[],"_links":{"self":[{"href":"https:\/\/calculs.univ-cotedazur.fr\/index.php?rest_route=\/wp\/v2\/pages\/1490"}],"collection":[{"href":"https:\/\/calculs.univ-cotedazur.fr\/index.php?rest_route=\/wp\/v2\/pages"}],"about":[{"href":"https:\/\/calculs.univ-cotedazur.fr\/index.php?rest_route=\/wp\/v2\/types\/page"}],"author":[{"embeddable":true,"href":"https:\/\/calculs.univ-cotedazur.fr\/index.php?rest_route=\/wp\/v2\/users\/1"}],"replies":[{"embeddable":true,"href":"https:\/\/calculs.univ-cotedazur.fr\/index.php?rest_route=%2Fwp%2Fv2%2Fcomments&post=1490"}],"version-history":[{"count":44,"href":"https:\/\/calculs.univ-cotedazur.fr\/index.php?rest_route=\/wp\/v2\/pages\/1490\/revisions"}],"predecessor-version":[{"id":3248,"href":"https:\/\/calculs.univ-cotedazur.fr\/index.php?rest_route=\/wp\/v2\/pages\/1490\/revisions\/3248"}],"wp:attachment":[{"href":"https:\/\/calculs.univ-cotedazur.fr\/index.php?rest_route=%2Fwp%2Fv2%2Fmedia&parent=1490"}],"curies":[{"name":"wp","href":"https:\/\/api.w.org\/{rel}","templated":true}]}}