{"id":1763,"date":"2021-10-26T13:58:16","date_gmt":"2021-10-26T11:58:16","guid":{"rendered":"http:\/\/calculs.univ-cotedazur.fr\/?page_id=1763"},"modified":"2025-12-17T15:23:10","modified_gmt":"2025-12-17T14:23:10","slug":"noeud-de-visualisation-mode-demploi","status":"publish","type":"page","link":"https:\/\/calculs.univ-cotedazur.fr\/?page_id=1763","title":{"rendered":"Noeud de visualisation : mode d&#8217;emploi"},"content":{"rendered":"\n<div id=\"ez-toc-container\" class=\"ez-toc-v2_0_11 counter-hierarchy counter-decimal ez-toc-grey\">\n<nav><ul class=\"ez-toc-list ez-toc-list-level-1\"><li class=\"ez-toc-page-1 ez-toc-heading-level-3\"><a class=\"ez-toc-link ez-toc-heading-1\" href=\"https:\/\/calculs.univ-cotedazur.fr\/?page_id=1763#Recuperer_le_script_Slurm\" title=\"R\u00e9cup\u00e9rer le script Slurm\">R\u00e9cup\u00e9rer le script Slurm<\/a><\/li><li class=\"ez-toc-page-1 ez-toc-heading-level-3\"><a class=\"ez-toc-link ez-toc-heading-2\" href=\"https:\/\/calculs.univ-cotedazur.fr\/?page_id=1763#Lancer_le_job\" title=\"Lancer le job\">Lancer le job<\/a><\/li><li class=\"ez-toc-page-1 ez-toc-heading-level-3\"><a class=\"ez-toc-link ez-toc-heading-3\" href=\"https:\/\/calculs.univ-cotedazur.fr\/?page_id=1763#Ouvrir_votre_session_sur_le_noeud_de_visualisation\" title=\"Ouvrir votre session sur le noeud de visualisation\">Ouvrir votre session sur le noeud de visualisation<\/a><\/li><li class=\"ez-toc-page-1 ez-toc-heading-level-3\"><a class=\"ez-toc-link ez-toc-heading-4\" href=\"https:\/\/calculs.univ-cotedazur.fr\/?page_id=1763#Travailler_sur_le_noeud_de_visualisation\" title=\"Travailler sur le noeud de visualisation\">Travailler sur le noeud de visualisation<\/a><\/li><li class=\"ez-toc-page-1 ez-toc-heading-level-3\"><a class=\"ez-toc-link ez-toc-heading-5\" href=\"https:\/\/calculs.univ-cotedazur.fr\/?page_id=1763#Logiciels_utilisables_sur_le_noeud_de_visualisation\" title=\"Logiciels utilisables sur le n\u0153ud de visualisation\">Logiciels utilisables sur le n\u0153ud de visualisation<\/a><\/li><li class=\"ez-toc-page-1 ez-toc-heading-level-3\"><a class=\"ez-toc-link ez-toc-heading-6\" href=\"https:\/\/calculs.univ-cotedazur.fr\/?page_id=1763#Modifier_la_resolution\" title=\"Modifier la r\u00e9solution\">Modifier la r\u00e9solution<\/a><\/li><\/ul><\/nav><\/div>\n<h3><span class=\"ez-toc-section\" id=\"Recuperer_le_script_Slurm\"><\/span>R\u00e9cup\u00e9rer le script Slurm<span class=\"ez-toc-section-end\"><\/span><\/h3>\n\n\n\n<p>Positionnez vous dans votre home directory :<\/p>\n\n\n\n<pre class=\"wp-block-verse\">cd<\/pre>\n\n\n\n<p>Vous allez y copier un dossier qui vous servira \u00e0 lancer des jobs :<\/p>\n\n\n\n<pre class=\"wp-block-verse\">cp -R \/workspace\/visu .<\/pre>\n\n\n\n<p>Ce dossier contient un script <strong>visu.slurm<\/strong> dont vous devez modifier les lignes 34 et 35 pour y mettre le nom de votre account Slurm et la dur\u00e9e d&rsquo;utilisation du noeud de visualisation (ne peut d\u00e9passer 24 heures). Par exemple, si votre account est maths et la r\u00e9servation doit durer 2 heures :<\/p>\n\n\n\n<pre class=\"wp-block-verse\">#SBATCH --account=maths\n#SBATCH --time=02:00:00<\/pre>\n\n\n\n<h3><span class=\"ez-toc-section\" id=\"Lancer_le_job\"><\/span>Lancer le job<span class=\"ez-toc-section-end\"><\/span><\/h3>\n\n\n\n<p> Une fois visu.slurm \u00e9dit\u00e9 correctement, vous pouvez le soumettre :<\/p>\n\n\n\n<pre class=\"wp-block-verse\">sbatch visu.slurm<\/pre>\n\n\n\n<p>Cela va cr\u00e9er un fichier de sortie dans votre dossier visu. Vous pouvez lister le contenu de votre dossier avec la commande :<\/p>\n\n\n\n<pre class=\"wp-block-verse\">ll<\/pre>\n\n\n\n<p>Affichez le contenu du fichier de sortie. Par exemple :<\/p>\n\n\n\n<pre class=\"wp-block-verse\">cat visu-41489.out<\/pre>\n\n\n\n<p>Copiez la ligne qui contient une commande ssh. Elle est pr\u00e9c\u00e9d\u00e9e de <strong>To setup the tunnel, run the following command from your desktop:<\/strong>. Par exemple :<\/p>\n\n\n\n<p> ssh -L 5901:visu01:5901 user9@134.XX.XX.XX<\/p>\n\n\n\n<h3><span class=\"ez-toc-section\" id=\"Ouvrir_votre_session_sur_le_noeud_de_visualisation\"><\/span>Ouvrir votre session sur le noeud de visualisation<span class=\"ez-toc-section-end\"><\/span><\/h3>\n\n\n\n<p>Ouvrez un second terminal et lancez la ligne pr\u00e9c\u00e9demment copi\u00e9e. Ce nouveau terminal ouvre une nouvelle session sur Azzurra. <\/p>\n\n\n\n<p>Lancez un client VNC, par exemple <a rel=\"noreferrer noopener\" href=\"https:\/\/www.tightvnc.com\/download.php\" target=\"_blank\">TightVNC<\/a>. Votre fichier de sortie vous indique le Remote Host \u00e0 d\u00e9finir dans la phrase \u00ab\u00a0After successful login you can access the VNC session at <strong>localhost:5901<\/strong> on your desktop\u00a0\u00bb. Entrez donc <strong>localhost:5901<\/strong> comme Remote Host :<\/p>\n\n\n\n<figure class=\"wp-block-image size-large\"><img loading=\"lazy\" width=\"533\" height=\"381\" src=\"https:\/\/calculs.univ-cotedazur.fr\/wp-content\/uploads\/2021\/10\/tightvnc1.png\" alt=\"\" class=\"wp-image-1765\" srcset=\"https:\/\/calculs.univ-cotedazur.fr\/wp-content\/uploads\/2021\/10\/tightvnc1.png 533w, https:\/\/calculs.univ-cotedazur.fr\/wp-content\/uploads\/2021\/10\/tightvnc1-300x214.png 300w\" sizes=\"(max-width: 533px) 100vw, 533px\" \/><\/figure>\n\n\n\n<p>Puis utilisez le mot de passe contenu dans le fichier de sortie \u00e0 la ligne 6 \u00ab\u00a0password:\u00a0\u00bb pour vous connecter.<\/p>\n\n\n\n<h3><span class=\"ez-toc-section\" id=\"Travailler_sur_le_noeud_de_visualisation\"><\/span>Travailler sur le noeud de visualisation<span class=\"ez-toc-section-end\"><\/span><\/h3>\n\n\n\n<p>Une fois connect\u00e9(e) au VNC, une fen\u00eatre s&rsquo;ouvre. Faites un clic droit sur le fond d&rsquo;\u00e9cran et cliquez sur <strong>Open Terminal Here<\/strong> pour ouvrir un terminal :<\/p>\n\n\n\n<figure class=\"wp-block-image size-large\"><img loading=\"lazy\" width=\"1024\" height=\"754\" src=\"https:\/\/calculs.univ-cotedazur.fr\/wp-content\/uploads\/2025\/05\/visu1-1024x754.png\" alt=\"\" class=\"wp-image-3012\" srcset=\"https:\/\/calculs.univ-cotedazur.fr\/wp-content\/uploads\/2025\/05\/visu1-1024x754.png 1024w, https:\/\/calculs.univ-cotedazur.fr\/wp-content\/uploads\/2025\/05\/visu1-300x221.png 300w, https:\/\/calculs.univ-cotedazur.fr\/wp-content\/uploads\/2025\/05\/visu1-768x565.png 768w, https:\/\/calculs.univ-cotedazur.fr\/wp-content\/uploads\/2025\/05\/visu1.png 1257w\" sizes=\"(max-width: 1024px) 100vw, 1024px\" \/><\/figure>\n\n\n\n<p>Afin de vous assurer d&rsquo;utiliser la carte graphique Quadro RTX 6000, faites pr\u00e9c\u00e9der la commande de lancement de votre logiciel par <strong>vglrun<\/strong>. Exemple :<\/p>\n\n\n\n<pre class=\"wp-block-verse\">module load paraview\/6.0.1\nvglrun paraview<\/pre>\n\n\n\n<h3><span class=\"ez-toc-section\" id=\"Logiciels_utilisables_sur_le_noeud_de_visualisation\"><\/span>Logiciels utilisables sur le n\u0153ud de visualisation<span class=\"ez-toc-section-end\"><\/span><\/h3>\n\n\n\n<p>Utilisables uniquement sur le n\u0153ud de visualisation, sans charger de module :<\/p>\n\n\n\n<ul><li>Gnuplot 5.4.3<\/li><li>Octave 7.3.0<\/li><li>evince (lecteur de pdf)<\/li><li>gthumb (lecteur de png)<\/li><\/ul>\n\n\n\n<p>Modules \u00e0 charger pour d&rsquo;autres logiciels de visualisation :<\/p>\n\n\n\n<ul><li>vmd\/2.0.0<\/li><li>gaussview\/6.1.1<\/li><li>paraview\/5.13.3<\/li><li>paraview\/6.0.1<\/li><\/ul>\n\n\n\n<p>Si vous avez besoin de l&rsquo;installation d&rsquo;un autre logiciel, <a href=\"https:\/\/calculs.univ-cotedazur.fr\/?page_id=17\" data-type=\"page\" data-id=\"17\">contactez-nous<\/a>.<\/p>\n\n\n\n<h3><span class=\"ez-toc-section\" id=\"Modifier_la_resolution\"><\/span>Modifier la r\u00e9solution<span class=\"ez-toc-section-end\"><\/span><\/h3>\n\n\n\n<p>Par d\u00e9faut, la r\u00e9solution est 1240&#215;900 et votre display se nomme \u00ab\u00a0VNC-0\u00a0\u00bb. Vous pouvez le v\u00e9rifier dans le terminal du n\u0153ud visu01 avec la commande <strong>xrandr<\/strong><\/p>\n\n\n\n<p>Si vous souhaitez modifier la r\u00e9solution, par exemple si vous voulez une r\u00e9solution 1920&#215;1080 et un taux de rafraichissement de 60&nbsp;:<\/p>\n\n\n\n<pre class=\"wp-block-verse\">gtf 1920 1080 60<\/pre>\n\n\n\n<p>Copiez la ligne en sortie qui commence par Modeline \u00ab\u00a01920x1080_60.00\u00a0\u00bb en commen\u00e7ant \u00e0 copier \u00e0 \u00ab\u00a01920x1080_60.00\u00a0\u00bb \u2026 (ne pas inclure \u00ab&nbsp;Modeline&nbsp;\u00bb)<\/p>\n\n\n\n<p>Par exemple,&nbsp;copier : <strong>\u00ab\u00a01920x1080_60.00\u00a0\u00bb&nbsp; 172.80&nbsp; 1920 2040 2248 2576&nbsp; 1080 1081 1084 1118&nbsp; -HSync +Vsync<\/strong><\/p>\n\n\n\n<p>\u00ab\u00a01920x1080_60.00\u00a0\u00bb&nbsp;correspond au nom que vous attribuez \u00e0 votre r\u00e9solution.<\/p>\n\n\n\n<p>Toujours dans le terminal&nbsp;(pensez \u00e0 ajuster les lignes ci-dessous si vous avez choisi une autre r\u00e9solution) :<\/p>\n\n\n\n<pre class=\"wp-block-verse\">xrandr --newmode \"1920x1080_60.00\"&nbsp; 172.80&nbsp; 1920 2040 2248 2576&nbsp; 1080 1081 1084 1118&nbsp; -HSync +Vsync\nxrandr --addmode VNC-0 \"1920x1080_60.00\"\nxrandr --output VNC-0 --mode \"1920x1080_60.00\"<\/pre>\n\n\n\n<p>Et la fen\u00eatre devrait s\u2019ajuster automatiquement. Vous pouvez v\u00e9rifier la nouvelle r\u00e9solution avec la commande <strong>xrandr<\/strong> \u00e0 nouveau. La nouvelle r\u00e9solution n&rsquo;est appliqu\u00e9e que pour la session en cours.<\/p>\n","protected":false},"excerpt":{"rendered":"<p>R\u00e9cup\u00e9rer le script Slurm Positionnez vous dans votre home directory : cd Vous allez y copier un dossier qui vous servira \u00e0 lancer des jobs : cp -R \/workspace\/visu . Ce dossier contient un script visu.slurm dont vous devez modifier &hellip; <\/p>\n","protected":false},"author":1,"featured_media":0,"parent":140,"menu_order":0,"comment_status":"closed","ping_status":"closed","template":"","meta":[],"_links":{"self":[{"href":"https:\/\/calculs.univ-cotedazur.fr\/index.php?rest_route=\/wp\/v2\/pages\/1763"}],"collection":[{"href":"https:\/\/calculs.univ-cotedazur.fr\/index.php?rest_route=\/wp\/v2\/pages"}],"about":[{"href":"https:\/\/calculs.univ-cotedazur.fr\/index.php?rest_route=\/wp\/v2\/types\/page"}],"author":[{"embeddable":true,"href":"https:\/\/calculs.univ-cotedazur.fr\/index.php?rest_route=\/wp\/v2\/users\/1"}],"replies":[{"embeddable":true,"href":"https:\/\/calculs.univ-cotedazur.fr\/index.php?rest_route=%2Fwp%2Fv2%2Fcomments&post=1763"}],"version-history":[{"count":28,"href":"https:\/\/calculs.univ-cotedazur.fr\/index.php?rest_route=\/wp\/v2\/pages\/1763\/revisions"}],"predecessor-version":[{"id":3209,"href":"https:\/\/calculs.univ-cotedazur.fr\/index.php?rest_route=\/wp\/v2\/pages\/1763\/revisions\/3209"}],"up":[{"embeddable":true,"href":"https:\/\/calculs.univ-cotedazur.fr\/index.php?rest_route=\/wp\/v2\/pages\/140"}],"wp:attachment":[{"href":"https:\/\/calculs.univ-cotedazur.fr\/index.php?rest_route=%2Fwp%2Fv2%2Fmedia&parent=1763"}],"curies":[{"name":"wp","href":"https:\/\/api.w.org\/{rel}","templated":true}]}}