{"id":1931,"date":"2022-04-13T10:22:51","date_gmt":"2022-04-13T08:22:51","guid":{"rendered":"http:\/\/calculs.univ-cotedazur.fr\/?page_id=1931"},"modified":"2022-04-13T10:23:48","modified_gmt":"2022-04-13T08:23:48","slug":"comite-scientifique","status":"publish","type":"page","link":"https:\/\/calculs.univ-cotedazur.fr\/?page_id=1931","title":{"rendered":"Comit\u00e9 scientifique"},"content":{"rendered":"\n<ul><li>Didier AUROUX (Laboratoire <a rel=\"noreferrer noopener\" href=\"https:\/\/math.unice.fr\/\" target=\"_blank\">J.A. Dieudonn\u00e9 \u2013 LJAD<\/a>) \u2013 Pr\u00e9sident du comit\u00e9 scientifique<\/li><li>J\u00e9r\u00e9mie BEC (Laboratoire <a href=\"https:\/\/lagrange.oca.eu\/fr\/accueil-lagrange\" target=\"_blank\" rel=\"noreferrer noopener\">J. L. Lagrange<\/a>) \u2013 Turbulence, Physique statique<\/li><li>Yann BOURET (<a rel=\"noreferrer noopener\" href=\"https:\/\/inphyni.univ-cotedazur.fr\/\" target=\"_blank\">InPhyNi &#8211; Institut de Physique de Nice<\/a>) \u2013 Physique<\/li><li>Yannick PONTY (Laboratoire <a href=\"https:\/\/lagrange.oca.eu\/fr\/accueil-lagrange\" target=\"_blank\" rel=\"noreferrer noopener\">J. L. Lagrange<\/a>) \u2013 MHD, M\u00e9canique des fluides<\/li><li>Jean-Charles R\u00c9GIN (<a rel=\"noreferrer noopener\" href=\"https:\/\/www.i3s.unice.fr\" target=\"_blank\">I3S<\/a>) \u2013 Informatique<\/li><li>S\u00e9bastien FIORUCCI (<a rel=\"noreferrer noopener\" href=\"https:\/\/icn.univ-cotedazur.fr\/\" target=\"_blank\">Institut de Chimie de Nice<\/a>) \u2013 Sciences mol\u00e9culaires<\/li><\/ul>\n\n\n\n<p><\/p>\n","protected":false},"excerpt":{"rendered":"<p>Didier AUROUX (Laboratoire J.A. Dieudonn\u00e9 \u2013 LJAD) \u2013 Pr\u00e9sident du comit\u00e9 scientifique J\u00e9r\u00e9mie BEC (Laboratoire J. L. Lagrange) \u2013 Turbulence, Physique statique Yann BOURET (InPhyNi &#8211; Institut de Physique de Nice) \u2013 Physique Yannick PONTY (Laboratoire J. L. Lagrange) \u2013 &hellip; <\/p>\n","protected":false},"author":1,"featured_media":0,"parent":694,"menu_order":0,"comment_status":"closed","ping_status":"closed","template":"","meta":[],"_links":{"self":[{"href":"https:\/\/calculs.univ-cotedazur.fr\/index.php?rest_route=\/wp\/v2\/pages\/1931"}],"collection":[{"href":"https:\/\/calculs.univ-cotedazur.fr\/index.php?rest_route=\/wp\/v2\/pages"}],"about":[{"href":"https:\/\/calculs.univ-cotedazur.fr\/index.php?rest_route=\/wp\/v2\/types\/page"}],"author":[{"embeddable":true,"href":"https:\/\/calculs.univ-cotedazur.fr\/index.php?rest_route=\/wp\/v2\/users\/1"}],"replies":[{"embeddable":true,"href":"https:\/\/calculs.univ-cotedazur.fr\/index.php?rest_route=%2Fwp%2Fv2%2Fcomments&post=1931"}],"version-history":[{"count":2,"href":"https:\/\/calculs.univ-cotedazur.fr\/index.php?rest_route=\/wp\/v2\/pages\/1931\/revisions"}],"predecessor-version":[{"id":1933,"href":"https:\/\/calculs.univ-cotedazur.fr\/index.php?rest_route=\/wp\/v2\/pages\/1931\/revisions\/1933"}],"up":[{"embeddable":true,"href":"https:\/\/calculs.univ-cotedazur.fr\/index.php?rest_route=\/wp\/v2\/pages\/694"}],"wp:attachment":[{"href":"https:\/\/calculs.univ-cotedazur.fr\/index.php?rest_route=%2Fwp%2Fv2%2Fmedia&parent=1931"}],"curies":[{"name":"wp","href":"https:\/\/api.w.org\/{rel}","templated":true}]}}