{"id":2086,"date":"2022-05-09T11:04:27","date_gmt":"2022-05-09T09:04:27","guid":{"rendered":"http:\/\/calculs.univ-cotedazur.fr\/?page_id=2086"},"modified":"2025-09-03T15:57:57","modified_gmt":"2025-09-03T13:57:57","slug":"quel-processeur-pour-mon-job","status":"publish","type":"page","link":"https:\/\/calculs.univ-cotedazur.fr\/?page_id=2086","title":{"rendered":"Quel processeur pour mon job"},"content":{"rendered":"\n<p>Utilisez l&rsquo;une des lignes suivantes pour d\u00e9finir le type de processeur qui ex\u00e9cutera votre job: <\/p>\n\n\n\n<pre class=\"wp-block-verse\">#SBATCH --constraint=intel #Intel Xeon Gold 6248 (2\u00d720 coeurs - 192 GB RAM)\nou\n#SBATCH --constraint=amd7302 #AMD Epyc 7302 (2\u00d716 coeurs - 256 GB RAM) \nou\n#SBATCH --constraint=amd9124 #AMD EPYC 9124 (2\u00d716 coeurs - 384\u00a0GB RAM)\nou \n#SBATCH --constraint=amd #parmi les AMD EPYC 9124 et 7302 donc a eviter<\/pre>\n\n\n\n<p><strong>Afin de garantir un minimum de coh\u00e9rence et obtenir des performances optimales, il est recommand\u00e9 d&rsquo;utiliser un seul type de processeur par job (donc une des trois premi\u00e8res lignes).<\/strong><\/p>\n\n\n\n<p>Si le param\u00e8tre constraint n&rsquo;est pas d\u00e9fini et si vous ne pr\u00e9cisez pas le nombre de c\u0153urs par n\u0153ud ou socket d\u00e9sir\u00e9, votre job pourra \u00eatre envoy\u00e9 sur n&rsquo;importe quel type de processeur.<\/p>\n\n\n\n<p>Il est recommand\u00e9 d&rsquo;utiliser des processeurs Intel pour les codes compil\u00e9s avec les compilateurs Intel.<\/p>\n\n\n\n<p>Les processeurs AMD disposent d&rsquo;une bande passante m\u00e9moire environ 1,5x sup\u00e9rieure aux Intel.<\/p>\n\n\n\n<p>Si vous avez besoin de beaucoup de m\u00e9moire (RAM), vous pouvez remarquer que les machines avec processeur AMD ont un peu plus de RAM que les Intel (384 GB ou 256 GB contre 192 GB).<\/p>\n","protected":false},"excerpt":{"rendered":"<p>Utilisez l&rsquo;une des lignes suivantes pour d\u00e9finir le type de processeur qui ex\u00e9cutera votre job: #SBATCH &#8211;constraint=intel #Intel Xeon Gold 6248 (2\u00d720 coeurs &#8211; 192 GB RAM) ou #SBATCH &#8211;constraint=amd7302 #AMD Epyc 7302 (2\u00d716 coeurs &#8211; 256 GB RAM) ou &hellip; <\/p>\n","protected":false},"author":1,"featured_media":0,"parent":140,"menu_order":0,"comment_status":"closed","ping_status":"closed","template":"","meta":[],"_links":{"self":[{"href":"https:\/\/calculs.univ-cotedazur.fr\/index.php?rest_route=\/wp\/v2\/pages\/2086"}],"collection":[{"href":"https:\/\/calculs.univ-cotedazur.fr\/index.php?rest_route=\/wp\/v2\/pages"}],"about":[{"href":"https:\/\/calculs.univ-cotedazur.fr\/index.php?rest_route=\/wp\/v2\/types\/page"}],"author":[{"embeddable":true,"href":"https:\/\/calculs.univ-cotedazur.fr\/index.php?rest_route=\/wp\/v2\/users\/1"}],"replies":[{"embeddable":true,"href":"https:\/\/calculs.univ-cotedazur.fr\/index.php?rest_route=%2Fwp%2Fv2%2Fcomments&post=2086"}],"version-history":[{"count":8,"href":"https:\/\/calculs.univ-cotedazur.fr\/index.php?rest_route=\/wp\/v2\/pages\/2086\/revisions"}],"predecessor-version":[{"id":3112,"href":"https:\/\/calculs.univ-cotedazur.fr\/index.php?rest_route=\/wp\/v2\/pages\/2086\/revisions\/3112"}],"up":[{"embeddable":true,"href":"https:\/\/calculs.univ-cotedazur.fr\/index.php?rest_route=\/wp\/v2\/pages\/140"}],"wp:attachment":[{"href":"https:\/\/calculs.univ-cotedazur.fr\/index.php?rest_route=%2Fwp%2Fv2%2Fmedia&parent=2086"}],"curies":[{"name":"wp","href":"https:\/\/api.w.org\/{rel}","templated":true}]}}