{"id":30,"date":"2020-02-12T13:46:53","date_gmt":"2020-02-12T12:46:53","guid":{"rendered":"http:\/\/calculs.univ-cotedazur.fr\/?page_id=30"},"modified":"2022-09-12T12:26:41","modified_gmt":"2022-09-12T10:26:41","slug":"accueil","status":"publish","type":"page","link":"https:\/\/calculs.univ-cotedazur.fr\/","title":{"rendered":"M\u00e9socentre de calcul Azzurra"},"content":{"rendered":"\n<p><em>Azzurra<\/em>\u00a0a pour objectif de mettre \u00e0 disposition des laboratoires de recherche et des \u00e9tudiants de l\u2019ensemble de\u00a0l\u2019Universit\u00e9 C\u00f4te d&rsquo;Azur une plate-forme\u00a0informatique de qualit\u00e9 et souple d\u2019acc\u00e8s offrant des performances de calcul\u00a0intensif de haut niveau (CPU et GPU) et un espace de stockage ultra-performant. <\/p>\n\n\n\n<h2 id=\"hpc-uca\">Actualit\u00e9s<\/h2>\n\n\n\n\t<div class=\"wpnawfree-plugin news-clearfix \" id=\"wpnw-news-1\">\r\n\r\n\t\t\r\n\t\t\t<div id=\"post-3245\" class=\"news type-news wpnaw-blog-class has-date news-col-2 wpnaw-first\">\r\n\t\t\t\t<div class=\"news-inner-wrap-view news-clearfix wpnaw-news-no-image\">\r\n\r\n\t\t\t\t\t\r\n\t\t\t\t\t<div class=\"news-content\">\r\n\t\t\t\t\t\t\t\t\t\t\t\t\t<div class=\"grid-date-post\">\r\n\t\t\t\t\t\t\t\t11 f\u00e9vrier 2026\t\t\t\t\t\t\t<\/div>\r\n\t\t\t\t\t\t\r\n\t\t\t\t\t\t<div class=\"post-content-text\">\r\n\t\t\t\t\t\t\t<h3 class=\"news-title\"><a href=\"https:\/\/calculs.univ-cotedazur.fr\/?news=rapport-dactivite-2025\" rel=\"bookmark\">Rapport d&rsquo;activit\u00e9 2025<\/a><\/h3>\t\t\t\t\t\t\t\t<div class=\"news-content-excerpt\">\r\n\t\t\t\t\t\t\t\t\t\n<p>Le rapport d&rsquo;activit\u00e9 du cluster pour l&rsquo;ann\u00e9e 2025 vient d&rsquo;\u00eatre publi\u00e9 et peut \u00eatre consult\u00e9 <a href=\"http:\/\/calculs.univ-cotedazur.fr\/wp-content\/uploads\/2026\/02\/Rapport-activite-Azzurra-2025.pdf\" target=\"_blank\" rel=\"noreferrer noopener\">en cliquant ici.<\/a><\/p>\n\t\t\t\t\t\t\t\t<\/div><!-- .entry-content -->\r\n\t\t\t\t\t\t\t\t\t\t\t\t\t<\/div>\r\n\t\t\t\t\t<\/div>\r\n\t\t\t\t<\/div><!-- #post-## -->\r\n\t\t\t<\/div><!-- #post-## -->\r\n\t\t\r\n\t\t\t<div id=\"post-3196\" class=\"news type-news wpnaw-blog-class has-date news-col-2 wpnaw-last\">\r\n\t\t\t\t<div class=\"news-inner-wrap-view news-clearfix wpnaw-news-no-image\">\r\n\r\n\t\t\t\t\t\r\n\t\t\t\t\t<div class=\"news-content\">\r\n\t\t\t\t\t\t\t\t\t\t\t\t\t<div class=\"grid-date-post\">\r\n\t\t\t\t\t\t\t\t10 d\u00e9cembre 2025\t\t\t\t\t\t\t<\/div>\r\n\t\t\t\t\t\t\r\n\t\t\t\t\t\t<div class=\"post-content-text\">\r\n\t\t\t\t\t\t\t<h3 class=\"news-title\"><a href=\"https:\/\/calculs.univ-cotedazur.fr\/?news=formation-mpi-en-fevrier-2026\" rel=\"bookmark\">Formation MPI en f\u00e9vrier 2026<\/a><\/h3>\t\t\t\t\t\t\t\t<div class=\"news-content-excerpt\">\r\n\t\t\t\t\t\t\t\t\t\n<p>Du <strong>4 au 6 f\u00e9vrier 2026<\/strong>, une formation MPI ouverte \u00e0 tous aura lieu \u00e0 Nice campus Valrose, anim\u00e9e par des experts de l&rsquo;IDRIS. <a rel=\"noreferrer noopener\" href=\"https:\/\/msi.univ-cotedazur.fr\/a-propos\/vie-de-la-msi\/actualites\/formation-doctorale-en-mpi\" target=\"_blank\">Cliquez ici pour plus d&rsquo;informations et vous<\/a><a href=\"https:\/\/msi.univ-cotedazur.fr\/a-propos\/vie-de-la-msi\/actualites\/formation-doctorale-en-mpi\" target=\"_blank\" rel=\"noreferrer noopener\"> <\/a><a rel=\"noreferrer noopener\" href=\"https:\/\/msi.univ-cotedazur.fr\/a-propos\/vie-de-la-msi\/actualites\/formation-doctorale-en-mpi\" target=\"_blank\">inscrire.<\/a><\/p>\n\t\t\t\t\t\t\t\t<\/div><!-- .entry-content -->\r\n\t\t\t\t\t\t\t\t\t\t\t\t\t<\/div>\r\n\t\t\t\t\t<\/div>\r\n\t\t\t\t<\/div><!-- #post-## -->\r\n\t\t\t<\/div><!-- #post-## -->\r\n\t\t\t\t\t<div class=\"news_pagination wpnw-prev-next\">\r\n\t\t\t\t<a class=\"next page-numbers\" href=\"https:\/\/calculs.univ-cotedazur.fr\/index.php?rest_route=%2Fwp%2Fv2%2Fpages%2F30&#038;paged=2#wpnw-news-1\">Suivante &raquo;<\/a>\t\t\t<\/div>\r\n\t\t\t<\/div>\r\n\r\n\t\n","protected":false},"excerpt":{"rendered":"<p>Azzurra\u00a0a pour objectif de mettre \u00e0 disposition des laboratoires de recherche et des \u00e9tudiants de l\u2019ensemble de\u00a0l\u2019Universit\u00e9 C\u00f4te d&rsquo;Azur une plate-forme\u00a0informatique de qualit\u00e9 et souple d\u2019acc\u00e8s offrant des performances de calcul\u00a0intensif de haut niveau (CPU et GPU) et un espace &hellip; <\/p>\n","protected":false},"author":1,"featured_media":0,"parent":0,"menu_order":0,"comment_status":"closed","ping_status":"closed","template":"","meta":[],"_links":{"self":[{"href":"https:\/\/calculs.univ-cotedazur.fr\/index.php?rest_route=\/wp\/v2\/pages\/30"}],"collection":[{"href":"https:\/\/calculs.univ-cotedazur.fr\/index.php?rest_route=\/wp\/v2\/pages"}],"about":[{"href":"https:\/\/calculs.univ-cotedazur.fr\/index.php?rest_route=\/wp\/v2\/types\/page"}],"author":[{"embeddable":true,"href":"https:\/\/calculs.univ-cotedazur.fr\/index.php?rest_route=\/wp\/v2\/users\/1"}],"replies":[{"embeddable":true,"href":"https:\/\/calculs.univ-cotedazur.fr\/index.php?rest_route=%2Fwp%2Fv2%2Fcomments&post=30"}],"version-history":[{"count":48,"href":"https:\/\/calculs.univ-cotedazur.fr\/index.php?rest_route=\/wp\/v2\/pages\/30\/revisions"}],"predecessor-version":[{"id":2311,"href":"https:\/\/calculs.univ-cotedazur.fr\/index.php?rest_route=\/wp\/v2\/pages\/30\/revisions\/2311"}],"wp:attachment":[{"href":"https:\/\/calculs.univ-cotedazur.fr\/index.php?rest_route=%2Fwp%2Fv2%2Fmedia&parent=30"}],"curies":[{"name":"wp","href":"https:\/\/api.w.org\/{rel}","templated":true}]}}