{"id":3053,"date":"2025-06-11T16:07:49","date_gmt":"2025-06-11T14:07:49","guid":{"rendered":"http:\/\/calculs.univ-cotedazur.fr\/?page_id=3053"},"modified":"2025-06-11T16:07:50","modified_gmt":"2025-06-11T14:07:50","slug":"povray-3-8-0","status":"publish","type":"page","link":"https:\/\/calculs.univ-cotedazur.fr\/?page_id=3053","title":{"rendered":"povray 3.8.0"},"content":{"rendered":"\n<p>Fonctionne uniquement sur les machines \u00e9quip\u00e9es de processeurs Intel. Il faut donc ajouter ce param\u00e8tre \u00e0 vos jobs :<\/p>\n\n\n\n<pre class=\"wp-block-verse\">--constraint=intel<\/pre>\n","protected":false},"excerpt":{"rendered":"<p>Fonctionne uniquement sur les machines \u00e9quip\u00e9es de processeurs Intel. Il faut donc ajouter ce param\u00e8tre \u00e0 vos jobs : &#8211;constraint=intel<\/p>\n","protected":false},"author":1,"featured_media":0,"parent":207,"menu_order":0,"comment_status":"closed","ping_status":"closed","template":"","meta":[],"_links":{"self":[{"href":"https:\/\/calculs.univ-cotedazur.fr\/index.php?rest_route=\/wp\/v2\/pages\/3053"}],"collection":[{"href":"https:\/\/calculs.univ-cotedazur.fr\/index.php?rest_route=\/wp\/v2\/pages"}],"about":[{"href":"https:\/\/calculs.univ-cotedazur.fr\/index.php?rest_route=\/wp\/v2\/types\/page"}],"author":[{"embeddable":true,"href":"https:\/\/calculs.univ-cotedazur.fr\/index.php?rest_route=\/wp\/v2\/users\/1"}],"replies":[{"embeddable":true,"href":"https:\/\/calculs.univ-cotedazur.fr\/index.php?rest_route=%2Fwp%2Fv2%2Fcomments&post=3053"}],"version-history":[{"count":1,"href":"https:\/\/calculs.univ-cotedazur.fr\/index.php?rest_route=\/wp\/v2\/pages\/3053\/revisions"}],"predecessor-version":[{"id":3054,"href":"https:\/\/calculs.univ-cotedazur.fr\/index.php?rest_route=\/wp\/v2\/pages\/3053\/revisions\/3054"}],"up":[{"embeddable":true,"href":"https:\/\/calculs.univ-cotedazur.fr\/index.php?rest_route=\/wp\/v2\/pages\/207"}],"wp:attachment":[{"href":"https:\/\/calculs.univ-cotedazur.fr\/index.php?rest_route=%2Fwp%2Fv2%2Fmedia&parent=3053"}],"curies":[{"name":"wp","href":"https:\/\/api.w.org\/{rel}","templated":true}]}}