{"id":371,"date":"2020-04-10T16:02:37","date_gmt":"2020-04-10T14:02:37","guid":{"rendered":"http:\/\/calculs.univ-cotedazur.fr\/?page_id=371"},"modified":"2022-05-09T11:17:50","modified_gmt":"2022-05-09T09:17:50","slug":"si-je-fais-du-benchmarking","status":"publish","type":"page","link":"https:\/\/calculs.univ-cotedazur.fr\/?page_id=371","title":{"rendered":"Quelle file choisir pour mon job"},"content":{"rendered":"\n<p>Si&#8230;<\/p>\n\n\n\n<div id=\"ez-toc-container\" class=\"ez-toc-v2_0_11 counter-hierarchy counter-decimal ez-toc-grey\">\n<nav><ul class=\"ez-toc-list ez-toc-list-level-1\"><li class=\"ez-toc-page-1 ez-toc-heading-level-4\"><a class=\"ez-toc-link ez-toc-heading-1\" href=\"https:\/\/calculs.univ-cotedazur.fr\/?page_id=371#Mon_job_requiert_un_materiel_specifique\" title=\"Mon job requiert un mat\u00e9riel sp\u00e9cifique\">Mon job requiert un mat\u00e9riel sp\u00e9cifique<\/a><\/li><li class=\"ez-toc-page-1 ez-toc-heading-level-4\"><a class=\"ez-toc-link ez-toc-heading-2\" href=\"https:\/\/calculs.univ-cotedazur.fr\/?page_id=371#J%E2%80%99ai_besoin_de_beaucoup_de_memoire\" title=\"J&rsquo;ai besoin de beaucoup de m\u00e9moire\">J&rsquo;ai besoin de beaucoup de m\u00e9moire<\/a><\/li><li class=\"ez-toc-page-1 ez-toc-heading-level-4\"><a class=\"ez-toc-link ez-toc-heading-3\" href=\"https:\/\/calculs.univ-cotedazur.fr\/?page_id=371#Je_fais_du_benchmarking\" title=\"Je fais du benchmarking\">Je fais du benchmarking<\/a><\/li><li class=\"ez-toc-page-1 ez-toc-heading-level-4\"><a class=\"ez-toc-link ez-toc-heading-4\" href=\"https:\/\/calculs.univ-cotedazur.fr\/?page_id=371#Je_veux_faire_de_la_visualisation\" title=\"Je veux faire de la visualisation\">Je veux faire de la visualisation<\/a><\/li><\/ul><\/nav><\/div>\n<h4><span class=\"ez-toc-section\" id=\"Mon_job_requiert_un_materiel_specifique\"><\/span>Mon job requiert un mat\u00e9riel sp\u00e9cifique<span class=\"ez-toc-section-end\"><\/span><\/h4>\n\n\n\n<p>Si votre job a des besoins sp\u00e9cifiques en termes de mat\u00e9riel (coeurs par noeud, m\u00e9moire, &#8230;), <a rel=\"noreferrer noopener\" href=\"https:\/\/calculs.univ-cotedazur.fr\/?page_id=13\" data-type=\"page\" data-id=\"13\" target=\"_blank\">cliquez ici<\/a> pour consulter les caract\u00e9ristiques techniques de toutes les machines d&rsquo;Azzurra. Les files associ\u00e9es peuvent \u00eatre consult\u00e9es <a href=\"https:\/\/calculs.univ-cotedazur.fr\/?page_id=66\" data-type=\"page\" data-id=\"66\" target=\"_blank\" rel=\"noreferrer noopener\">sur cette page<\/a>.<\/p>\n\n\n\n<h4><span class=\"ez-toc-section\" id=\"J%E2%80%99ai_besoin_de_beaucoup_de_memoire\"><\/span>J&rsquo;ai besoin de beaucoup de m\u00e9moire<span class=\"ez-toc-section-end\"><\/span><\/h4>\n\n\n\n<p>Les n\u0153uds Intel sont \u00e9quip\u00e9s de 192 Go de m\u00e9moire chacun. Les noeuds AMD ont 256 Go chacun. Si vous estimez que cela est insuffisant \u00e0 l&rsquo;ex\u00e9cution de votre job, vous pouvez <a href=\"https:\/\/calculs.univ-cotedazur.fr\/?page_id=17\">nous contacter<\/a> pour obtenir l&rsquo;acc\u00e8s \u00e0 la machine SMP (file <em>smp<\/em>) qui embarque 1 To de RAM. <\/p>\n\n\n\n<h4><span class=\"ez-toc-section\" id=\"Je_fais_du_benchmarking\"><\/span>Je fais du benchmarking<span class=\"ez-toc-section-end\"><\/span><\/h4>\n\n\n\n<p>Il est recommand\u00e9 de r\u00e9server un n\u0153ud en mode exclusif pour faire du benchmarking, et cela m\u00eame si votre job ne requiert qu&rsquo;un ou quelques c\u0153urs. En effet, si d&rsquo;autres jobs tournent simultan\u00e9ment sur le m\u00eame n\u0153ud, les entr\u00e9es-sorties (I\/O) et les communications entre m\u00e9moire et CPUs de ces autres jobs pourraient impacter les performances mesur\u00e9es par votre benchmark. Pour faire une r\u00e9servation en mode exclusif, ajoutez l&rsquo;option suivante :<\/p>\n\n\n\n<pre class=\"wp-block-verse\">#SBATCH --exclusive<\/pre>\n\n\n\n<p>Si les caract\u00e9ristiques de nos files ne conviennent pas \u00e0 votre benchmark, vous pouvez aussi <a href=\"https:\/\/calculs.univ-cotedazur.fr\/?page_id=17\" data-type=\"page\" data-id=\"17\" target=\"_blank\" rel=\"noreferrer noopener\">nous contacter<\/a> pour demander une r\u00e9servation sp\u00e9cifique de ressources.<\/p>\n\n\n\n<h4><span class=\"ez-toc-section\" id=\"Je_veux_faire_de_la_visualisation\"><\/span>Je veux faire de la visualisation<span class=\"ez-toc-section-end\"><\/span><\/h4>\n\n\n\n<p><a href=\"https:\/\/calculs.univ-cotedazur.fr\/?page_id=1763\" data-type=\"page\" data-id=\"1763\">Voir le mode d&#8217;emploi du noeud de visualisation.<\/a><\/p>\n","protected":false},"excerpt":{"rendered":"<p>Si&#8230; Mon job requiert un mat\u00e9riel sp\u00e9cifique Si votre job a des besoins sp\u00e9cifiques en termes de mat\u00e9riel (coeurs par noeud, m\u00e9moire, &#8230;), cliquez ici pour consulter les caract\u00e9ristiques techniques de toutes les machines d&rsquo;Azzurra. Les files associ\u00e9es peuvent \u00eatre &hellip; <\/p>\n","protected":false},"author":1,"featured_media":0,"parent":140,"menu_order":0,"comment_status":"closed","ping_status":"closed","template":"","meta":[],"_links":{"self":[{"href":"https:\/\/calculs.univ-cotedazur.fr\/index.php?rest_route=\/wp\/v2\/pages\/371"}],"collection":[{"href":"https:\/\/calculs.univ-cotedazur.fr\/index.php?rest_route=\/wp\/v2\/pages"}],"about":[{"href":"https:\/\/calculs.univ-cotedazur.fr\/index.php?rest_route=\/wp\/v2\/types\/page"}],"author":[{"embeddable":true,"href":"https:\/\/calculs.univ-cotedazur.fr\/index.php?rest_route=\/wp\/v2\/users\/1"}],"replies":[{"embeddable":true,"href":"https:\/\/calculs.univ-cotedazur.fr\/index.php?rest_route=%2Fwp%2Fv2%2Fcomments&post=371"}],"version-history":[{"count":11,"href":"https:\/\/calculs.univ-cotedazur.fr\/index.php?rest_route=\/wp\/v2\/pages\/371\/revisions"}],"predecessor-version":[{"id":2104,"href":"https:\/\/calculs.univ-cotedazur.fr\/index.php?rest_route=\/wp\/v2\/pages\/371\/revisions\/2104"}],"up":[{"embeddable":true,"href":"https:\/\/calculs.univ-cotedazur.fr\/index.php?rest_route=\/wp\/v2\/pages\/140"}],"wp:attachment":[{"href":"https:\/\/calculs.univ-cotedazur.fr\/index.php?rest_route=%2Fwp%2Fv2%2Fmedia&parent=371"}],"curies":[{"name":"wp","href":"https:\/\/api.w.org\/{rel}","templated":true}]}}