{"id":427,"date":"2020-04-22T11:07:34","date_gmt":"2020-04-22T09:07:34","guid":{"rendered":"http:\/\/calculs.univ-cotedazur.fr\/?page_id=427"},"modified":"2021-06-14T10:18:51","modified_gmt":"2021-06-14T08:18:51","slug":"suivre-ses-jobs","status":"publish","type":"page","link":"https:\/\/calculs.univ-cotedazur.fr\/?page_id=427","title":{"rendered":"Suivre ses jobs"},"content":{"rendered":"\n<div id=\"ez-toc-container\" class=\"ez-toc-v2_0_11 counter-hierarchy counter-decimal ez-toc-grey\">\n<nav><ul class=\"ez-toc-list ez-toc-list-level-1\"><li class=\"ez-toc-page-1 ez-toc-heading-level-3\"><a class=\"ez-toc-link ez-toc-heading-1\" href=\"https:\/\/calculs.univ-cotedazur.fr\/?page_id=427#Suivre_un_job_en_cours\" title=\"Suivre un job en cours\">Suivre un job en cours<\/a><\/li><li class=\"ez-toc-page-1 ez-toc-heading-level-3\"><a class=\"ez-toc-link ez-toc-heading-2\" href=\"https:\/\/calculs.univ-cotedazur.fr\/?page_id=427#Suivre_la_consommation_d%E2%80%99heures_CPU_de_mes_projets\" title=\"Suivre la consommation d&rsquo;heures CPU de mes projets\">Suivre la consommation d&rsquo;heures CPU de mes projets<\/a><\/li><li class=\"ez-toc-page-1 ez-toc-heading-level-3\"><a class=\"ez-toc-link ez-toc-heading-3\" href=\"https:\/\/calculs.univ-cotedazur.fr\/?page_id=427#Afficher_l%E2%80%99historique_de_mes_jobs\" title=\"Afficher l&rsquo;historique de mes jobs\">Afficher l&rsquo;historique de mes jobs<\/a><\/li><li class=\"ez-toc-page-1 ez-toc-heading-level-3\"><a class=\"ez-toc-link ez-toc-heading-4\" href=\"https:\/\/calculs.univ-cotedazur.fr\/?page_id=427#Annuler_un_job\" title=\"Annuler un job\">Annuler un job<\/a><\/li><\/ul><\/nav><\/div>\n<h3><span class=\"ez-toc-section\" id=\"Suivre_un_job_en_cours\"><\/span>Suivre un job en cours<span class=\"ez-toc-section-end\"><\/span><\/h3>\n\n\n\n<p>Une fois que vous avez soumis un job, vous pouvez suivre son \u00e9tat avec la commande&nbsp;<strong>squeue :<\/strong><\/p>\n\n\n\n<figure class=\"wp-block-image size-large\"><img loading=\"lazy\" width=\"580\" height=\"37\" src=\"https:\/\/calculs.univ-cotedazur.fr\/wp-content\/uploads\/2020\/02\/squeue_colonne_st.png\" alt=\"squeue_colonne_st.png\" class=\"wp-image-114\" srcset=\"https:\/\/calculs.univ-cotedazur.fr\/wp-content\/uploads\/2020\/02\/squeue_colonne_st.png 580w, https:\/\/calculs.univ-cotedazur.fr\/wp-content\/uploads\/2020\/02\/squeue_colonne_st-300x19.png 300w\" sizes=\"(max-width: 580px) 100vw, 580px\" \/><figcaption> Les diff\u00e9rents \u00e9tats pour un job (colonne ST) sont : CA (canceled), CD  (completed), CF (configuring), CG (completing), F (failed), NF (node  fail), PD (pending), R (running), TO (timeout) <\/figcaption><\/figure>\n\n\n\n<p>Votre job peut \u00eatre mis en attente (\u00e9tat pending) pour diff\u00e9rentes raisons <a href=\"https:\/\/calculs.univ-cotedazur.fr\/?page_id=678\" target=\"_blank\" rel=\"noreferrer noopener\">list\u00e9es sur cette page<\/a>.<\/p>\n\n\n\n<p>Pour obtenir les d\u00e9tails complets sur un job en cours, utilisez la commande : <\/p>\n\n\n\n<pre class=\"wp-block-verse\"> scontrol show job &lt;JOBID&gt; <\/pre>\n\n\n\n<p>Pour les jobs soumis avec&nbsp;<strong>sbatch<\/strong>, la sortie standard (output) et les erreurs sont par d\u00e9faut \u00e9crites dans un fichier nomm\u00e9 slurm-&lt;JOBID&gt;.out. Vous pouvez sp\u00e9cifier un autre fichier avec l&rsquo;option <em>output<\/em>.<\/p>\n\n\n\n<p>Si vous avez mentionn\u00e9 votre e-mail (voir exemple de soumission avec <strong>sbatch <\/strong>ci-dessus), vous recevrez un e-mail \u00e0 chaque \u00e9tape mentionn\u00e9e dans&nbsp;<em>mail-type&nbsp;<\/em>(<a href=\"https:\/\/slurm.schedmd.com\/sbatch.html\" target=\"_blank\" rel=\"noreferrer noopener\" aria-label=\" (s\u2019ouvre dans un nouvel onglet)\">la liste compl\u00e8te des options est consultable ici<\/a>).<\/p>\n\n\n\n<h3><span class=\"ez-toc-section\" id=\"Suivre_la_consommation_d%E2%80%99heures_CPU_de_mes_projets\"><\/span>Suivre la consommation d&rsquo;heures CPU de mes projets<span class=\"ez-toc-section-end\"><\/span><\/h3>\n\n\n\n<p>Lancer la commande <strong>usage_info&nbsp;<\/strong>vous permettra de consulter pour chacun de vos projets le temps CPU d\u00e9j\u00e0 consomm\u00e9 par rapport au temps total qui lui a \u00e9t\u00e9 allou\u00e9 par le comit\u00e9 scientifique. Ce temps consomm\u00e9 inclut les consommations effectu\u00e9es par tous les membres du projet ayant un compte utilisateur sur le cluster. Le compteur de temps est mis \u00e0 jour \u00e0 chaque fois qu&rsquo;un job est termin\u00e9.<\/p>\n\n\n\n<h3><span class=\"ez-toc-section\" id=\"Afficher_l%E2%80%99historique_de_mes_jobs\"><\/span>Afficher l&rsquo;historique de mes jobs<span class=\"ez-toc-section-end\"><\/span><\/h3>\n\n\n\n<pre class=\"wp-block-verse\">sacct -u &lt;username&gt; --format=JobID,JobName,partition,alloccpus,state,elapsed,maxrss,totalcpu,start,end -S &lt;MM\/JJ\/AA&gt;<\/pre>\n\n\n\n<h3><span class=\"ez-toc-section\" id=\"Annuler_un_job\"><\/span>Annuler un job<span class=\"ez-toc-section-end\"><\/span><\/h3>\n\n\n\n<pre class=\"wp-block-verse\">scancel &lt;JOBID&gt;<\/pre>\n\n\n\n<p>Pour annuler tous mes jobs en attente :<\/p>\n\n\n\n<pre class=\"wp-block-verse\">scancel -u &lt;username&gt; --state=pending<\/pre>\n\n\n\n<p>Pour annuler tous mes jobs (ceux en attente + ceux en cours d&rsquo;ex\u00e9cution) :<\/p>\n\n\n\n<pre class=\"wp-block-verse\">scancel -u &lt;username&gt;<\/pre>\n","protected":false},"excerpt":{"rendered":"<p>Suivre un job en cours Une fois que vous avez soumis un job, vous pouvez suivre son \u00e9tat avec la commande&nbsp;squeue : Votre job peut \u00eatre mis en attente (\u00e9tat pending) pour diff\u00e9rentes raisons list\u00e9es sur cette page. Pour obtenir &hellip; <\/p>\n","protected":false},"author":1,"featured_media":0,"parent":104,"menu_order":0,"comment_status":"closed","ping_status":"closed","template":"","meta":[],"_links":{"self":[{"href":"https:\/\/calculs.univ-cotedazur.fr\/index.php?rest_route=\/wp\/v2\/pages\/427"}],"collection":[{"href":"https:\/\/calculs.univ-cotedazur.fr\/index.php?rest_route=\/wp\/v2\/pages"}],"about":[{"href":"https:\/\/calculs.univ-cotedazur.fr\/index.php?rest_route=\/wp\/v2\/types\/page"}],"author":[{"embeddable":true,"href":"https:\/\/calculs.univ-cotedazur.fr\/index.php?rest_route=\/wp\/v2\/users\/1"}],"replies":[{"embeddable":true,"href":"https:\/\/calculs.univ-cotedazur.fr\/index.php?rest_route=%2Fwp%2Fv2%2Fcomments&post=427"}],"version-history":[{"count":12,"href":"https:\/\/calculs.univ-cotedazur.fr\/index.php?rest_route=\/wp\/v2\/pages\/427\/revisions"}],"predecessor-version":[{"id":1485,"href":"https:\/\/calculs.univ-cotedazur.fr\/index.php?rest_route=\/wp\/v2\/pages\/427\/revisions\/1485"}],"up":[{"embeddable":true,"href":"https:\/\/calculs.univ-cotedazur.fr\/index.php?rest_route=\/wp\/v2\/pages\/104"}],"wp:attachment":[{"href":"https:\/\/calculs.univ-cotedazur.fr\/index.php?rest_route=%2Fwp%2Fv2%2Fmedia&parent=427"}],"curies":[{"name":"wp","href":"https:\/\/api.w.org\/{rel}","templated":true}]}}