{"id":518,"date":"2020-05-12T16:18:30","date_gmt":"2020-05-12T14:18:30","guid":{"rendered":"http:\/\/calculs.univ-cotedazur.fr\/?page_id=518"},"modified":"2025-04-16T15:10:39","modified_gmt":"2025-04-16T13:10:39","slug":"quote","status":"publish","type":"page","link":"https:\/\/calculs.univ-cotedazur.fr\/?page_id=518&lang=en","title":{"rendered":"Quote"},"content":{"rendered":"\n<p>Any publication using results obtained thanks to the allocated IT resources must refer to the Initiative d\u2019Excellence d\u2019Universit\u00e9 C\u00f4te d\u2019Azur, the Universit\u00e9 C\u00f4te d&rsquo;Azur Computing Center and <a rel=\"noreferrer noopener\" href=\"https:\/\/univ-cotedazur.eu\/services-for-research-scientists\/opal-computing-center\" data-type=\"URL\" data-id=\"https:\/\/univ-cotedazur.eu\/services-for-research-scientists\/opal-computing-center\" target=\"_blank\">OPAL<\/a>. Please use one of the quotes below.<\/p>\n\n\n\n<p id=\"tw-target-text\">A copy of each scientific publication must be deposited in the IDEX HAL-UCA collection by <a rel=\"noreferrer noopener\" href=\"https:\/\/hal.univ-cotedazur.fr\/page\/consignes-de-depot-pour-lidex\" target=\"_blank\">adding metadata in HAL<\/a>. This is part of the open science approach in which Universit\u00e9 C\u00f4te d&rsquo;Azur is committed, but should also make it possible to measure the impact of the Initiative d\u2019Excellence d\u2019Universit\u00e9 C\u00f4te d\u2019Azur at the request of the ANR in particular.<\/p>\n\n\n\n<p>We also ask you to enter your publication in <a rel=\"noreferrer noopener\" href=\"https:\/\/hal.archives-ouvertes.fr\/\" target=\"_blank\">HAL<\/a> with the keyword : <strong>OPAL-Meso<\/strong> (either in Mots-cl\u00e9s or Commentaires or R\u00e9f\u00e9rence interne) and send its HAL reference by e-mail to <strong>opal<\/strong> [dot] <strong>publications<\/strong> [at] <strong>listes <\/strong>[dot] <strong>univ-cotedazur <\/strong>[dot] <strong>fr<\/strong><\/p>\n\n\n\n<p>In the\nevent of non-compliance, access to the cluster may be withdrawn.<\/p>\n\n\n\n<h4><strong>Version fran\u00e7aise<\/strong><\/h4>\n\n\n\n<blockquote class=\"wp-block-quote is-style-default\"><p><em>Ce travail a b\u00e9n\u00e9fici\u00e9 d\u2019une aide du gouvernement fran\u00e7ais, g\u00e9r\u00e9e par l\u2019Agence Nationale de la Recherche au titre du Plan d\u2019investissement France 2030, dans le cadre de l\u2019Initiative d\u2019Excellence d\u2019Universit\u00e9 C\u00f4te d\u2019Azur portant la r\u00e9f\u00e9rence ANR-15-IDEX-01<em>, \u00e0 travers l&rsquo;acc\u00e8s aux moyens informatiques du Centre de calculs d&rsquo;Universit\u00e9 C\u00f4te d\u2019Azur (infrastructure OPAL).<\/em><\/em><\/p><\/blockquote>\n\n\n\n<h4>English version<\/h4>\n\n\n\n<blockquote class=\"wp-block-quote\"><p><em>This work was supported by the French government through the France 2030 investment plan managed by the National Research Agency (ANR), as part of the Initiative of Excellence Universit\u00e9 C\u00f4te d\u2019Azur under reference number ANR-15-IDEX-01.<em> The authors are grateful to the Universit\u00e9 C\u00f4te d\u2019Azur\u2019s Center for High-Performance Computing (OPAL infrastructure) for providing resources and support.<\/em><\/em><\/p><\/blockquote>\n","protected":false},"excerpt":{"rendered":"<p>Any publication using results obtained thanks to the allocated IT resources must refer to the Initiative d\u2019Excellence d\u2019Universit\u00e9 C\u00f4te d\u2019Azur, the Universit\u00e9 C\u00f4te d&rsquo;Azur Computing Center and OPAL. Please use one of the quotes below. A copy of each scientific &hellip; <\/p>\n","protected":false},"author":1,"featured_media":0,"parent":520,"menu_order":0,"comment_status":"closed","ping_status":"closed","template":"","meta":[],"_links":{"self":[{"href":"https:\/\/calculs.univ-cotedazur.fr\/index.php?rest_route=\/wp\/v2\/pages\/518"}],"collection":[{"href":"https:\/\/calculs.univ-cotedazur.fr\/index.php?rest_route=\/wp\/v2\/pages"}],"about":[{"href":"https:\/\/calculs.univ-cotedazur.fr\/index.php?rest_route=\/wp\/v2\/types\/page"}],"author":[{"embeddable":true,"href":"https:\/\/calculs.univ-cotedazur.fr\/index.php?rest_route=\/wp\/v2\/users\/1"}],"replies":[{"embeddable":true,"href":"https:\/\/calculs.univ-cotedazur.fr\/index.php?rest_route=%2Fwp%2Fv2%2Fcomments&post=518"}],"version-history":[{"count":12,"href":"https:\/\/calculs.univ-cotedazur.fr\/index.php?rest_route=\/wp\/v2\/pages\/518\/revisions"}],"predecessor-version":[{"id":2982,"href":"https:\/\/calculs.univ-cotedazur.fr\/index.php?rest_route=\/wp\/v2\/pages\/518\/revisions\/2982"}],"up":[{"embeddable":true,"href":"https:\/\/calculs.univ-cotedazur.fr\/index.php?rest_route=\/wp\/v2\/pages\/520"}],"wp:attachment":[{"href":"https:\/\/calculs.univ-cotedazur.fr\/index.php?rest_route=%2Fwp%2Fv2%2Fmedia&parent=518"}],"curies":[{"name":"wp","href":"https:\/\/api.w.org\/{rel}","templated":true}]}}