{"id":678,"date":"2020-06-09T15:20:23","date_gmt":"2020-06-09T13:20:23","guid":{"rendered":"http:\/\/calculs.univ-cotedazur.fr\/?page_id=678"},"modified":"2023-12-15T10:03:36","modified_gmt":"2023-12-15T09:03:36","slug":"mon-job-est-refuse-ou-mis-en-attente-par-slurm","status":"publish","type":"page","link":"https:\/\/calculs.univ-cotedazur.fr\/?page_id=678","title":{"rendered":"Mon job est mis en attente ou refus\u00e9 par Slurm"},"content":{"rendered":"\n<div id=\"ez-toc-container\" class=\"ez-toc-v2_0_11 counter-hierarchy counter-decimal ez-toc-grey\">\n<nav><ul class=\"ez-toc-list ez-toc-list-level-1\"><li class=\"ez-toc-page-1 ez-toc-heading-level-4\"><a class=\"ez-toc-link ez-toc-heading-1\" href=\"https:\/\/calculs.univ-cotedazur.fr\/?page_id=678#Mon_job_est_mis_en_attente_(%C2%AB_PD_%E2%80%93_Pending_%C2%BB_dans_Slurm)\" title=\"Mon job est mis en attente (\u00ab\u00a0PD &#8211; Pending\u00a0\u00bb dans Slurm)\">Mon job est mis en attente (\u00ab\u00a0PD &#8211; Pending\u00a0\u00bb dans Slurm)<\/a><\/li><li class=\"ez-toc-page-1 ez-toc-heading-level-4\"><a class=\"ez-toc-link ez-toc-heading-2\" href=\"https:\/\/calculs.univ-cotedazur.fr\/?page_id=678#Mon_job_est_refuse_par_Slurm\" title=\"Mon job est refus\u00e9 par Slurm\">Mon job est refus\u00e9 par Slurm<\/a><\/li><\/ul><\/nav><\/div>\n<h4><span class=\"ez-toc-section\" id=\"Mon_job_est_mis_en_attente_(%C2%AB_PD_%E2%80%93_Pending_%C2%BB_dans_Slurm)\"><\/span>Mon job est mis en attente (\u00ab\u00a0PD &#8211; Pending\u00a0\u00bb dans Slurm)<span class=\"ez-toc-section-end\"><\/span><\/h4>\n\n\n\n<p>Vous pouvez conna\u00eetre la date de d\u00e9but au plus tard de votre job avec la commande:<\/p>\n\n\n\n<pre class=\"wp-block-verse\">squeue --start<\/pre>\n\n\n\n<p>Votre job d\u00e9marrera peut-\u00eatre avant cette date car souvent les jobs en cours se terminent avant leur dur\u00e9e limite.<\/p>\n\n\n\n<p>Si la raison invoqu\u00e9e par Slurm est :<\/p>\n\n\n\n<p><strong>MaxCpuPerAccount<\/strong> : chaque file d&rsquo;attente d\u00e9finit des <a rel=\"noreferrer noopener\" aria-label=\"limitations sp\u00e9cifiques que vous pouvez consulter ici (s\u2019ouvre dans un nouvel onglet)\" href=\"https:\/\/calculs.univ-cotedazur.fr\/?page_id=66\" target=\"_blank\">limitations sp\u00e9cifiques que vous pouvez consulter ici<\/a>. Si les ressources demand\u00e9es par votre job feraient d\u00e9passer ces limites, votre job est mis en attente jusqu&rsquo;\u00e0 ce que d&rsquo;autres jobs de votre projet se terminent. <\/p>\n\n\n\n<p><strong>Resources<\/strong> : il n&rsquo;y a pas assez de ressources disponibles sur le cluster actuellement pour satisfaire votre demande en termes de ressources et \/ ou de dur\u00e9e du job.  <\/p>\n\n\n\n<p><strong>Priority<\/strong> : d&rsquo;autres jobs sont \u00e9galement en attente et sont plus prioritaires que le v\u00f4tre. <a href=\"https:\/\/calculs.univ-cotedazur.fr\/?page_id=853\">Cliquez ici pour lire les explications sur le syst\u00e8me de priorit\u00e9 mis en place pour les jobs en attente.<\/a> <\/p>\n\n\n\n<p><strong>Dependency<\/strong> : votre job d\u00e9pend d&rsquo;un \u00e9v\u00e8nement avant de pouvoir d\u00e9marrer. Typiquement, il a besoin qu&rsquo;un job se termine au pr\u00e9alable. Par exemple, vous avez utilis\u00e9 l&rsquo;option <em>dependency after<\/em> (<a rel=\"noreferrer noopener\" href=\"https:\/\/slurm.schedmd.com\/sbatch.html\" target=\"_blank\">voir les d\u00e9tails ici<\/a>) dans la d\u00e9finition de votre job. Ou votre job a besoin d&rsquo;une licence et celles \u00e0 disposition sont actuellement toutes utilis\u00e9es.<\/p>\n\n\n\n<h4><span class=\"ez-toc-section\" id=\"Mon_job_est_refuse_par_Slurm\"><\/span>Mon job est refus\u00e9 par Slurm<span class=\"ez-toc-section-end\"><\/span><\/h4>\n\n\n\n<p>De nombreuses raisons peuvent causer le refus de votre job par Slurm, parmi lesquelles :<\/p>\n\n\n\n<ul><li>Vous n&rsquo;avez pas sp\u00e9cifi\u00e9 le nom de votre projet avec l&rsquo;option account ou -A.<\/li><li>Les ressources \/ walltime demand\u00e9s d\u00e9passent les limitations pour la file d&rsquo;attente voulue. <a rel=\"noreferrer noopener\" aria-label=\"Voir ces limitations ici. (s\u2019ouvre dans un nouvel onglet)\" href=\"https:\/\/calculs.univ-cotedazur.fr\/?page_id=66\" target=\"_blank\">Voir ces limitations ici.<\/a><\/li><li>Vous demandez \u00e0 calculer sur la file smp ou gpu alors que cet acc\u00e8s n&rsquo;a pas \u00e9t\u00e9 attribu\u00e9 \u00e0 votre projet (cet acc\u00e8s n&rsquo;est autoris\u00e9 que sur demande).<\/li><li>Vous n&rsquo;\u00eates pas un chercheur permanent et la date de fin de votre  contrat d\u00e9finie dans votre exemplaire de charte utilisateur a \u00e9t\u00e9 atteinte. (Vous recevez des rappels un mois avant expiration et votre  responsable doit nous pr\u00e9venir si votre contrat est prolong\u00e9.) <\/li><li>Votre projet n&rsquo;a pas \u00e9t\u00e9 renouvel\u00e9. Chaque ann\u00e9e, le responsable du projet re\u00e7oit plusieurs rappels pour remplir <a rel=\"noreferrer noopener\" href=\"https:\/\/calculs.univ-cotedazur.fr\/?page_id=1056\" data-type=\"page\" data-id=\"1056\" target=\"_blank\">ce formulaire<\/a>. L&rsquo;acc\u00e8s est automatiquement suspendu au bout d&rsquo;un an si le formulaire n&rsquo;est pas rempli (error: <strong>QOSGrpCPUMinutesLimit<\/strong>).<\/li><\/ul>\n","protected":false},"excerpt":{"rendered":"<p>Mon job est mis en attente (\u00ab\u00a0PD &#8211; Pending\u00a0\u00bb dans Slurm) Vous pouvez conna\u00eetre la date de d\u00e9but au plus tard de votre job avec la commande: squeue &#8211;start Votre job d\u00e9marrera peut-\u00eatre avant cette date car souvent les jobs &hellip; <\/p>\n","protected":false},"author":1,"featured_media":0,"parent":140,"menu_order":0,"comment_status":"closed","ping_status":"closed","template":"","meta":[],"_links":{"self":[{"href":"https:\/\/calculs.univ-cotedazur.fr\/index.php?rest_route=\/wp\/v2\/pages\/678"}],"collection":[{"href":"https:\/\/calculs.univ-cotedazur.fr\/index.php?rest_route=\/wp\/v2\/pages"}],"about":[{"href":"https:\/\/calculs.univ-cotedazur.fr\/index.php?rest_route=\/wp\/v2\/types\/page"}],"author":[{"embeddable":true,"href":"https:\/\/calculs.univ-cotedazur.fr\/index.php?rest_route=\/wp\/v2\/users\/1"}],"replies":[{"embeddable":true,"href":"https:\/\/calculs.univ-cotedazur.fr\/index.php?rest_route=%2Fwp%2Fv2%2Fcomments&post=678"}],"version-history":[{"count":25,"href":"https:\/\/calculs.univ-cotedazur.fr\/index.php?rest_route=\/wp\/v2\/pages\/678\/revisions"}],"predecessor-version":[{"id":2651,"href":"https:\/\/calculs.univ-cotedazur.fr\/index.php?rest_route=\/wp\/v2\/pages\/678\/revisions\/2651"}],"up":[{"embeddable":true,"href":"https:\/\/calculs.univ-cotedazur.fr\/index.php?rest_route=\/wp\/v2\/pages\/140"}],"wp:attachment":[{"href":"https:\/\/calculs.univ-cotedazur.fr\/index.php?rest_route=%2Fwp%2Fv2%2Fmedia&parent=678"}],"curies":[{"name":"wp","href":"https:\/\/api.w.org\/{rel}","templated":true}]}}