{"id":689,"date":"2020-06-30T11:13:01","date_gmt":"2020-06-30T09:13:01","guid":{"rendered":"http:\/\/calculs.univ-cotedazur.fr\/?page_id=689"},"modified":"2025-11-12T11:47:54","modified_gmt":"2025-11-12T10:47:54","slug":"statistiques-dutilisation","status":"publish","type":"page","link":"https:\/\/calculs.univ-cotedazur.fr\/?page_id=689","title":{"rendered":"Statistiques d&rsquo;utilisation"},"content":{"rendered":"\n<p>Depuis la rentr\u00e9e 2025 sont disponibles chaque mois environ :<\/p>\n\n\n\n<ul><li>2 379 852 heures CPU<\/li><li>17 280 heures GPU<\/li><\/ul>\n\n\n\n<p><strong>Nombre d&rsquo;heures CPU utilis\u00e9es par mois<\/strong> :<\/p>\n\n\n<div id=\"visualizer-747-2073299064\"class=\"visualizer-front  visualizer-front-747\"><\/div><!-- Not showing structured data for chart 747 because title is empty -->\n\n\n<p><strong>Taux d&rsquo;occupation des CPUs :<\/strong><\/p>\n\n\n\n<div id=\"visualizer-2914-1170650291\"class=\"visualizer-front  visualizer-front-2914\"><\/div><!-- Not showing structured data for chart 2914 because title is empty -->\n\n\n\n<p><strong>Heures GPU utilis\u00e9es par mois :<\/strong><\/p>\n\n\n<div id=\"visualizer-3165-1114720555\"class=\"visualizer-front  visualizer-front-3165\"><\/div><!-- Not showing structured data for chart 3165 because title is empty -->\n\n\n\n<p><strong>Taux d&rsquo;occupation des GPUs :<\/strong><\/p>\n\n\n<div id=\"visualizer-2063-199437237\"class=\"visualizer-front  visualizer-front-2063\"><\/div><!-- Not showing structured data for chart 2063 because title is empty -->","protected":false},"excerpt":{"rendered":"<p>Depuis la rentr\u00e9e 2025 sont disponibles chaque mois environ : 2 379 852 heures CPU 17 280 heures GPU Nombre d&rsquo;heures CPU utilis\u00e9es par mois : Taux d&rsquo;occupation des CPUs : Heures GPU utilis\u00e9es par mois : Taux d&rsquo;occupation des &hellip; <\/p>\n","protected":false},"author":1,"featured_media":0,"parent":694,"menu_order":0,"comment_status":"closed","ping_status":"closed","template":"","meta":[],"_links":{"self":[{"href":"https:\/\/calculs.univ-cotedazur.fr\/index.php?rest_route=\/wp\/v2\/pages\/689"}],"collection":[{"href":"https:\/\/calculs.univ-cotedazur.fr\/index.php?rest_route=\/wp\/v2\/pages"}],"about":[{"href":"https:\/\/calculs.univ-cotedazur.fr\/index.php?rest_route=\/wp\/v2\/types\/page"}],"author":[{"embeddable":true,"href":"https:\/\/calculs.univ-cotedazur.fr\/index.php?rest_route=\/wp\/v2\/users\/1"}],"replies":[{"embeddable":true,"href":"https:\/\/calculs.univ-cotedazur.fr\/index.php?rest_route=%2Fwp%2Fv2%2Fcomments&post=689"}],"version-history":[{"count":40,"href":"https:\/\/calculs.univ-cotedazur.fr\/index.php?rest_route=\/wp\/v2\/pages\/689\/revisions"}],"predecessor-version":[{"id":3169,"href":"https:\/\/calculs.univ-cotedazur.fr\/index.php?rest_route=\/wp\/v2\/pages\/689\/revisions\/3169"}],"up":[{"embeddable":true,"href":"https:\/\/calculs.univ-cotedazur.fr\/index.php?rest_route=\/wp\/v2\/pages\/694"}],"wp:attachment":[{"href":"https:\/\/calculs.univ-cotedazur.fr\/index.php?rest_route=%2Fwp%2Fv2%2Fmedia&parent=689"}],"curies":[{"name":"wp","href":"https:\/\/api.w.org\/{rel}","templated":true}]}}