{"id":694,"date":"2020-06-30T11:23:34","date_gmt":"2020-06-30T09:23:34","guid":{"rendered":"http:\/\/calculs.univ-cotedazur.fr\/?page_id=694"},"modified":"2020-12-02T10:32:09","modified_gmt":"2020-12-02T09:32:09","slug":"le-cluster","status":"publish","type":"page","link":"https:\/\/calculs.univ-cotedazur.fr\/?page_id=694","title":{"rendered":"Le cluster"},"content":{"rendered":"\t\t<div data-elementor-type=\"wp-page\" data-elementor-id=\"694\" class=\"elementor elementor-694\" data-elementor-settings=\"[]\">\n\t\t\t<div class=\"elementor-inner\">\n\t\t\t\t<div class=\"elementor-section-wrap\">\n\t\t\t\t\t\t\t<section class=\"elementor-element elementor-element-f4ec230 elementor-section-boxed elementor-section-height-default elementor-section-height-default elementor-section elementor-top-section\" data-id=\"f4ec230\" data-element_type=\"section\">\n\t\t\t\t\t\t<div class=\"elementor-container elementor-column-gap-default\">\n\t\t\t\t<div class=\"elementor-row\">\n\t\t\t\t<div class=\"elementor-element elementor-element-0fea91a elementor-column elementor-col-100 elementor-top-column\" data-id=\"0fea91a\" data-element_type=\"column\">\n\t\t\t<div class=\"elementor-column-wrap  elementor-element-populated\">\n\t\t\t\t\t<div class=\"elementor-widget-wrap\">\n\t\t\t\t<div class=\"elementor-element elementor-element-98c5b91 elementor-widget elementor-widget-wp-widget-nav_menu\" data-id=\"98c5b91\" data-element_type=\"widget\" data-widget_type=\"wp-widget-nav_menu.default\">\n\t\t\t\t<div class=\"elementor-widget-container\">\n\t\t\t<div class=\"menu-le-cluster-container\"><ul id=\"menu-le-cluster\" class=\"menu\"><li id=\"menu-item-884\" class=\"menu-item menu-item-type-post_type menu-item-object-page menu-item-884\"><a href=\"https:\/\/calculs.univ-cotedazur.fr\/?page_id=882\">Pr\u00e9sentation g\u00e9n\u00e9rale<\/a><\/li>\n<li id=\"menu-item-696\" class=\"menu-item menu-item-type-post_type menu-item-object-page menu-item-696\"><a href=\"https:\/\/calculs.univ-cotedazur.fr\/?page_id=13\">Pr\u00e9sentation technique<\/a><\/li>\n<li id=\"menu-item-1937\" class=\"menu-item menu-item-type-post_type menu-item-object-page menu-item-1937\"><a href=\"https:\/\/calculs.univ-cotedazur.fr\/?page_id=1931\">Comit\u00e9 scientifique<\/a><\/li>\n<li id=\"menu-item-695\" class=\"menu-item menu-item-type-post_type menu-item-object-page menu-item-695\"><a href=\"https:\/\/calculs.univ-cotedazur.fr\/?page_id=689\">Statistiques d\u2019utilisation<\/a><\/li>\n<li id=\"menu-item-1175\" class=\"menu-item menu-item-type-post_type menu-item-object-page menu-item-1175\"><a href=\"https:\/\/calculs.univ-cotedazur.fr\/?page_id=1173\">D\u00e9couvrez des projets<\/a><\/li>\n<li id=\"menu-item-2429\" class=\"menu-item menu-item-type-post_type menu-item-object-page menu-item-2429\"><a href=\"https:\/\/calculs.univ-cotedazur.fr\/?page_id=2425\">Rapports d\u2019activit\u00e9<\/a><\/li>\n<li id=\"menu-item-2493\" class=\"menu-item menu-item-type-post_type menu-item-object-page menu-item-2493\"><a href=\"https:\/\/calculs.univ-cotedazur.fr\/?page_id=2482\">Publications<\/a><\/li>\n<\/ul><\/div>\t\t<\/div>\n\t\t\t\t<\/div>\n\t\t\t\t\t\t<\/div>\n\t\t\t<\/div>\n\t\t<\/div>\n\t\t\t\t\t\t<\/div>\n\t\t\t<\/div>\n\t\t<\/section>\n\t\t\t\t\t\t<\/div>\n\t\t\t<\/div>\n\t\t<\/div>\n\t\t","protected":false},"excerpt":{"rendered":"","protected":false},"author":1,"featured_media":0,"parent":0,"menu_order":0,"comment_status":"closed","ping_status":"closed","template":"","meta":[],"_links":{"self":[{"href":"https:\/\/calculs.univ-cotedazur.fr\/index.php?rest_route=\/wp\/v2\/pages\/694"}],"collection":[{"href":"https:\/\/calculs.univ-cotedazur.fr\/index.php?rest_route=\/wp\/v2\/pages"}],"about":[{"href":"https:\/\/calculs.univ-cotedazur.fr\/index.php?rest_route=\/wp\/v2\/types\/page"}],"author":[{"embeddable":true,"href":"https:\/\/calculs.univ-cotedazur.fr\/index.php?rest_route=\/wp\/v2\/users\/1"}],"replies":[{"embeddable":true,"href":"https:\/\/calculs.univ-cotedazur.fr\/index.php?rest_route=%2Fwp%2Fv2%2Fcomments&post=694"}],"version-history":[{"count":4,"href":"https:\/\/calculs.univ-cotedazur.fr\/index.php?rest_route=\/wp\/v2\/pages\/694\/revisions"}],"predecessor-version":[{"id":938,"href":"https:\/\/calculs.univ-cotedazur.fr\/index.php?rest_route=\/wp\/v2\/pages\/694\/revisions\/938"}],"wp:attachment":[{"href":"https:\/\/calculs.univ-cotedazur.fr\/index.php?rest_route=%2Fwp%2Fv2%2Fmedia&parent=694"}],"curies":[{"name":"wp","href":"https:\/\/api.w.org\/{rel}","templated":true}]}}