{"id":882,"date":"2020-12-01T16:25:43","date_gmt":"2020-12-01T15:25:43","guid":{"rendered":"http:\/\/calculs.univ-cotedazur.fr\/?page_id=882"},"modified":"2025-04-16T14:53:18","modified_gmt":"2025-04-16T12:53:18","slug":"presentation-generale","status":"publish","type":"page","link":"https:\/\/calculs.univ-cotedazur.fr\/?page_id=882","title":{"rendered":"Pr\u00e9sentation g\u00e9n\u00e9rale"},"content":{"rendered":"\n<p>Le nouveau cluster HPC d\u2019Universit\u00e9 C\u00f4te d\u2019Azur, baptis\u00e9&nbsp;<em>Azzurra<\/em>, a \u00e9t\u00e9 lanc\u00e9 d\u00e9but 2020. <a href=\"https:\/\/calculs.univ-cotedazur.fr\/?page_id=15\"><\/a><\/p>\n\n\n\n<p><em>Azzurra<\/em>&nbsp;a pour objectif de mettre \u00e0 disposition des laboratoires de recherche et des \u00e9tudiants de l&rsquo;ensemble de&nbsp;l&rsquo;Universit\u00e9 une plate-forme&nbsp;informatique de qualit\u00e9 et souple d&rsquo;acc\u00e8s offrant des performances de calcul&nbsp;intensif de haut niveau (CPU et GPU) et un espace de stockage ultra-performant.<\/p>\n\n\n\n<p>Nos ressources sont des ressources de calcul Universit\u00e9 C\u00f4te d\u2019Azur qui sont f\u00e9d\u00e9r\u00e9es au sein du projet <a rel=\"noreferrer noopener\" href=\"https:\/\/univ-cotedazur.eu\/services-for-research-scientists\/opal-computing-center\" target=\"_blank\">OPAL<\/a>.<\/p>\n\n\n\n<p>Le mat\u00e9riel est h\u00e9berg\u00e9 au sein du centre Inria d\u2019Universit\u00e9 C\u00f4te d\u2019Azur.<\/p>\n\n\n\n<p><em>Azzurra<\/em>, en tant que m\u00e9socentre, se positionne entre les machines de calcul de laboratoire ou d&rsquo;\u00e9quipes, et les centres nationaux (<a rel=\"noreferrer noopener\" href=\"http:\/\/www.genci.fr\/\" target=\"_blank\">GENCI<\/a>).<\/p>\n","protected":false},"excerpt":{"rendered":"<p>Le nouveau cluster HPC d\u2019Universit\u00e9 C\u00f4te d\u2019Azur, baptis\u00e9&nbsp;Azzurra, a \u00e9t\u00e9 lanc\u00e9 d\u00e9but 2020. Azzurra&nbsp;a pour objectif de mettre \u00e0 disposition des laboratoires de recherche et des \u00e9tudiants de l&rsquo;ensemble de&nbsp;l&rsquo;Universit\u00e9 une plate-forme&nbsp;informatique de qualit\u00e9 et souple d&rsquo;acc\u00e8s offrant des performances &hellip; <\/p>\n","protected":false},"author":1,"featured_media":0,"parent":694,"menu_order":0,"comment_status":"closed","ping_status":"closed","template":"","meta":[],"_links":{"self":[{"href":"https:\/\/calculs.univ-cotedazur.fr\/index.php?rest_route=\/wp\/v2\/pages\/882"}],"collection":[{"href":"https:\/\/calculs.univ-cotedazur.fr\/index.php?rest_route=\/wp\/v2\/pages"}],"about":[{"href":"https:\/\/calculs.univ-cotedazur.fr\/index.php?rest_route=\/wp\/v2\/types\/page"}],"author":[{"embeddable":true,"href":"https:\/\/calculs.univ-cotedazur.fr\/index.php?rest_route=\/wp\/v2\/users\/1"}],"replies":[{"embeddable":true,"href":"https:\/\/calculs.univ-cotedazur.fr\/index.php?rest_route=%2Fwp%2Fv2%2Fcomments&post=882"}],"version-history":[{"count":4,"href":"https:\/\/calculs.univ-cotedazur.fr\/index.php?rest_route=\/wp\/v2\/pages\/882\/revisions"}],"predecessor-version":[{"id":2963,"href":"https:\/\/calculs.univ-cotedazur.fr\/index.php?rest_route=\/wp\/v2\/pages\/882\/revisions\/2963"}],"up":[{"embeddable":true,"href":"https:\/\/calculs.univ-cotedazur.fr\/index.php?rest_route=\/wp\/v2\/pages\/694"}],"wp:attachment":[{"href":"https:\/\/calculs.univ-cotedazur.fr\/index.php?rest_route=%2Fwp%2Fv2%2Fmedia&parent=882"}],"curies":[{"name":"wp","href":"https:\/\/api.w.org\/{rel}","templated":true}]}}