{"id":944,"date":"2020-12-11T11:30:30","date_gmt":"2020-12-11T10:30:30","guid":{"rendered":"http:\/\/calculs.univ-cotedazur.fr\/?page_id=944"},"modified":"2022-05-09T10:22:01","modified_gmt":"2022-05-09T08:22:01","slug":"intel-parallel-studio","status":"publish","type":"page","link":"https:\/\/calculs.univ-cotedazur.fr\/?page_id=944","title":{"rendered":"Intel Parallel Studio"},"content":{"rendered":"\n<p>Nous disposons de 2 licences flottantes Intel Parallel Studio XE Cluster Edition 2020. Sont notamment inclus : les compilateurs C, C++, Fortran et les biblioth\u00e8ques MPI. <\/p>\n\n\n\n<p>Pour utiliser les commandes Intel, veuillez charger au pr\u00e9alable le module correspondant avec :<\/p>\n\n\n\n<pre class=\"wp-block-verse\">module load intel<\/pre>\n\n\n\n<p>Il est recommand\u00e9 d&rsquo;ex\u00e9cuter le code compil\u00e9 avec Intel Parallel Studio sur les n\u0153uds \u00e9quip\u00e9s de processeurs Intel. Pour cela, ajoutez la ligne suivante \u00e0 votre script :<\/p>\n\n\n\n<pre class=\"wp-block-verse\">#SBATCH --constraint=intel<\/pre>\n\n\n\n<p>Voir aussi : <a href=\"https:\/\/calculs.univ-cotedazur.fr\/?page_id=367#Intel_MPI\">utilisation de Intel MPI<\/a>.<\/p>\n","protected":false},"excerpt":{"rendered":"<p>Nous disposons de 2 licences flottantes Intel Parallel Studio XE Cluster Edition 2020. Sont notamment inclus : les compilateurs C, C++, Fortran et les biblioth\u00e8ques MPI. Pour utiliser les commandes Intel, veuillez charger au pr\u00e9alable le module correspondant avec : &hellip; <\/p>\n","protected":false},"author":1,"featured_media":0,"parent":140,"menu_order":0,"comment_status":"closed","ping_status":"closed","template":"","meta":[],"_links":{"self":[{"href":"https:\/\/calculs.univ-cotedazur.fr\/index.php?rest_route=\/wp\/v2\/pages\/944"}],"collection":[{"href":"https:\/\/calculs.univ-cotedazur.fr\/index.php?rest_route=\/wp\/v2\/pages"}],"about":[{"href":"https:\/\/calculs.univ-cotedazur.fr\/index.php?rest_route=\/wp\/v2\/types\/page"}],"author":[{"embeddable":true,"href":"https:\/\/calculs.univ-cotedazur.fr\/index.php?rest_route=\/wp\/v2\/users\/1"}],"replies":[{"embeddable":true,"href":"https:\/\/calculs.univ-cotedazur.fr\/index.php?rest_route=%2Fwp%2Fv2%2Fcomments&post=944"}],"version-history":[{"count":5,"href":"https:\/\/calculs.univ-cotedazur.fr\/index.php?rest_route=\/wp\/v2\/pages\/944\/revisions"}],"predecessor-version":[{"id":2074,"href":"https:\/\/calculs.univ-cotedazur.fr\/index.php?rest_route=\/wp\/v2\/pages\/944\/revisions\/2074"}],"up":[{"embeddable":true,"href":"https:\/\/calculs.univ-cotedazur.fr\/index.php?rest_route=\/wp\/v2\/pages\/140"}],"wp:attachment":[{"href":"https:\/\/calculs.univ-cotedazur.fr\/index.php?rest_route=%2Fwp%2Fv2%2Fmedia&parent=944"}],"curies":[{"name":"wp","href":"https:\/\/api.w.org\/{rel}","templated":true}]}}